{"id":18580,"date":"2019-04-08T20:17:44","date_gmt":"2019-04-08T20:17:44","guid":{"rendered":"https:\/\/messageinabottle.pt\/?page_id=18580"},"modified":"2023-08-28T17:07:41","modified_gmt":"2023-08-28T16:07:41","slug":"home","status":"publish","type":"page","link":"https:\/\/messageinabottle.pt\/en\/","title":{"rendered":"Home"},"content":{"rendered":"<p>At Message in a Bottle we believe that communication means dialogue. It is finding the right message for the correct target audience. To achieve that, we <a href=\"https:\/\/messageinabottle.pt\/servicos\/\">plan<\/a> very carefully, and meticulously think about the market and your business in order to ensure the audience receives a message that resonates with them.<\/p>","protected":false},"excerpt":{"rendered":"<p>For every company there is a tailor-made solution and for every product there is a market. We have the right specialists for the job.<\/p>\n","protected":false},"author":10,"featured_media":0,"parent":0,"menu_order":0,"comment_status":"closed","ping_status":"closed","template":"front-page.php","meta":{"_acf_changed":false,"footnotes":""},"acf":[],"yoast_head":"<!-- This site is optimized with the Yoast SEO plugin v22.5 - https:\/\/yoast.com\/wordpress\/plugins\/seo\/ -->\n<title>Message in a Bottle | Marketing and Communications Agency<\/title>\n<meta name=\"description\" content=\"A Message in a Bottle - For every company there is a tailor-made solution and for every product there is a market. We have the right specialists.\" \/>\n<meta name=\"robots\" content=\"index, follow, max-snippet:-1, max-image-preview:large, max-video-preview:-1\" \/>\n<link rel=\"canonical\" href=\"https:\/\/messageinabottle.pt\/\" \/>\n<meta property=\"og:locale\" content=\"en_US\" \/>\n<meta property=\"og:type\" content=\"article\" \/>\n<meta property=\"og:title\" content=\"[:pt]Message in a Bottle - Ag\u00eancia de Comunica\u00e7\u00e3o e Marketing[:en]Message in a Bottle | Marketing and Communications Agency[:]\" \/>\n<meta property=\"og:description\" content=\"{:pt}Message in a Bottle Ag\u00eancia de Comunica\u00e7\u00e3o e Marketing especializada em Lifestyle e Turismo, com uma equipa de Rela\u00e7\u00f5es P\u00fablicas.{:en}A Message in a Bottle - For every company there is a tailor-made solution and for every product there is a market. We have the right specialists.{:}\" \/>\n<meta property=\"og:url\" content=\"https:\/\/messageinabottle.pt\/\" \/>\n<meta property=\"og:site_name\" content=\"Message In a Bottle\" \/>\n<meta property=\"article:publisher\" content=\"https:\/\/www.facebook.com\/messageinbottle\" \/>\n<meta property=\"article:modified_time\" content=\"2023-08-28T16:07:41+00:00\" \/>\n<meta property=\"og:image\" content=\"https:\/\/messageinabottle.pt\/wp-content\/uploads\/2019\/06\/message-in-a-bottle-agencia-de-comunicacao-1.jpg\" \/>\n\t<meta property=\"og:image:width\" content=\"1158\" \/>\n\t<meta property=\"og:image:height\" content=\"606\" \/>\n\t<meta property=\"og:image:type\" content=\"image\/jpeg\" \/>\n<meta name=\"twitter:card\" content=\"summary_large_image\" \/>\n<meta name=\"twitter:site\" content=\"@MibLx\" \/>\n<meta name=\"twitter:label1\" content=\"Est. reading time\" \/>\n\t<meta name=\"twitter:data1\" content=\"1 minute\" \/>\n<script type=\"application\/ld+json\" class=\"yoast-schema-graph\">{\"@context\":\"https:\/\/schema.org\",\"@graph\":[{\"@type\":\"WebPage\",\"@id\":\"https:\/\/messageinabottle.pt\/\",\"url\":\"https:\/\/messageinabottle.pt\/\",\"name\":\"[:pt]Message in a Bottle - Ag\u00eancia de Comunica\u00e7\u00e3o e Marketing[:en]Message in a Bottle | Marketing and Communications Agency[:]\",\"isPartOf\":{\"@id\":\"https:\/\/messageinabottle.pt\/#website\"},\"datePublished\":\"2019-04-08T20:17:44+00:00\",\"dateModified\":\"2023-08-28T16:07:41+00:00\",\"description\":\"{:pt}Message in a Bottle Ag\u00eancia de Comunica\u00e7\u00e3o e Marketing especializada em Lifestyle e Turismo, com uma equipa de Rela\u00e7\u00f5es P\u00fablicas.{:en}A Message in a Bottle - For every company there is a tailor-made solution and for every product there is a market. We have the right specialists.{:}\",\"breadcrumb\":{\"@id\":\"https:\/\/messageinabottle.pt\/#breadcrumb\"},\"inLanguage\":\"en-US\",\"potentialAction\":[{\"@type\":\"ReadAction\",\"target\":[\"https:\/\/messageinabottle.pt\/\"]}]},{\"@type\":\"BreadcrumbList\",\"@id\":\"https:\/\/messageinabottle.pt\/#breadcrumb\",\"itemListElement\":[{\"@type\":\"ListItem\",\"position\":1,\"name\":\"Home\",\"item\":\"https:\/\/messageinabottle.pt\/\"},{\"@type\":\"ListItem\",\"position\":2,\"name\":\"Home\"}]},{\"@type\":\"WebSite\",\"@id\":\"https:\/\/messageinabottle.pt\/#website\",\"url\":\"https:\/\/messageinabottle.pt\/\",\"name\":\"Message In a Bottle\",\"description\":\"Ag\u00eancia de Comunica\u00e7\u00e3o e Marketing\",\"publisher\":{\"@id\":\"https:\/\/messageinabottle.pt\/#organization\"},\"potentialAction\":[{\"@type\":\"SearchAction\",\"target\":{\"@type\":\"EntryPoint\",\"urlTemplate\":\"https:\/\/messageinabottle.pt\/?s={search_term_string}\"},\"query-input\":\"required name=search_term_string\"}],\"inLanguage\":\"en-US\"},{\"@type\":\"Organization\",\"@id\":\"https:\/\/messageinabottle.pt\/#organization\",\"name\":\"Message in a Bottle | Ag\u00eancia de Comunica\u00e7\u00e3o e Marketing\",\"url\":\"https:\/\/messageinabottle.pt\/\",\"logo\":{\"@type\":\"ImageObject\",\"inLanguage\":\"en-US\",\"@id\":\"https:\/\/messageinabottle.pt\/#\/schema\/logo\/image\/\",\"url\":\"https:\/\/messageinabottle.pt\/wp-content\/uploads\/2019\/06\/mib-logo.png\",\"contentUrl\":\"https:\/\/messageinabottle.pt\/wp-content\/uploads\/2019\/06\/mib-logo.png\",\"width\":1721,\"height\":676,\"caption\":\"Message in a Bottle | Ag\u00eancia de Comunica\u00e7\u00e3o e Marketing\"},\"image\":{\"@id\":\"https:\/\/messageinabottle.pt\/#\/schema\/logo\/image\/\"},\"sameAs\":[\"https:\/\/www.facebook.com\/messageinbottle\",\"https:\/\/x.com\/MibLx\",\"https:\/\/www.instagram.com\/messageinabottle_agency\/\",\"https:\/\/www.linkedin.com\/company\/miab---message-in-a-bottle\",\"https:\/\/www.pinterest.pt\/mibconsulting\/\"]}]}<\/script>\n<!-- \/ Yoast SEO plugin. -->","yoast_head_json":{"title":"Message in a Bottle | Marketing and Communications Agency","description":"A Message in a Bottle - For every company there is a tailor-made solution and for every product there is a market. We have the right specialists.","robots":{"index":"index","follow":"follow","max-snippet":"max-snippet:-1","max-image-preview":"max-image-preview:large","max-video-preview":"max-video-preview:-1"},"canonical":"https:\/\/messageinabottle.pt\/","og_locale":"en_US","og_type":"article","og_title":"[:pt]Message in a Bottle - Ag\u00eancia de Comunica\u00e7\u00e3o e Marketing[:en]Message in a Bottle | Marketing and Communications Agency[:]","og_description":"{:pt}Message in a Bottle Ag\u00eancia de Comunica\u00e7\u00e3o e Marketing especializada em Lifestyle e Turismo, com uma equipa de Rela\u00e7\u00f5es P\u00fablicas.{:en}A Message in a Bottle - For every company there is a tailor-made solution and for every product there is a market. We have the right specialists.{:}","og_url":"https:\/\/messageinabottle.pt\/","og_site_name":"Message In a Bottle","article_publisher":"https:\/\/www.facebook.com\/messageinbottle","article_modified_time":"2023-08-28T16:07:41+00:00","og_image":[{"width":1158,"height":606,"url":"https:\/\/messageinabottle.pt\/wp-content\/uploads\/2019\/06\/message-in-a-bottle-agencia-de-comunicacao-1.jpg","type":"image\/jpeg"}],"twitter_card":"summary_large_image","twitter_site":"@MibLx","twitter_misc":{"Est. reading time":"1 minute"},"schema":{"@context":"https:\/\/schema.org","@graph":[{"@type":"WebPage","@id":"https:\/\/messageinabottle.pt\/","url":"https:\/\/messageinabottle.pt\/","name":"[:pt]Message in a Bottle - Ag\u00eancia de Comunica\u00e7\u00e3o e Marketing[:en]Message in a Bottle | Marketing and Communications Agency[:]","isPartOf":{"@id":"https:\/\/messageinabottle.pt\/#website"},"datePublished":"2019-04-08T20:17:44+00:00","dateModified":"2023-08-28T16:07:41+00:00","description":"{:pt}Message in a Bottle Ag\u00eancia de Comunica\u00e7\u00e3o e Marketing especializada em Lifestyle e Turismo, com uma equipa de Rela\u00e7\u00f5es P\u00fablicas.{:en}A Message in a Bottle - For every company there is a tailor-made solution and for every product there is a market. We have the right specialists.{:}","breadcrumb":{"@id":"https:\/\/messageinabottle.pt\/#breadcrumb"},"inLanguage":"en-US","potentialAction":[{"@type":"ReadAction","target":["https:\/\/messageinabottle.pt\/"]}]},{"@type":"BreadcrumbList","@id":"https:\/\/messageinabottle.pt\/#breadcrumb","itemListElement":[{"@type":"ListItem","position":1,"name":"Home","item":"https:\/\/messageinabottle.pt\/"},{"@type":"ListItem","position":2,"name":"Home"}]},{"@type":"WebSite","@id":"https:\/\/messageinabottle.pt\/#website","url":"https:\/\/messageinabottle.pt\/","name":"Message In a Bottle","description":"Ag\u00eancia de Comunica\u00e7\u00e3o e Marketing","publisher":{"@id":"https:\/\/messageinabottle.pt\/#organization"},"potentialAction":[{"@type":"SearchAction","target":{"@type":"EntryPoint","urlTemplate":"https:\/\/messageinabottle.pt\/?s={search_term_string}"},"query-input":"required name=search_term_string"}],"inLanguage":"en-US"},{"@type":"Organization","@id":"https:\/\/messageinabottle.pt\/#organization","name":"Message in a Bottle | Ag\u00eancia de Comunica\u00e7\u00e3o e Marketing","url":"https:\/\/messageinabottle.pt\/","logo":{"@type":"ImageObject","inLanguage":"en-US","@id":"https:\/\/messageinabottle.pt\/#\/schema\/logo\/image\/","url":"https:\/\/messageinabottle.pt\/wp-content\/uploads\/2019\/06\/mib-logo.png","contentUrl":"https:\/\/messageinabottle.pt\/wp-content\/uploads\/2019\/06\/mib-logo.png","width":1721,"height":676,"caption":"Message in a Bottle | Ag\u00eancia de Comunica\u00e7\u00e3o e Marketing"},"image":{"@id":"https:\/\/messageinabottle.pt\/#\/schema\/logo\/image\/"},"sameAs":["https:\/\/www.facebook.com\/messageinbottle","https:\/\/x.com\/MibLx","https:\/\/www.instagram.com\/messageinabottle_agency\/","https:\/\/www.linkedin.com\/company\/miab---message-in-a-bottle","https:\/\/www.pinterest.pt\/mibconsulting\/"]}]}},"_links":{"self":[{"href":"https:\/\/messageinabottle.pt\/en\/wp-json\/wp\/v2\/pages\/18580"}],"collection":[{"href":"https:\/\/messageinabottle.pt\/en\/wp-json\/wp\/v2\/pages"}],"about":[{"href":"https:\/\/messageinabottle.pt\/en\/wp-json\/wp\/v2\/types\/page"}],"author":[{"embeddable":true,"href":"https:\/\/messageinabottle.pt\/en\/wp-json\/wp\/v2\/users\/10"}],"replies":[{"embeddable":true,"href":"https:\/\/messageinabottle.pt\/en\/wp-json\/wp\/v2\/comments?post=18580"}],"version-history":[{"count":20,"href":"https:\/\/messageinabottle.pt\/en\/wp-json\/wp\/v2\/pages\/18580\/revisions"}],"predecessor-version":[{"id":20592,"href":"https:\/\/messageinabottle.pt\/en\/wp-json\/wp\/v2\/pages\/18580\/revisions\/20592"}],"wp:attachment":[{"href":"https:\/\/messageinabottle.pt\/en\/wp-json\/wp\/v2\/media?parent=18580"}],"curies":[{"name":"wp","href":"https:\/\/api.w.org\/{rel}","templated":true}]}}