{"id":18582,"date":"2019-04-08T20:22:21","date_gmt":"2019-04-08T20:22:21","guid":{"rendered":"https:\/\/messageinabottle.pt\/?page_id=18582"},"modified":"2021-03-03T12:19:13","modified_gmt":"2021-03-03T12:19:13","slug":"o-nosso-adn","status":"publish","type":"page","link":"https:\/\/messageinabottle.pt\/en\/o-nosso-adn\/","title":{"rendered":"Our DNA"},"content":{"rendered":"<p>Attention to change and quick reacting is part of our DNA! In the online world, we make our clients&#8217; brands dream with strategically planned content and breathtaking images that are relevant to their consumer community.<\/p>\n<p>But most of all, we thrive on a good story, a story capable of gaining notoriety in a world full of narratives. We create unique content, we look for angles that no one else has explored, we analyze opportunities, and we put all that commitment and creativity to work for our clients.<\/p>\n<p>At the end of the day, when we close the Agency door&#8230; we want to feel that we touched someone, that we made a difference, that we made someone else dream and believe, that we made <a href=\"https:\/\/messageinabottle.pt\/en\/clientes\/\">our clients<\/a>&#8216; brands gain digital relevance and create an impact on their consumers in such a way that they identify emotionally with their services and products.<\/p>","protected":false},"excerpt":{"rendered":"<p>Message in a Bottle was brought to live inspired in this idea of \u201cdestiny\u201d. Due to our quest to always look at things from a new perspective, we traveled, and specialized in the Hotel Business, Tourism and Lifestyle industry.<\/p>\n","protected":false},"author":10,"featured_media":18958,"parent":0,"menu_order":0,"comment_status":"closed","ping_status":"closed","template":"adn.php","meta":{"_acf_changed":false,"footnotes":""},"acf":[],"yoast_head":"<!-- This site is optimized with the Yoast SEO plugin v22.5 - https:\/\/yoast.com\/wordpress\/plugins\/seo\/ -->\n<title>O nosso ADN | Message in a Bottle Ag\u00eancia de Comunica\u00e7\u00e3o<\/title>\n<meta name=\"description\" content=\"O nosso ADN - O marketing \u00e9 a nossa verdadeira paix\u00e3o e temos uma rela\u00e7\u00e3o duradoura com a Comunica\u00e7\u00e3o. Como estetas, o design \u00e9 o cerne do que fazemos.\" \/>\n<meta name=\"robots\" content=\"index, follow, max-snippet:-1, max-image-preview:large, max-video-preview:-1\" \/>\n<link rel=\"canonical\" href=\"https:\/\/messageinabottle.pt\/o-nosso-adn\/\" \/>\n<meta property=\"og:locale\" content=\"en_US\" \/>\n<meta property=\"og:type\" content=\"article\" \/>\n<meta property=\"og:title\" content=\"O nosso ADN | Message in a Bottle Ag\u00eancia de Comunica\u00e7\u00e3o\" \/>\n<meta property=\"og:description\" content=\"O nosso ADN - O marketing \u00e9 a nossa verdadeira paix\u00e3o e temos uma rela\u00e7\u00e3o duradoura com a Comunica\u00e7\u00e3o. Como estetas, o design \u00e9 o cerne do que fazemos.\" \/>\n<meta property=\"og:url\" content=\"https:\/\/messageinabottle.pt\/o-nosso-adn\/\" \/>\n<meta property=\"og:site_name\" content=\"Message In a Bottle\" \/>\n<meta property=\"article:publisher\" content=\"https:\/\/www.facebook.com\/messageinbottle\" \/>\n<meta property=\"article:modified_time\" content=\"2021-03-03T12:19:13+00:00\" \/>\n<meta property=\"og:image\" content=\"https:\/\/messageinabottle.pt\/wp-content\/uploads\/2019\/04\/nosso-adn.jpg\" \/>\n\t<meta property=\"og:image:width\" content=\"1180\" \/>\n\t<meta property=\"og:image:height\" content=\"1206\" \/>\n\t<meta property=\"og:image:type\" content=\"image\/jpeg\" \/>\n<meta name=\"twitter:card\" content=\"summary_large_image\" \/>\n<meta name=\"twitter:site\" content=\"@MibLx\" \/>\n<meta name=\"twitter:label1\" content=\"Est. reading time\" \/>\n\t<meta name=\"twitter:data1\" content=\"2 minutes\" \/>\n<script type=\"application\/ld+json\" class=\"yoast-schema-graph\">{\"@context\":\"https:\/\/schema.org\",\"@graph\":[{\"@type\":\"WebPage\",\"@id\":\"https:\/\/messageinabottle.pt\/o-nosso-adn\/\",\"url\":\"https:\/\/messageinabottle.pt\/o-nosso-adn\/\",\"name\":\"O nosso ADN | Message in a Bottle Ag\u00eancia de Comunica\u00e7\u00e3o\",\"isPartOf\":{\"@id\":\"https:\/\/messageinabottle.pt\/#website\"},\"primaryImageOfPage\":{\"@id\":\"https:\/\/messageinabottle.pt\/o-nosso-adn\/#primaryimage\"},\"image\":{\"@id\":\"https:\/\/messageinabottle.pt\/o-nosso-adn\/#primaryimage\"},\"thumbnailUrl\":\"https:\/\/messageinabottle.pt\/wp-content\/uploads\/2019\/04\/nosso-adn.jpg\",\"datePublished\":\"2019-04-08T20:22:21+00:00\",\"dateModified\":\"2021-03-03T12:19:13+00:00\",\"description\":\"O nosso ADN - O marketing \u00e9 a nossa verdadeira paix\u00e3o e temos uma rela\u00e7\u00e3o duradoura com a Comunica\u00e7\u00e3o. Como estetas, o design \u00e9 o cerne do que fazemos.\",\"breadcrumb\":{\"@id\":\"https:\/\/messageinabottle.pt\/o-nosso-adn\/#breadcrumb\"},\"inLanguage\":\"en-US\",\"potentialAction\":[{\"@type\":\"ReadAction\",\"target\":[\"https:\/\/messageinabottle.pt\/o-nosso-adn\/\"]}]},{\"@type\":\"ImageObject\",\"inLanguage\":\"en-US\",\"@id\":\"https:\/\/messageinabottle.pt\/o-nosso-adn\/#primaryimage\",\"url\":\"https:\/\/messageinabottle.pt\/wp-content\/uploads\/2019\/04\/nosso-adn.jpg\",\"contentUrl\":\"https:\/\/messageinabottle.pt\/wp-content\/uploads\/2019\/04\/nosso-adn.jpg\",\"width\":1180,\"height\":1206,\"caption\":\"Somos de Portugal. Somos de Lisboa. Somos do mundo.\"},{\"@type\":\"BreadcrumbList\",\"@id\":\"https:\/\/messageinabottle.pt\/o-nosso-adn\/#breadcrumb\",\"itemListElement\":[{\"@type\":\"ListItem\",\"position\":1,\"name\":\"Home\",\"item\":\"https:\/\/messageinabottle.pt\/\"},{\"@type\":\"ListItem\",\"position\":2,\"name\":\"O nosso ADN\"}]},{\"@type\":\"WebSite\",\"@id\":\"https:\/\/messageinabottle.pt\/#website\",\"url\":\"https:\/\/messageinabottle.pt\/\",\"name\":\"Message In a Bottle\",\"description\":\"Ag\u00eancia de Comunica\u00e7\u00e3o e Marketing\",\"publisher\":{\"@id\":\"https:\/\/messageinabottle.pt\/#organization\"},\"potentialAction\":[{\"@type\":\"SearchAction\",\"target\":{\"@type\":\"EntryPoint\",\"urlTemplate\":\"https:\/\/messageinabottle.pt\/?s={search_term_string}\"},\"query-input\":\"required name=search_term_string\"}],\"inLanguage\":\"en-US\"},{\"@type\":\"Organization\",\"@id\":\"https:\/\/messageinabottle.pt\/#organization\",\"name\":\"Message in a Bottle | Ag\u00eancia de Comunica\u00e7\u00e3o e Marketing\",\"url\":\"https:\/\/messageinabottle.pt\/\",\"logo\":{\"@type\":\"ImageObject\",\"inLanguage\":\"en-US\",\"@id\":\"https:\/\/messageinabottle.pt\/#\/schema\/logo\/image\/\",\"url\":\"https:\/\/messageinabottle.pt\/wp-content\/uploads\/2019\/06\/mib-logo.png\",\"contentUrl\":\"https:\/\/messageinabottle.pt\/wp-content\/uploads\/2019\/06\/mib-logo.png\",\"width\":1721,\"height\":676,\"caption\":\"Message in a Bottle | Ag\u00eancia de Comunica\u00e7\u00e3o e Marketing\"},\"image\":{\"@id\":\"https:\/\/messageinabottle.pt\/#\/schema\/logo\/image\/\"},\"sameAs\":[\"https:\/\/www.facebook.com\/messageinbottle\",\"https:\/\/x.com\/MibLx\",\"https:\/\/www.instagram.com\/messageinabottle_agency\/\",\"https:\/\/www.linkedin.com\/company\/miab---message-in-a-bottle\",\"https:\/\/www.pinterest.pt\/mibconsulting\/\"]}]}<\/script>\n<!-- \/ Yoast SEO plugin. -->","yoast_head_json":{"title":"O nosso ADN | Message in a Bottle Ag\u00eancia de Comunica\u00e7\u00e3o","description":"O nosso ADN - O marketing \u00e9 a nossa verdadeira paix\u00e3o e temos uma rela\u00e7\u00e3o duradoura com a Comunica\u00e7\u00e3o. Como estetas, o design \u00e9 o cerne do que fazemos.","robots":{"index":"index","follow":"follow","max-snippet":"max-snippet:-1","max-image-preview":"max-image-preview:large","max-video-preview":"max-video-preview:-1"},"canonical":"https:\/\/messageinabottle.pt\/o-nosso-adn\/","og_locale":"en_US","og_type":"article","og_title":"O nosso ADN | Message in a Bottle Ag\u00eancia de Comunica\u00e7\u00e3o","og_description":"O nosso ADN - O marketing \u00e9 a nossa verdadeira paix\u00e3o e temos uma rela\u00e7\u00e3o duradoura com a Comunica\u00e7\u00e3o. Como estetas, o design \u00e9 o cerne do que fazemos.","og_url":"https:\/\/messageinabottle.pt\/o-nosso-adn\/","og_site_name":"Message In a Bottle","article_publisher":"https:\/\/www.facebook.com\/messageinbottle","article_modified_time":"2021-03-03T12:19:13+00:00","og_image":[{"width":1180,"height":1206,"url":"https:\/\/messageinabottle.pt\/wp-content\/uploads\/2019\/04\/nosso-adn.jpg","type":"image\/jpeg"}],"twitter_card":"summary_large_image","twitter_site":"@MibLx","twitter_misc":{"Est. reading time":"2 minutes"},"schema":{"@context":"https:\/\/schema.org","@graph":[{"@type":"WebPage","@id":"https:\/\/messageinabottle.pt\/o-nosso-adn\/","url":"https:\/\/messageinabottle.pt\/o-nosso-adn\/","name":"O nosso ADN | Message in a Bottle Ag\u00eancia de Comunica\u00e7\u00e3o","isPartOf":{"@id":"https:\/\/messageinabottle.pt\/#website"},"primaryImageOfPage":{"@id":"https:\/\/messageinabottle.pt\/o-nosso-adn\/#primaryimage"},"image":{"@id":"https:\/\/messageinabottle.pt\/o-nosso-adn\/#primaryimage"},"thumbnailUrl":"https:\/\/messageinabottle.pt\/wp-content\/uploads\/2019\/04\/nosso-adn.jpg","datePublished":"2019-04-08T20:22:21+00:00","dateModified":"2021-03-03T12:19:13+00:00","description":"O nosso ADN - O marketing \u00e9 a nossa verdadeira paix\u00e3o e temos uma rela\u00e7\u00e3o duradoura com a Comunica\u00e7\u00e3o. Como estetas, o design \u00e9 o cerne do que fazemos.","breadcrumb":{"@id":"https:\/\/messageinabottle.pt\/o-nosso-adn\/#breadcrumb"},"inLanguage":"en-US","potentialAction":[{"@type":"ReadAction","target":["https:\/\/messageinabottle.pt\/o-nosso-adn\/"]}]},{"@type":"ImageObject","inLanguage":"en-US","@id":"https:\/\/messageinabottle.pt\/o-nosso-adn\/#primaryimage","url":"https:\/\/messageinabottle.pt\/wp-content\/uploads\/2019\/04\/nosso-adn.jpg","contentUrl":"https:\/\/messageinabottle.pt\/wp-content\/uploads\/2019\/04\/nosso-adn.jpg","width":1180,"height":1206,"caption":"Somos de Portugal. Somos de Lisboa. Somos do mundo."},{"@type":"BreadcrumbList","@id":"https:\/\/messageinabottle.pt\/o-nosso-adn\/#breadcrumb","itemListElement":[{"@type":"ListItem","position":1,"name":"Home","item":"https:\/\/messageinabottle.pt\/"},{"@type":"ListItem","position":2,"name":"O nosso ADN"}]},{"@type":"WebSite","@id":"https:\/\/messageinabottle.pt\/#website","url":"https:\/\/messageinabottle.pt\/","name":"Message In a Bottle","description":"Ag\u00eancia de Comunica\u00e7\u00e3o e Marketing","publisher":{"@id":"https:\/\/messageinabottle.pt\/#organization"},"potentialAction":[{"@type":"SearchAction","target":{"@type":"EntryPoint","urlTemplate":"https:\/\/messageinabottle.pt\/?s={search_term_string}"},"query-input":"required name=search_term_string"}],"inLanguage":"en-US"},{"@type":"Organization","@id":"https:\/\/messageinabottle.pt\/#organization","name":"Message in a Bottle | Ag\u00eancia de Comunica\u00e7\u00e3o e Marketing","url":"https:\/\/messageinabottle.pt\/","logo":{"@type":"ImageObject","inLanguage":"en-US","@id":"https:\/\/messageinabottle.pt\/#\/schema\/logo\/image\/","url":"https:\/\/messageinabottle.pt\/wp-content\/uploads\/2019\/06\/mib-logo.png","contentUrl":"https:\/\/messageinabottle.pt\/wp-content\/uploads\/2019\/06\/mib-logo.png","width":1721,"height":676,"caption":"Message in a Bottle | Ag\u00eancia de Comunica\u00e7\u00e3o e Marketing"},"image":{"@id":"https:\/\/messageinabottle.pt\/#\/schema\/logo\/image\/"},"sameAs":["https:\/\/www.facebook.com\/messageinbottle","https:\/\/x.com\/MibLx","https:\/\/www.instagram.com\/messageinabottle_agency\/","https:\/\/www.linkedin.com\/company\/miab---message-in-a-bottle","https:\/\/www.pinterest.pt\/mibconsulting\/"]}]}},"_links":{"self":[{"href":"https:\/\/messageinabottle.pt\/en\/wp-json\/wp\/v2\/pages\/18582"}],"collection":[{"href":"https:\/\/messageinabottle.pt\/en\/wp-json\/wp\/v2\/pages"}],"about":[{"href":"https:\/\/messageinabottle.pt\/en\/wp-json\/wp\/v2\/types\/page"}],"author":[{"embeddable":true,"href":"https:\/\/messageinabottle.pt\/en\/wp-json\/wp\/v2\/users\/10"}],"replies":[{"embeddable":true,"href":"https:\/\/messageinabottle.pt\/en\/wp-json\/wp\/v2\/comments?post=18582"}],"version-history":[{"count":19,"href":"https:\/\/messageinabottle.pt\/en\/wp-json\/wp\/v2\/pages\/18582\/revisions"}],"predecessor-version":[{"id":19894,"href":"https:\/\/messageinabottle.pt\/en\/wp-json\/wp\/v2\/pages\/18582\/revisions\/19894"}],"wp:featuredmedia":[{"embeddable":true,"href":"https:\/\/messageinabottle.pt\/en\/wp-json\/wp\/v2\/media\/18958"}],"wp:attachment":[{"href":"https:\/\/messageinabottle.pt\/en\/wp-json\/wp\/v2\/media?parent=18582"}],"curies":[{"name":"wp","href":"https:\/\/api.w.org\/{rel}","templated":true}]}}