{"id":18588,"date":"2019-04-08T20:28:23","date_gmt":"2019-04-08T20:28:23","guid":{"rendered":"https:\/\/messageinabottle.pt\/?page_id=18588"},"modified":"2021-03-04T11:10:03","modified_gmt":"2021-03-04T11:10:03","slug":"clientes","status":"publish","type":"page","link":"https:\/\/messageinabottle.pt\/en\/clientes\/","title":{"rendered":"Clients"},"content":{"rendered":"<p>Our clients&#8217; <a href=\"https:\/\/messageinabottle.pt\/en\/projetos\/\">success<\/a> is our business!<\/p>","protected":false},"excerpt":{"rendered":"<p>Our clients&#8217; success is our business!<\/p>\n","protected":false},"author":10,"featured_media":18918,"parent":0,"menu_order":0,"comment_status":"closed","ping_status":"closed","template":"clientes.php","meta":{"_acf_changed":false,"footnotes":""},"acf":[],"yoast_head":"<!-- This site is optimized with the Yoast SEO plugin v22.5 - https:\/\/yoast.com\/wordpress\/plugins\/seo\/ -->\n<title>Clientes | Message in a Bottle - Ag\u00eancia de Marketing e Comunica\u00e7\u00e3o<\/title>\n<meta name=\"description\" content=\"Clientes Message in a Bottle. O sucesso dos nossos clientes \u00e9 o nosso neg\u00f3cio! Veja o nosso portf\u00f3lio com quem trabalhamos\" \/>\n<meta name=\"robots\" content=\"index, follow, max-snippet:-1, max-image-preview:large, max-video-preview:-1\" \/>\n<link rel=\"canonical\" href=\"https:\/\/messageinabottle.pt\/clientes\/\" \/>\n<meta property=\"og:locale\" content=\"en_US\" \/>\n<meta property=\"og:type\" content=\"article\" \/>\n<meta property=\"og:title\" content=\"Clientes | Message in a Bottle - Ag\u00eancia de Marketing e Comunica\u00e7\u00e3o\" \/>\n<meta property=\"og:description\" content=\"Clientes Message in a Bottle. O sucesso dos nossos clientes \u00e9 o nosso neg\u00f3cio! Veja o nosso portf\u00f3lio com quem trabalhamos\" \/>\n<meta property=\"og:url\" content=\"https:\/\/messageinabottle.pt\/clientes\/\" \/>\n<meta property=\"og:site_name\" content=\"Message In a Bottle\" \/>\n<meta property=\"article:publisher\" content=\"https:\/\/www.facebook.com\/messageinbottle\" \/>\n<meta property=\"article:modified_time\" content=\"2021-03-04T11:10:03+00:00\" \/>\n<meta property=\"og:image\" content=\"https:\/\/messageinabottle.pt\/wp-content\/uploads\/2019\/04\/clientes.jpg\" \/>\n\t<meta property=\"og:image:width\" content=\"1180\" \/>\n\t<meta property=\"og:image:height\" content=\"1206\" \/>\n\t<meta property=\"og:image:type\" content=\"image\/jpeg\" \/>\n<meta name=\"twitter:card\" content=\"summary_large_image\" \/>\n<meta name=\"twitter:site\" content=\"@MibLx\" \/>\n<script type=\"application\/ld+json\" class=\"yoast-schema-graph\">{\"@context\":\"https:\/\/schema.org\",\"@graph\":[{\"@type\":\"WebPage\",\"@id\":\"https:\/\/messageinabottle.pt\/clientes\/\",\"url\":\"https:\/\/messageinabottle.pt\/clientes\/\",\"name\":\"Clientes | Message in a Bottle - Ag\u00eancia de Marketing e Comunica\u00e7\u00e3o\",\"isPartOf\":{\"@id\":\"https:\/\/messageinabottle.pt\/#website\"},\"primaryImageOfPage\":{\"@id\":\"https:\/\/messageinabottle.pt\/clientes\/#primaryimage\"},\"image\":{\"@id\":\"https:\/\/messageinabottle.pt\/clientes\/#primaryimage\"},\"thumbnailUrl\":\"https:\/\/messageinabottle.pt\/wp-content\/uploads\/2019\/04\/clientes.jpg\",\"datePublished\":\"2019-04-08T20:28:23+00:00\",\"dateModified\":\"2021-03-04T11:10:03+00:00\",\"description\":\"Clientes Message in a Bottle. O sucesso dos nossos clientes \u00e9 o nosso neg\u00f3cio! Veja o nosso portf\u00f3lio com quem trabalhamos\",\"breadcrumb\":{\"@id\":\"https:\/\/messageinabottle.pt\/clientes\/#breadcrumb\"},\"inLanguage\":\"en-US\",\"potentialAction\":[{\"@type\":\"ReadAction\",\"target\":[\"https:\/\/messageinabottle.pt\/clientes\/\"]}]},{\"@type\":\"ImageObject\",\"inLanguage\":\"en-US\",\"@id\":\"https:\/\/messageinabottle.pt\/clientes\/#primaryimage\",\"url\":\"https:\/\/messageinabottle.pt\/wp-content\/uploads\/2019\/04\/clientes.jpg\",\"contentUrl\":\"https:\/\/messageinabottle.pt\/wp-content\/uploads\/2019\/04\/clientes.jpg\",\"width\":1180,\"height\":1206,\"caption\":\"Clientes Message in a Bottle\"},{\"@type\":\"BreadcrumbList\",\"@id\":\"https:\/\/messageinabottle.pt\/clientes\/#breadcrumb\",\"itemListElement\":[{\"@type\":\"ListItem\",\"position\":1,\"name\":\"Home\",\"item\":\"https:\/\/messageinabottle.pt\/\"},{\"@type\":\"ListItem\",\"position\":2,\"name\":\"Clientes\"}]},{\"@type\":\"WebSite\",\"@id\":\"https:\/\/messageinabottle.pt\/#website\",\"url\":\"https:\/\/messageinabottle.pt\/\",\"name\":\"Message In a Bottle\",\"description\":\"Ag\u00eancia de Comunica\u00e7\u00e3o e Marketing\",\"publisher\":{\"@id\":\"https:\/\/messageinabottle.pt\/#organization\"},\"potentialAction\":[{\"@type\":\"SearchAction\",\"target\":{\"@type\":\"EntryPoint\",\"urlTemplate\":\"https:\/\/messageinabottle.pt\/?s={search_term_string}\"},\"query-input\":\"required name=search_term_string\"}],\"inLanguage\":\"en-US\"},{\"@type\":\"Organization\",\"@id\":\"https:\/\/messageinabottle.pt\/#organization\",\"name\":\"Message in a Bottle | Ag\u00eancia de Comunica\u00e7\u00e3o e Marketing\",\"url\":\"https:\/\/messageinabottle.pt\/\",\"logo\":{\"@type\":\"ImageObject\",\"inLanguage\":\"en-US\",\"@id\":\"https:\/\/messageinabottle.pt\/#\/schema\/logo\/image\/\",\"url\":\"https:\/\/messageinabottle.pt\/wp-content\/uploads\/2019\/06\/mib-logo.png\",\"contentUrl\":\"https:\/\/messageinabottle.pt\/wp-content\/uploads\/2019\/06\/mib-logo.png\",\"width\":1721,\"height\":676,\"caption\":\"Message in a Bottle | Ag\u00eancia de Comunica\u00e7\u00e3o e Marketing\"},\"image\":{\"@id\":\"https:\/\/messageinabottle.pt\/#\/schema\/logo\/image\/\"},\"sameAs\":[\"https:\/\/www.facebook.com\/messageinbottle\",\"https:\/\/x.com\/MibLx\",\"https:\/\/www.instagram.com\/messageinabottle_agency\/\",\"https:\/\/www.linkedin.com\/company\/miab---message-in-a-bottle\",\"https:\/\/www.pinterest.pt\/mibconsulting\/\"]}]}<\/script>\n<!-- \/ Yoast SEO plugin. -->","yoast_head_json":{"title":"Clientes | Message in a Bottle - Ag\u00eancia de Marketing e Comunica\u00e7\u00e3o","description":"Clientes Message in a Bottle. O sucesso dos nossos clientes \u00e9 o nosso neg\u00f3cio! Veja o nosso portf\u00f3lio com quem trabalhamos","robots":{"index":"index","follow":"follow","max-snippet":"max-snippet:-1","max-image-preview":"max-image-preview:large","max-video-preview":"max-video-preview:-1"},"canonical":"https:\/\/messageinabottle.pt\/clientes\/","og_locale":"en_US","og_type":"article","og_title":"Clientes | Message in a Bottle - Ag\u00eancia de Marketing e Comunica\u00e7\u00e3o","og_description":"Clientes Message in a Bottle. O sucesso dos nossos clientes \u00e9 o nosso neg\u00f3cio! Veja o nosso portf\u00f3lio com quem trabalhamos","og_url":"https:\/\/messageinabottle.pt\/clientes\/","og_site_name":"Message In a Bottle","article_publisher":"https:\/\/www.facebook.com\/messageinbottle","article_modified_time":"2021-03-04T11:10:03+00:00","og_image":[{"width":1180,"height":1206,"url":"https:\/\/messageinabottle.pt\/wp-content\/uploads\/2019\/04\/clientes.jpg","type":"image\/jpeg"}],"twitter_card":"summary_large_image","twitter_site":"@MibLx","schema":{"@context":"https:\/\/schema.org","@graph":[{"@type":"WebPage","@id":"https:\/\/messageinabottle.pt\/clientes\/","url":"https:\/\/messageinabottle.pt\/clientes\/","name":"Clientes | Message in a Bottle - Ag\u00eancia de Marketing e Comunica\u00e7\u00e3o","isPartOf":{"@id":"https:\/\/messageinabottle.pt\/#website"},"primaryImageOfPage":{"@id":"https:\/\/messageinabottle.pt\/clientes\/#primaryimage"},"image":{"@id":"https:\/\/messageinabottle.pt\/clientes\/#primaryimage"},"thumbnailUrl":"https:\/\/messageinabottle.pt\/wp-content\/uploads\/2019\/04\/clientes.jpg","datePublished":"2019-04-08T20:28:23+00:00","dateModified":"2021-03-04T11:10:03+00:00","description":"Clientes Message in a Bottle. O sucesso dos nossos clientes \u00e9 o nosso neg\u00f3cio! Veja o nosso portf\u00f3lio com quem trabalhamos","breadcrumb":{"@id":"https:\/\/messageinabottle.pt\/clientes\/#breadcrumb"},"inLanguage":"en-US","potentialAction":[{"@type":"ReadAction","target":["https:\/\/messageinabottle.pt\/clientes\/"]}]},{"@type":"ImageObject","inLanguage":"en-US","@id":"https:\/\/messageinabottle.pt\/clientes\/#primaryimage","url":"https:\/\/messageinabottle.pt\/wp-content\/uploads\/2019\/04\/clientes.jpg","contentUrl":"https:\/\/messageinabottle.pt\/wp-content\/uploads\/2019\/04\/clientes.jpg","width":1180,"height":1206,"caption":"Clientes Message in a Bottle"},{"@type":"BreadcrumbList","@id":"https:\/\/messageinabottle.pt\/clientes\/#breadcrumb","itemListElement":[{"@type":"ListItem","position":1,"name":"Home","item":"https:\/\/messageinabottle.pt\/"},{"@type":"ListItem","position":2,"name":"Clientes"}]},{"@type":"WebSite","@id":"https:\/\/messageinabottle.pt\/#website","url":"https:\/\/messageinabottle.pt\/","name":"Message In a Bottle","description":"Ag\u00eancia de Comunica\u00e7\u00e3o e Marketing","publisher":{"@id":"https:\/\/messageinabottle.pt\/#organization"},"potentialAction":[{"@type":"SearchAction","target":{"@type":"EntryPoint","urlTemplate":"https:\/\/messageinabottle.pt\/?s={search_term_string}"},"query-input":"required name=search_term_string"}],"inLanguage":"en-US"},{"@type":"Organization","@id":"https:\/\/messageinabottle.pt\/#organization","name":"Message in a Bottle | Ag\u00eancia de Comunica\u00e7\u00e3o e Marketing","url":"https:\/\/messageinabottle.pt\/","logo":{"@type":"ImageObject","inLanguage":"en-US","@id":"https:\/\/messageinabottle.pt\/#\/schema\/logo\/image\/","url":"https:\/\/messageinabottle.pt\/wp-content\/uploads\/2019\/06\/mib-logo.png","contentUrl":"https:\/\/messageinabottle.pt\/wp-content\/uploads\/2019\/06\/mib-logo.png","width":1721,"height":676,"caption":"Message in a Bottle | Ag\u00eancia de Comunica\u00e7\u00e3o e Marketing"},"image":{"@id":"https:\/\/messageinabottle.pt\/#\/schema\/logo\/image\/"},"sameAs":["https:\/\/www.facebook.com\/messageinbottle","https:\/\/x.com\/MibLx","https:\/\/www.instagram.com\/messageinabottle_agency\/","https:\/\/www.linkedin.com\/company\/miab---message-in-a-bottle","https:\/\/www.pinterest.pt\/mibconsulting\/"]}]}},"_links":{"self":[{"href":"https:\/\/messageinabottle.pt\/en\/wp-json\/wp\/v2\/pages\/18588"}],"collection":[{"href":"https:\/\/messageinabottle.pt\/en\/wp-json\/wp\/v2\/pages"}],"about":[{"href":"https:\/\/messageinabottle.pt\/en\/wp-json\/wp\/v2\/types\/page"}],"author":[{"embeddable":true,"href":"https:\/\/messageinabottle.pt\/en\/wp-json\/wp\/v2\/users\/10"}],"replies":[{"embeddable":true,"href":"https:\/\/messageinabottle.pt\/en\/wp-json\/wp\/v2\/comments?post=18588"}],"version-history":[{"count":9,"href":"https:\/\/messageinabottle.pt\/en\/wp-json\/wp\/v2\/pages\/18588\/revisions"}],"predecessor-version":[{"id":19923,"href":"https:\/\/messageinabottle.pt\/en\/wp-json\/wp\/v2\/pages\/18588\/revisions\/19923"}],"wp:featuredmedia":[{"embeddable":true,"href":"https:\/\/messageinabottle.pt\/en\/wp-json\/wp\/v2\/media\/18918"}],"wp:attachment":[{"href":"https:\/\/messageinabottle.pt\/en\/wp-json\/wp\/v2\/media?parent=18588"}],"curies":[{"name":"wp","href":"https:\/\/api.w.org\/{rel}","templated":true}]}}