{"id":18590,"date":"2019-04-08T20:49:21","date_gmt":"2019-04-08T20:49:21","guid":{"rendered":"https:\/\/messageinabottle.pt\/?page_id=18590"},"modified":"2023-01-06T11:45:32","modified_gmt":"2023-01-06T11:45:32","slug":"contacts","status":"publish","type":"page","link":"https:\/\/messageinabottle.pt\/en\/contacts\/","title":{"rendered":"Contact"},"content":{"rendered":"<p>Our contacts:<\/p>\n<p><a href=\"https:\/\/messageinabottle.pt\/en\/\"><strong>Message in a Bottle<\/strong><\/a><br \/>\nRua Lu\u00eds de Cam\u00f5es, 133 \u2013 1\u00baA<br \/>\n1300-357 Lisbon<br \/>\nPortugal<\/p>\n<p>+351 211 328 865 (National landline call)<br \/>\n<a href=\"mailto:info@messageinabottle.pt\" target=\"_blank\" rel=\"noopener\">info@messageinabottle.pt<\/a><\/p>","protected":false},"excerpt":{"rendered":"<p>Our contacts: Message in a Bottle Rua Lu\u00eds de Cam\u00f5es, 133 \u2013 1\u00baA 1300-357 Lisbon Portugal +351 211 328 865 (National landline call) info@messageinabottle.pt<\/p>\n","protected":false},"author":10,"featured_media":0,"parent":0,"menu_order":0,"comment_status":"closed","ping_status":"closed","template":"contato.php","meta":{"_acf_changed":false,"footnotes":""},"acf":[],"yoast_head":"<!-- This site is optimized with the Yoast SEO plugin v22.5 - https:\/\/yoast.com\/wordpress\/plugins\/seo\/ -->\n<title>Contacts | Message In a Bottle - Marketing and Commuication Agency<\/title>\n<meta name=\"description\" content=\"Contacts Message in a Bottle - Rua Lu\u00eds de Cam\u00f5es 133, 1A, 1300-357 Lisboa, Portugal +351 211 328 865 info@messageinabottle.pt\" \/>\n<meta name=\"robots\" content=\"index, follow, max-snippet:-1, max-image-preview:large, max-video-preview:-1\" \/>\n<link rel=\"canonical\" href=\"https:\/\/messageinabottle.pt\/contacts\/\" \/>\n<meta property=\"og:locale\" content=\"en_US\" \/>\n<meta property=\"og:type\" content=\"article\" \/>\n<meta property=\"og:title\" content=\"[:pt]Contactos - Ag\u00eancia de comunica\u00e7\u00e3o - Message In a Bottle[:en]Contacts | Message In a Bottle - Marketing and Commuication Agency[:]\" \/>\n<meta property=\"og:description\" content=\"{:pt}Consulte aqui os nossos contactos - Rua Lu\u00eds de Cam\u00f5es 133, 1A, 1300-357 Lisboa, Portugal +351 211 328 865 info@messageinabottle.pt{:en}Contacts Message in a Bottle - Rua Lu\u00eds de Cam\u00f5es 133, 1A, 1300-357 Lisboa, Portugal +351 211 328 865 info@messageinabottle.pt{:}\" \/>\n<meta property=\"og:url\" content=\"https:\/\/messageinabottle.pt\/contacts\/\" \/>\n<meta property=\"og:site_name\" content=\"Message In a Bottle\" \/>\n<meta property=\"article:publisher\" content=\"https:\/\/www.facebook.com\/messageinbottle\" \/>\n<meta property=\"article:modified_time\" content=\"2023-01-06T11:45:32+00:00\" \/>\n<meta property=\"og:image\" content=\"https:\/\/messageinabottle.pt\/wp-content\/uploads\/2019\/06\/message-in-a-bottle-agencia-de-comunicacao-1.jpg\" \/>\n\t<meta property=\"og:image:width\" content=\"1158\" \/>\n\t<meta property=\"og:image:height\" content=\"606\" \/>\n\t<meta property=\"og:image:type\" content=\"image\/jpeg\" \/>\n<meta name=\"twitter:card\" content=\"summary_large_image\" \/>\n<meta name=\"twitter:site\" content=\"@MibLx\" \/>\n<meta name=\"twitter:label1\" content=\"Est. reading time\" \/>\n\t<meta name=\"twitter:data1\" content=\"1 minute\" \/>\n<script type=\"application\/ld+json\" class=\"yoast-schema-graph\">{\"@context\":\"https:\/\/schema.org\",\"@graph\":[{\"@type\":\"WebPage\",\"@id\":\"https:\/\/messageinabottle.pt\/contacts\/\",\"url\":\"https:\/\/messageinabottle.pt\/contacts\/\",\"name\":\"[:pt]Contactos - Ag\u00eancia de comunica\u00e7\u00e3o - Message In a Bottle[:en]Contacts | Message In a Bottle - Marketing and Commuication Agency[:]\",\"isPartOf\":{\"@id\":\"https:\/\/messageinabottle.pt\/#website\"},\"datePublished\":\"2019-04-08T20:49:21+00:00\",\"dateModified\":\"2023-01-06T11:45:32+00:00\",\"description\":\"{:pt}Consulte aqui os nossos contactos - Rua Lu\u00eds de Cam\u00f5es 133, 1A, 1300-357 Lisboa, Portugal +351 211 328 865 info@messageinabottle.pt{:en}Contacts Message in a Bottle - Rua Lu\u00eds de Cam\u00f5es 133, 1A, 1300-357 Lisboa, Portugal +351 211 328 865 info@messageinabottle.pt{:}\",\"breadcrumb\":{\"@id\":\"https:\/\/messageinabottle.pt\/contacts\/#breadcrumb\"},\"inLanguage\":\"en-US\",\"potentialAction\":[{\"@type\":\"ReadAction\",\"target\":[\"https:\/\/messageinabottle.pt\/contacts\/\"]}]},{\"@type\":\"BreadcrumbList\",\"@id\":\"https:\/\/messageinabottle.pt\/contacts\/#breadcrumb\",\"itemListElement\":[{\"@type\":\"ListItem\",\"position\":1,\"name\":\"Home\",\"item\":\"https:\/\/messageinabottle.pt\/\"},{\"@type\":\"ListItem\",\"position\":2,\"name\":\"Contactos\"}]},{\"@type\":\"WebSite\",\"@id\":\"https:\/\/messageinabottle.pt\/#website\",\"url\":\"https:\/\/messageinabottle.pt\/\",\"name\":\"Message In a Bottle\",\"description\":\"Ag\u00eancia de Comunica\u00e7\u00e3o e Marketing\",\"publisher\":{\"@id\":\"https:\/\/messageinabottle.pt\/#organization\"},\"potentialAction\":[{\"@type\":\"SearchAction\",\"target\":{\"@type\":\"EntryPoint\",\"urlTemplate\":\"https:\/\/messageinabottle.pt\/?s={search_term_string}\"},\"query-input\":\"required name=search_term_string\"}],\"inLanguage\":\"en-US\"},{\"@type\":\"Organization\",\"@id\":\"https:\/\/messageinabottle.pt\/#organization\",\"name\":\"Message in a Bottle | Ag\u00eancia de Comunica\u00e7\u00e3o e Marketing\",\"url\":\"https:\/\/messageinabottle.pt\/\",\"logo\":{\"@type\":\"ImageObject\",\"inLanguage\":\"en-US\",\"@id\":\"https:\/\/messageinabottle.pt\/#\/schema\/logo\/image\/\",\"url\":\"https:\/\/messageinabottle.pt\/wp-content\/uploads\/2019\/06\/mib-logo.png\",\"contentUrl\":\"https:\/\/messageinabottle.pt\/wp-content\/uploads\/2019\/06\/mib-logo.png\",\"width\":1721,\"height\":676,\"caption\":\"Message in a Bottle | Ag\u00eancia de Comunica\u00e7\u00e3o e Marketing\"},\"image\":{\"@id\":\"https:\/\/messageinabottle.pt\/#\/schema\/logo\/image\/\"},\"sameAs\":[\"https:\/\/www.facebook.com\/messageinbottle\",\"https:\/\/x.com\/MibLx\",\"https:\/\/www.instagram.com\/messageinabottle_agency\/\",\"https:\/\/www.linkedin.com\/company\/miab---message-in-a-bottle\",\"https:\/\/www.pinterest.pt\/mibconsulting\/\"]}]}<\/script>\n<!-- \/ Yoast SEO plugin. -->","yoast_head_json":{"title":"Contacts | Message In a Bottle - Marketing and Commuication Agency","description":"Contacts Message in a Bottle - Rua Lu\u00eds de Cam\u00f5es 133, 1A, 1300-357 Lisboa, Portugal +351 211 328 865 info@messageinabottle.pt","robots":{"index":"index","follow":"follow","max-snippet":"max-snippet:-1","max-image-preview":"max-image-preview:large","max-video-preview":"max-video-preview:-1"},"canonical":"https:\/\/messageinabottle.pt\/contacts\/","og_locale":"en_US","og_type":"article","og_title":"[:pt]Contactos - Ag\u00eancia de comunica\u00e7\u00e3o - Message In a Bottle[:en]Contacts | Message In a Bottle - Marketing and Commuication Agency[:]","og_description":"{:pt}Consulte aqui os nossos contactos - Rua Lu\u00eds de Cam\u00f5es 133, 1A, 1300-357 Lisboa, Portugal +351 211 328 865 info@messageinabottle.pt{:en}Contacts Message in a Bottle - Rua Lu\u00eds de Cam\u00f5es 133, 1A, 1300-357 Lisboa, Portugal +351 211 328 865 info@messageinabottle.pt{:}","og_url":"https:\/\/messageinabottle.pt\/contacts\/","og_site_name":"Message In a Bottle","article_publisher":"https:\/\/www.facebook.com\/messageinbottle","article_modified_time":"2023-01-06T11:45:32+00:00","og_image":[{"width":1158,"height":606,"url":"https:\/\/messageinabottle.pt\/wp-content\/uploads\/2019\/06\/message-in-a-bottle-agencia-de-comunicacao-1.jpg","type":"image\/jpeg"}],"twitter_card":"summary_large_image","twitter_site":"@MibLx","twitter_misc":{"Est. reading time":"1 minute"},"schema":{"@context":"https:\/\/schema.org","@graph":[{"@type":"WebPage","@id":"https:\/\/messageinabottle.pt\/contacts\/","url":"https:\/\/messageinabottle.pt\/contacts\/","name":"[:pt]Contactos - Ag\u00eancia de comunica\u00e7\u00e3o - Message In a Bottle[:en]Contacts | Message In a Bottle - Marketing and Commuication Agency[:]","isPartOf":{"@id":"https:\/\/messageinabottle.pt\/#website"},"datePublished":"2019-04-08T20:49:21+00:00","dateModified":"2023-01-06T11:45:32+00:00","description":"{:pt}Consulte aqui os nossos contactos - Rua Lu\u00eds de Cam\u00f5es 133, 1A, 1300-357 Lisboa, Portugal +351 211 328 865 info@messageinabottle.pt{:en}Contacts Message in a Bottle - Rua Lu\u00eds de Cam\u00f5es 133, 1A, 1300-357 Lisboa, Portugal +351 211 328 865 info@messageinabottle.pt{:}","breadcrumb":{"@id":"https:\/\/messageinabottle.pt\/contacts\/#breadcrumb"},"inLanguage":"en-US","potentialAction":[{"@type":"ReadAction","target":["https:\/\/messageinabottle.pt\/contacts\/"]}]},{"@type":"BreadcrumbList","@id":"https:\/\/messageinabottle.pt\/contacts\/#breadcrumb","itemListElement":[{"@type":"ListItem","position":1,"name":"Home","item":"https:\/\/messageinabottle.pt\/"},{"@type":"ListItem","position":2,"name":"Contactos"}]},{"@type":"WebSite","@id":"https:\/\/messageinabottle.pt\/#website","url":"https:\/\/messageinabottle.pt\/","name":"Message In a Bottle","description":"Ag\u00eancia de Comunica\u00e7\u00e3o e Marketing","publisher":{"@id":"https:\/\/messageinabottle.pt\/#organization"},"potentialAction":[{"@type":"SearchAction","target":{"@type":"EntryPoint","urlTemplate":"https:\/\/messageinabottle.pt\/?s={search_term_string}"},"query-input":"required name=search_term_string"}],"inLanguage":"en-US"},{"@type":"Organization","@id":"https:\/\/messageinabottle.pt\/#organization","name":"Message in a Bottle | Ag\u00eancia de Comunica\u00e7\u00e3o e Marketing","url":"https:\/\/messageinabottle.pt\/","logo":{"@type":"ImageObject","inLanguage":"en-US","@id":"https:\/\/messageinabottle.pt\/#\/schema\/logo\/image\/","url":"https:\/\/messageinabottle.pt\/wp-content\/uploads\/2019\/06\/mib-logo.png","contentUrl":"https:\/\/messageinabottle.pt\/wp-content\/uploads\/2019\/06\/mib-logo.png","width":1721,"height":676,"caption":"Message in a Bottle | Ag\u00eancia de Comunica\u00e7\u00e3o e Marketing"},"image":{"@id":"https:\/\/messageinabottle.pt\/#\/schema\/logo\/image\/"},"sameAs":["https:\/\/www.facebook.com\/messageinbottle","https:\/\/x.com\/MibLx","https:\/\/www.instagram.com\/messageinabottle_agency\/","https:\/\/www.linkedin.com\/company\/miab---message-in-a-bottle","https:\/\/www.pinterest.pt\/mibconsulting\/"]}]}},"_links":{"self":[{"href":"https:\/\/messageinabottle.pt\/en\/wp-json\/wp\/v2\/pages\/18590"}],"collection":[{"href":"https:\/\/messageinabottle.pt\/en\/wp-json\/wp\/v2\/pages"}],"about":[{"href":"https:\/\/messageinabottle.pt\/en\/wp-json\/wp\/v2\/types\/page"}],"author":[{"embeddable":true,"href":"https:\/\/messageinabottle.pt\/en\/wp-json\/wp\/v2\/users\/10"}],"replies":[{"embeddable":true,"href":"https:\/\/messageinabottle.pt\/en\/wp-json\/wp\/v2\/comments?post=18590"}],"version-history":[{"count":12,"href":"https:\/\/messageinabottle.pt\/en\/wp-json\/wp\/v2\/pages\/18590\/revisions"}],"predecessor-version":[{"id":20501,"href":"https:\/\/messageinabottle.pt\/en\/wp-json\/wp\/v2\/pages\/18590\/revisions\/20501"}],"wp:attachment":[{"href":"https:\/\/messageinabottle.pt\/en\/wp-json\/wp\/v2\/media?parent=18590"}],"curies":[{"name":"wp","href":"https:\/\/api.w.org\/{rel}","templated":true}]}}