{"id":18595,"date":"2019-04-15T18:25:18","date_gmt":"2019-04-15T21:25:18","guid":{"rendered":"https:\/\/messageinabottle.pt\/?page_id=18595"},"modified":"2021-05-14T19:05:45","modified_gmt":"2021-05-14T18:05:45","slug":"media-relations","status":"publish","type":"page","link":"https:\/\/messageinabottle.pt\/en\/servicos\/media-relations\/","title":{"rendered":"Media Relations"},"content":{"rendered":"<p>Media Relations &#8211; We build and define Press Advisory strategies based on each clients personal identities and according to the target audiences to be reached. By doing so, we have established strong and lasting relations with the press.<\/p>\n<p>In our Press Department, we provide Public Relations and Institutional Communication services, carrying out strategic and comprehensive communications. This way, we strengthen both the internal and the external communication of each organization, bringing the message of companies, brands, products or services to their target audience.<\/p>\n<p>Are you interested in bringing more recognition and a new image to your business? <a href=\"https:\/\/messageinabottle.pt\/en\/contactos\/\">Contact us<\/a>!<\/p>","protected":false},"excerpt":{"rendered":"<p>We put our clients on the spotlight! Through communication strategies, we define what contributes to the notoriety of your business with a positive presence in the media.<\/p>\n","protected":false},"author":10,"featured_media":18922,"parent":18584,"menu_order":1,"comment_status":"closed","ping_status":"closed","template":"servicos-single.php","meta":{"_acf_changed":false,"footnotes":""},"acf":[],"yoast_head":"<!-- This site is optimized with the Yoast SEO plugin v22.5 - https:\/\/yoast.com\/wordpress\/plugins\/seo\/ -->\n<title>Assessoria de Imprensa - Ag\u00eancia de Comunica\u00e7\u00e3o e Marketing - Message in a Bottle<\/title>\n<meta name=\"description\" content=\"Assessoria de Imprensa - Message in a Botle \u00e9 uma Ag\u00eancia de Comunica\u00e7\u00e3o e Marketing. Atrav\u00e9s de estrat\u00e9gias de comunica\u00e7\u00e3o, deixamos o seu neg\u00f3cio com uma presen\u00e7a positiva.\" \/>\n<meta name=\"robots\" content=\"index, follow, max-snippet:-1, max-image-preview:large, max-video-preview:-1\" \/>\n<link rel=\"canonical\" href=\"https:\/\/messageinabottle.pt\/servicos\/media-relations\/\" \/>\n<meta property=\"og:locale\" content=\"en_US\" \/>\n<meta property=\"og:type\" content=\"article\" \/>\n<meta property=\"og:title\" content=\"Assessoria de Imprensa - Ag\u00eancia de Comunica\u00e7\u00e3o e Marketing - Message in a Bottle\" \/>\n<meta property=\"og:description\" content=\"Assessoria de Imprensa - Message in a Botle \u00e9 uma Ag\u00eancia de Comunica\u00e7\u00e3o e Marketing. Atrav\u00e9s de estrat\u00e9gias de comunica\u00e7\u00e3o, deixamos o seu neg\u00f3cio com uma presen\u00e7a positiva.\" \/>\n<meta property=\"og:url\" content=\"https:\/\/messageinabottle.pt\/servicos\/media-relations\/\" \/>\n<meta property=\"og:site_name\" content=\"Message In a Bottle\" \/>\n<meta property=\"article:publisher\" content=\"https:\/\/www.facebook.com\/messageinbottle\" \/>\n<meta property=\"article:modified_time\" content=\"2021-05-14T18:05:45+00:00\" \/>\n<meta property=\"og:image\" content=\"https:\/\/messageinabottle.pt\/wp-content\/uploads\/2019\/04\/Assessoria.jpg\" \/>\n\t<meta property=\"og:image:width\" content=\"1206\" \/>\n\t<meta property=\"og:image:height\" content=\"804\" \/>\n\t<meta property=\"og:image:type\" content=\"image\/jpeg\" \/>\n<meta name=\"twitter:card\" content=\"summary_large_image\" \/>\n<meta name=\"twitter:site\" content=\"@MibLx\" \/>\n<meta name=\"twitter:label1\" content=\"Est. reading time\" \/>\n\t<meta name=\"twitter:data1\" content=\"1 minute\" \/>\n<script type=\"application\/ld+json\" class=\"yoast-schema-graph\">{\"@context\":\"https:\/\/schema.org\",\"@graph\":[{\"@type\":\"WebPage\",\"@id\":\"https:\/\/messageinabottle.pt\/servicos\/media-relations\/\",\"url\":\"https:\/\/messageinabottle.pt\/servicos\/media-relations\/\",\"name\":\"Assessoria de Imprensa - Ag\u00eancia de Comunica\u00e7\u00e3o e Marketing - Message in a Bottle\",\"isPartOf\":{\"@id\":\"https:\/\/messageinabottle.pt\/#website\"},\"primaryImageOfPage\":{\"@id\":\"https:\/\/messageinabottle.pt\/servicos\/media-relations\/#primaryimage\"},\"image\":{\"@id\":\"https:\/\/messageinabottle.pt\/servicos\/media-relations\/#primaryimage\"},\"thumbnailUrl\":\"https:\/\/messageinabottle.pt\/wp-content\/uploads\/2019\/04\/Assessoria.jpg\",\"datePublished\":\"2019-04-15T21:25:18+00:00\",\"dateModified\":\"2021-05-14T18:05:45+00:00\",\"description\":\"Assessoria de Imprensa - Message in a Botle \u00e9 uma Ag\u00eancia de Comunica\u00e7\u00e3o e Marketing. Atrav\u00e9s de estrat\u00e9gias de comunica\u00e7\u00e3o, deixamos o seu neg\u00f3cio com uma presen\u00e7a positiva.\",\"breadcrumb\":{\"@id\":\"https:\/\/messageinabottle.pt\/servicos\/media-relations\/#breadcrumb\"},\"inLanguage\":\"en-US\",\"potentialAction\":[{\"@type\":\"ReadAction\",\"target\":[\"https:\/\/messageinabottle.pt\/servicos\/media-relations\/\"]}]},{\"@type\":\"ImageObject\",\"inLanguage\":\"en-US\",\"@id\":\"https:\/\/messageinabottle.pt\/servicos\/media-relations\/#primaryimage\",\"url\":\"https:\/\/messageinabottle.pt\/wp-content\/uploads\/2019\/04\/Assessoria.jpg\",\"contentUrl\":\"https:\/\/messageinabottle.pt\/wp-content\/uploads\/2019\/04\/Assessoria.jpg\",\"width\":1206,\"height\":804,\"caption\":\"Fazemos dos clientes, not\u00edcia! Definimos estrat\u00e9gias de comunica\u00e7\u00e3o que contribuem para a notoriedade dos nossos clientes e presen\u00e7a positiva nos \u00f3rg\u00e3os de comunica\u00e7\u00e3o social.\"},{\"@type\":\"BreadcrumbList\",\"@id\":\"https:\/\/messageinabottle.pt\/servicos\/media-relations\/#breadcrumb\",\"itemListElement\":[{\"@type\":\"ListItem\",\"position\":1,\"name\":\"Home\",\"item\":\"https:\/\/messageinabottle.pt\/\"},{\"@type\":\"ListItem\",\"position\":2,\"name\":\"Servi\u00e7os\",\"item\":\"https:\/\/messageinabottle.pt\/servicos\/\"},{\"@type\":\"ListItem\",\"position\":3,\"name\":\"Assessoria de Imprensa\"}]},{\"@type\":\"WebSite\",\"@id\":\"https:\/\/messageinabottle.pt\/#website\",\"url\":\"https:\/\/messageinabottle.pt\/\",\"name\":\"Message In a Bottle\",\"description\":\"Ag\u00eancia de Comunica\u00e7\u00e3o e Marketing\",\"publisher\":{\"@id\":\"https:\/\/messageinabottle.pt\/#organization\"},\"potentialAction\":[{\"@type\":\"SearchAction\",\"target\":{\"@type\":\"EntryPoint\",\"urlTemplate\":\"https:\/\/messageinabottle.pt\/?s={search_term_string}\"},\"query-input\":\"required name=search_term_string\"}],\"inLanguage\":\"en-US\"},{\"@type\":\"Organization\",\"@id\":\"https:\/\/messageinabottle.pt\/#organization\",\"name\":\"Message in a Bottle | Ag\u00eancia de Comunica\u00e7\u00e3o e Marketing\",\"url\":\"https:\/\/messageinabottle.pt\/\",\"logo\":{\"@type\":\"ImageObject\",\"inLanguage\":\"en-US\",\"@id\":\"https:\/\/messageinabottle.pt\/#\/schema\/logo\/image\/\",\"url\":\"https:\/\/messageinabottle.pt\/wp-content\/uploads\/2019\/06\/mib-logo.png\",\"contentUrl\":\"https:\/\/messageinabottle.pt\/wp-content\/uploads\/2019\/06\/mib-logo.png\",\"width\":1721,\"height\":676,\"caption\":\"Message in a Bottle | Ag\u00eancia de Comunica\u00e7\u00e3o e Marketing\"},\"image\":{\"@id\":\"https:\/\/messageinabottle.pt\/#\/schema\/logo\/image\/\"},\"sameAs\":[\"https:\/\/www.facebook.com\/messageinbottle\",\"https:\/\/x.com\/MibLx\",\"https:\/\/www.instagram.com\/messageinabottle_agency\/\",\"https:\/\/www.linkedin.com\/company\/miab---message-in-a-bottle\",\"https:\/\/www.pinterest.pt\/mibconsulting\/\"]}]}<\/script>\n<!-- \/ Yoast SEO plugin. -->","yoast_head_json":{"title":"Assessoria de Imprensa - Ag\u00eancia de Comunica\u00e7\u00e3o e Marketing - Message in a Bottle","description":"Assessoria de Imprensa - Message in a Botle \u00e9 uma Ag\u00eancia de Comunica\u00e7\u00e3o e Marketing. Atrav\u00e9s de estrat\u00e9gias de comunica\u00e7\u00e3o, deixamos o seu neg\u00f3cio com uma presen\u00e7a positiva.","robots":{"index":"index","follow":"follow","max-snippet":"max-snippet:-1","max-image-preview":"max-image-preview:large","max-video-preview":"max-video-preview:-1"},"canonical":"https:\/\/messageinabottle.pt\/servicos\/media-relations\/","og_locale":"en_US","og_type":"article","og_title":"Assessoria de Imprensa - Ag\u00eancia de Comunica\u00e7\u00e3o e Marketing - Message in a Bottle","og_description":"Assessoria de Imprensa - Message in a Botle \u00e9 uma Ag\u00eancia de Comunica\u00e7\u00e3o e Marketing. Atrav\u00e9s de estrat\u00e9gias de comunica\u00e7\u00e3o, deixamos o seu neg\u00f3cio com uma presen\u00e7a positiva.","og_url":"https:\/\/messageinabottle.pt\/servicos\/media-relations\/","og_site_name":"Message In a Bottle","article_publisher":"https:\/\/www.facebook.com\/messageinbottle","article_modified_time":"2021-05-14T18:05:45+00:00","og_image":[{"width":1206,"height":804,"url":"https:\/\/messageinabottle.pt\/wp-content\/uploads\/2019\/04\/Assessoria.jpg","type":"image\/jpeg"}],"twitter_card":"summary_large_image","twitter_site":"@MibLx","twitter_misc":{"Est. reading time":"1 minute"},"schema":{"@context":"https:\/\/schema.org","@graph":[{"@type":"WebPage","@id":"https:\/\/messageinabottle.pt\/servicos\/media-relations\/","url":"https:\/\/messageinabottle.pt\/servicos\/media-relations\/","name":"Assessoria de Imprensa - Ag\u00eancia de Comunica\u00e7\u00e3o e Marketing - Message in a Bottle","isPartOf":{"@id":"https:\/\/messageinabottle.pt\/#website"},"primaryImageOfPage":{"@id":"https:\/\/messageinabottle.pt\/servicos\/media-relations\/#primaryimage"},"image":{"@id":"https:\/\/messageinabottle.pt\/servicos\/media-relations\/#primaryimage"},"thumbnailUrl":"https:\/\/messageinabottle.pt\/wp-content\/uploads\/2019\/04\/Assessoria.jpg","datePublished":"2019-04-15T21:25:18+00:00","dateModified":"2021-05-14T18:05:45+00:00","description":"Assessoria de Imprensa - Message in a Botle \u00e9 uma Ag\u00eancia de Comunica\u00e7\u00e3o e Marketing. Atrav\u00e9s de estrat\u00e9gias de comunica\u00e7\u00e3o, deixamos o seu neg\u00f3cio com uma presen\u00e7a positiva.","breadcrumb":{"@id":"https:\/\/messageinabottle.pt\/servicos\/media-relations\/#breadcrumb"},"inLanguage":"en-US","potentialAction":[{"@type":"ReadAction","target":["https:\/\/messageinabottle.pt\/servicos\/media-relations\/"]}]},{"@type":"ImageObject","inLanguage":"en-US","@id":"https:\/\/messageinabottle.pt\/servicos\/media-relations\/#primaryimage","url":"https:\/\/messageinabottle.pt\/wp-content\/uploads\/2019\/04\/Assessoria.jpg","contentUrl":"https:\/\/messageinabottle.pt\/wp-content\/uploads\/2019\/04\/Assessoria.jpg","width":1206,"height":804,"caption":"Fazemos dos clientes, not\u00edcia! Definimos estrat\u00e9gias de comunica\u00e7\u00e3o que contribuem para a notoriedade dos nossos clientes e presen\u00e7a positiva nos \u00f3rg\u00e3os de comunica\u00e7\u00e3o social."},{"@type":"BreadcrumbList","@id":"https:\/\/messageinabottle.pt\/servicos\/media-relations\/#breadcrumb","itemListElement":[{"@type":"ListItem","position":1,"name":"Home","item":"https:\/\/messageinabottle.pt\/"},{"@type":"ListItem","position":2,"name":"Servi\u00e7os","item":"https:\/\/messageinabottle.pt\/servicos\/"},{"@type":"ListItem","position":3,"name":"Assessoria de Imprensa"}]},{"@type":"WebSite","@id":"https:\/\/messageinabottle.pt\/#website","url":"https:\/\/messageinabottle.pt\/","name":"Message In a Bottle","description":"Ag\u00eancia de Comunica\u00e7\u00e3o e Marketing","publisher":{"@id":"https:\/\/messageinabottle.pt\/#organization"},"potentialAction":[{"@type":"SearchAction","target":{"@type":"EntryPoint","urlTemplate":"https:\/\/messageinabottle.pt\/?s={search_term_string}"},"query-input":"required name=search_term_string"}],"inLanguage":"en-US"},{"@type":"Organization","@id":"https:\/\/messageinabottle.pt\/#organization","name":"Message in a Bottle | Ag\u00eancia de Comunica\u00e7\u00e3o e Marketing","url":"https:\/\/messageinabottle.pt\/","logo":{"@type":"ImageObject","inLanguage":"en-US","@id":"https:\/\/messageinabottle.pt\/#\/schema\/logo\/image\/","url":"https:\/\/messageinabottle.pt\/wp-content\/uploads\/2019\/06\/mib-logo.png","contentUrl":"https:\/\/messageinabottle.pt\/wp-content\/uploads\/2019\/06\/mib-logo.png","width":1721,"height":676,"caption":"Message in a Bottle | Ag\u00eancia de Comunica\u00e7\u00e3o e Marketing"},"image":{"@id":"https:\/\/messageinabottle.pt\/#\/schema\/logo\/image\/"},"sameAs":["https:\/\/www.facebook.com\/messageinbottle","https:\/\/x.com\/MibLx","https:\/\/www.instagram.com\/messageinabottle_agency\/","https:\/\/www.linkedin.com\/company\/miab---message-in-a-bottle","https:\/\/www.pinterest.pt\/mibconsulting\/"]}]}},"_links":{"self":[{"href":"https:\/\/messageinabottle.pt\/en\/wp-json\/wp\/v2\/pages\/18595"}],"collection":[{"href":"https:\/\/messageinabottle.pt\/en\/wp-json\/wp\/v2\/pages"}],"about":[{"href":"https:\/\/messageinabottle.pt\/en\/wp-json\/wp\/v2\/types\/page"}],"author":[{"embeddable":true,"href":"https:\/\/messageinabottle.pt\/en\/wp-json\/wp\/v2\/users\/10"}],"replies":[{"embeddable":true,"href":"https:\/\/messageinabottle.pt\/en\/wp-json\/wp\/v2\/comments?post=18595"}],"version-history":[{"count":21,"href":"https:\/\/messageinabottle.pt\/en\/wp-json\/wp\/v2\/pages\/18595\/revisions"}],"predecessor-version":[{"id":20012,"href":"https:\/\/messageinabottle.pt\/en\/wp-json\/wp\/v2\/pages\/18595\/revisions\/20012"}],"up":[{"embeddable":true,"href":"https:\/\/messageinabottle.pt\/en\/wp-json\/wp\/v2\/pages\/18584"}],"wp:featuredmedia":[{"embeddable":true,"href":"https:\/\/messageinabottle.pt\/en\/wp-json\/wp\/v2\/media\/18922"}],"wp:attachment":[{"href":"https:\/\/messageinabottle.pt\/en\/wp-json\/wp\/v2\/media?parent=18595"}],"curies":[{"name":"wp","href":"https:\/\/api.w.org\/{rel}","templated":true}]}}