{"id":18597,"date":"2019-04-15T18:26:50","date_gmt":"2019-04-15T21:26:50","guid":{"rendered":"https:\/\/messageinabottle.pt\/?page_id=18597"},"modified":"2021-05-14T19:06:51","modified_gmt":"2021-05-14T18:06:51","slug":"social-media","status":"publish","type":"page","link":"https:\/\/messageinabottle.pt\/en\/servicos\/social-media\/","title":{"rendered":"Social Media"},"content":{"rendered":"<p>Social Media Services &#8211; We improve engagement, manage feedback and criticism, and tell the stories most relevant to each audience.<\/p>\n<p>Enhancing the engagement between brands and their customers is the basis of all our digital strategies, always through the sharing of stories or relevant information that may lead to decision making. We believe that the richest stories will always outperform in social media.<\/p>\n<p>We encourage the participation of all followers of Facebook and Instagram profiles through content capable of involving their followers, be it through impactful content or relevant information.<\/p>\n<p>Want to give more visibility to your brand? <a href=\"https:\/\/messageinabottle.pt\/en\/contactos\/\">Contact us<\/a>!<\/p>","protected":false},"excerpt":{"rendered":"<p>We communicate emotions, we catalyze interactions! We adopt content strategies that are capable of bringing brands closer to their customers, increasing their reputation in social networks.<\/p>\n","protected":false},"author":10,"featured_media":18973,"parent":18584,"menu_order":2,"comment_status":"closed","ping_status":"closed","template":"servicos-single.php","meta":{"_acf_changed":false,"footnotes":""},"acf":[],"yoast_head":"<!-- This site is optimized with the Yoast SEO plugin v22.5 - https:\/\/yoast.com\/wordpress\/plugins\/seo\/ -->\n<title>Social Media Services and Engagement | Message in a Bottle<\/title>\n<meta name=\"description\" content=\"Social Media Services - We communicate emotions, we enable interactions! We adopt content strategies that are capable of bringing brands closer to customers\" \/>\n<meta name=\"robots\" content=\"index, follow, max-snippet:-1, max-image-preview:large, max-video-preview:-1\" \/>\n<link rel=\"canonical\" href=\"https:\/\/messageinabottle.pt\/servicos\/social-media\/\" \/>\n<meta property=\"og:locale\" content=\"en_US\" \/>\n<meta property=\"og:type\" content=\"article\" \/>\n<meta property=\"og:title\" content=\"[:pt]Redes Sociais - Ag\u00eancia de Comunica\u00e7\u00e3o e Marketing - Message in a Bottle[:en]Social Media Services and Engagement | Message in a Bottle[:]\" \/>\n<meta property=\"og:description\" content=\"{:pt}Redes Sociais - Engagement \u00e9 a base para uma boa comunica\u00e7\u00e3o. A Message in a Bottle liga marcas a pessoas atrav\u00e9s da gest\u00e3o de comunidades.{:en}Social Media Services - We communicate emotions, we enable interactions! We adopt content strategies that are capable of bringing brands closer to customers{:}\" \/>\n<meta property=\"og:url\" content=\"https:\/\/messageinabottle.pt\/servicos\/social-media\/\" \/>\n<meta property=\"og:site_name\" content=\"Message In a Bottle\" \/>\n<meta property=\"article:publisher\" content=\"https:\/\/www.facebook.com\/messageinbottle\" \/>\n<meta property=\"article:modified_time\" content=\"2021-05-14T18:06:51+00:00\" \/>\n<meta property=\"og:image\" content=\"https:\/\/messageinabottle.pt\/wp-content\/uploads\/2019\/04\/SocialMedia.jpg\" \/>\n\t<meta property=\"og:image:width\" content=\"1206\" \/>\n\t<meta property=\"og:image:height\" content=\"804\" \/>\n\t<meta property=\"og:image:type\" content=\"image\/jpeg\" \/>\n<meta name=\"twitter:card\" content=\"summary_large_image\" \/>\n<meta name=\"twitter:site\" content=\"@MibLx\" \/>\n<meta name=\"twitter:label1\" content=\"Est. reading time\" \/>\n\t<meta name=\"twitter:data1\" content=\"1 minute\" \/>\n<script type=\"application\/ld+json\" class=\"yoast-schema-graph\">{\"@context\":\"https:\/\/schema.org\",\"@graph\":[{\"@type\":\"WebPage\",\"@id\":\"https:\/\/messageinabottle.pt\/servicos\/social-media\/\",\"url\":\"https:\/\/messageinabottle.pt\/servicos\/social-media\/\",\"name\":\"[:pt]Redes Sociais - Ag\u00eancia de Comunica\u00e7\u00e3o e Marketing - Message in a Bottle[:en]Social Media Services and Engagement | Message in a Bottle[:]\",\"isPartOf\":{\"@id\":\"https:\/\/messageinabottle.pt\/#website\"},\"primaryImageOfPage\":{\"@id\":\"https:\/\/messageinabottle.pt\/servicos\/social-media\/#primaryimage\"},\"image\":{\"@id\":\"https:\/\/messageinabottle.pt\/servicos\/social-media\/#primaryimage\"},\"thumbnailUrl\":\"https:\/\/messageinabottle.pt\/wp-content\/uploads\/2019\/04\/SocialMedia.jpg\",\"datePublished\":\"2019-04-15T21:26:50+00:00\",\"dateModified\":\"2021-05-14T18:06:51+00:00\",\"description\":\"{:pt}Redes Sociais - Engagement \u00e9 a base para uma boa comunica\u00e7\u00e3o. A Message in a Bottle liga marcas a pessoas atrav\u00e9s da gest\u00e3o de comunidades.{:en}Social Media Services - We communicate emotions, we enable interactions! We adopt content strategies that are capable of bringing brands closer to customers{:}\",\"breadcrumb\":{\"@id\":\"https:\/\/messageinabottle.pt\/servicos\/social-media\/#breadcrumb\"},\"inLanguage\":\"en-US\",\"potentialAction\":[{\"@type\":\"ReadAction\",\"target\":[\"https:\/\/messageinabottle.pt\/servicos\/social-media\/\"]}]},{\"@type\":\"ImageObject\",\"inLanguage\":\"en-US\",\"@id\":\"https:\/\/messageinabottle.pt\/servicos\/social-media\/#primaryimage\",\"url\":\"https:\/\/messageinabottle.pt\/wp-content\/uploads\/2019\/04\/SocialMedia.jpg\",\"contentUrl\":\"https:\/\/messageinabottle.pt\/wp-content\/uploads\/2019\/04\/SocialMedia.jpg\",\"width\":1206,\"height\":804,\"caption\":\"Comunicamos emo\u00e7\u00f5es, potenciamos intera\u00e7\u00f5es! Adotamos estrat\u00e9gias de conte\u00fados capazes de aproximar as marcas dos seus clientes, aumentando a sua reputa\u00e7\u00e3o nas redes sociais.\"},{\"@type\":\"BreadcrumbList\",\"@id\":\"https:\/\/messageinabottle.pt\/servicos\/social-media\/#breadcrumb\",\"itemListElement\":[{\"@type\":\"ListItem\",\"position\":1,\"name\":\"Home\",\"item\":\"https:\/\/messageinabottle.pt\/\"},{\"@type\":\"ListItem\",\"position\":2,\"name\":\"Servi\u00e7os\",\"item\":\"https:\/\/messageinabottle.pt\/servicos\/\"},{\"@type\":\"ListItem\",\"position\":3,\"name\":\"Redes Sociais\"}]},{\"@type\":\"WebSite\",\"@id\":\"https:\/\/messageinabottle.pt\/#website\",\"url\":\"https:\/\/messageinabottle.pt\/\",\"name\":\"Message In a Bottle\",\"description\":\"Ag\u00eancia de Comunica\u00e7\u00e3o e Marketing\",\"publisher\":{\"@id\":\"https:\/\/messageinabottle.pt\/#organization\"},\"potentialAction\":[{\"@type\":\"SearchAction\",\"target\":{\"@type\":\"EntryPoint\",\"urlTemplate\":\"https:\/\/messageinabottle.pt\/?s={search_term_string}\"},\"query-input\":\"required name=search_term_string\"}],\"inLanguage\":\"en-US\"},{\"@type\":\"Organization\",\"@id\":\"https:\/\/messageinabottle.pt\/#organization\",\"name\":\"Message in a Bottle | Ag\u00eancia de Comunica\u00e7\u00e3o e Marketing\",\"url\":\"https:\/\/messageinabottle.pt\/\",\"logo\":{\"@type\":\"ImageObject\",\"inLanguage\":\"en-US\",\"@id\":\"https:\/\/messageinabottle.pt\/#\/schema\/logo\/image\/\",\"url\":\"https:\/\/messageinabottle.pt\/wp-content\/uploads\/2019\/06\/mib-logo.png\",\"contentUrl\":\"https:\/\/messageinabottle.pt\/wp-content\/uploads\/2019\/06\/mib-logo.png\",\"width\":1721,\"height\":676,\"caption\":\"Message in a Bottle | Ag\u00eancia de Comunica\u00e7\u00e3o e Marketing\"},\"image\":{\"@id\":\"https:\/\/messageinabottle.pt\/#\/schema\/logo\/image\/\"},\"sameAs\":[\"https:\/\/www.facebook.com\/messageinbottle\",\"https:\/\/x.com\/MibLx\",\"https:\/\/www.instagram.com\/messageinabottle_agency\/\",\"https:\/\/www.linkedin.com\/company\/miab---message-in-a-bottle\",\"https:\/\/www.pinterest.pt\/mibconsulting\/\"]}]}<\/script>\n<!-- \/ Yoast SEO plugin. -->","yoast_head_json":{"title":"Social Media Services and Engagement | Message in a Bottle","description":"Social Media Services - We communicate emotions, we enable interactions! We adopt content strategies that are capable of bringing brands closer to customers","robots":{"index":"index","follow":"follow","max-snippet":"max-snippet:-1","max-image-preview":"max-image-preview:large","max-video-preview":"max-video-preview:-1"},"canonical":"https:\/\/messageinabottle.pt\/servicos\/social-media\/","og_locale":"en_US","og_type":"article","og_title":"[:pt]Redes Sociais - Ag\u00eancia de Comunica\u00e7\u00e3o e Marketing - Message in a Bottle[:en]Social Media Services and Engagement | Message in a Bottle[:]","og_description":"{:pt}Redes Sociais - Engagement \u00e9 a base para uma boa comunica\u00e7\u00e3o. A Message in a Bottle liga marcas a pessoas atrav\u00e9s da gest\u00e3o de comunidades.{:en}Social Media Services - We communicate emotions, we enable interactions! We adopt content strategies that are capable of bringing brands closer to customers{:}","og_url":"https:\/\/messageinabottle.pt\/servicos\/social-media\/","og_site_name":"Message In a Bottle","article_publisher":"https:\/\/www.facebook.com\/messageinbottle","article_modified_time":"2021-05-14T18:06:51+00:00","og_image":[{"width":1206,"height":804,"url":"https:\/\/messageinabottle.pt\/wp-content\/uploads\/2019\/04\/SocialMedia.jpg","type":"image\/jpeg"}],"twitter_card":"summary_large_image","twitter_site":"@MibLx","twitter_misc":{"Est. reading time":"1 minute"},"schema":{"@context":"https:\/\/schema.org","@graph":[{"@type":"WebPage","@id":"https:\/\/messageinabottle.pt\/servicos\/social-media\/","url":"https:\/\/messageinabottle.pt\/servicos\/social-media\/","name":"[:pt]Redes Sociais - Ag\u00eancia de Comunica\u00e7\u00e3o e Marketing - Message in a Bottle[:en]Social Media Services and Engagement | Message in a Bottle[:]","isPartOf":{"@id":"https:\/\/messageinabottle.pt\/#website"},"primaryImageOfPage":{"@id":"https:\/\/messageinabottle.pt\/servicos\/social-media\/#primaryimage"},"image":{"@id":"https:\/\/messageinabottle.pt\/servicos\/social-media\/#primaryimage"},"thumbnailUrl":"https:\/\/messageinabottle.pt\/wp-content\/uploads\/2019\/04\/SocialMedia.jpg","datePublished":"2019-04-15T21:26:50+00:00","dateModified":"2021-05-14T18:06:51+00:00","description":"{:pt}Redes Sociais - Engagement \u00e9 a base para uma boa comunica\u00e7\u00e3o. A Message in a Bottle liga marcas a pessoas atrav\u00e9s da gest\u00e3o de comunidades.{:en}Social Media Services - We communicate emotions, we enable interactions! We adopt content strategies that are capable of bringing brands closer to customers{:}","breadcrumb":{"@id":"https:\/\/messageinabottle.pt\/servicos\/social-media\/#breadcrumb"},"inLanguage":"en-US","potentialAction":[{"@type":"ReadAction","target":["https:\/\/messageinabottle.pt\/servicos\/social-media\/"]}]},{"@type":"ImageObject","inLanguage":"en-US","@id":"https:\/\/messageinabottle.pt\/servicos\/social-media\/#primaryimage","url":"https:\/\/messageinabottle.pt\/wp-content\/uploads\/2019\/04\/SocialMedia.jpg","contentUrl":"https:\/\/messageinabottle.pt\/wp-content\/uploads\/2019\/04\/SocialMedia.jpg","width":1206,"height":804,"caption":"Comunicamos emo\u00e7\u00f5es, potenciamos intera\u00e7\u00f5es! Adotamos estrat\u00e9gias de conte\u00fados capazes de aproximar as marcas dos seus clientes, aumentando a sua reputa\u00e7\u00e3o nas redes sociais."},{"@type":"BreadcrumbList","@id":"https:\/\/messageinabottle.pt\/servicos\/social-media\/#breadcrumb","itemListElement":[{"@type":"ListItem","position":1,"name":"Home","item":"https:\/\/messageinabottle.pt\/"},{"@type":"ListItem","position":2,"name":"Servi\u00e7os","item":"https:\/\/messageinabottle.pt\/servicos\/"},{"@type":"ListItem","position":3,"name":"Redes Sociais"}]},{"@type":"WebSite","@id":"https:\/\/messageinabottle.pt\/#website","url":"https:\/\/messageinabottle.pt\/","name":"Message In a Bottle","description":"Ag\u00eancia de Comunica\u00e7\u00e3o e Marketing","publisher":{"@id":"https:\/\/messageinabottle.pt\/#organization"},"potentialAction":[{"@type":"SearchAction","target":{"@type":"EntryPoint","urlTemplate":"https:\/\/messageinabottle.pt\/?s={search_term_string}"},"query-input":"required name=search_term_string"}],"inLanguage":"en-US"},{"@type":"Organization","@id":"https:\/\/messageinabottle.pt\/#organization","name":"Message in a Bottle | Ag\u00eancia de Comunica\u00e7\u00e3o e Marketing","url":"https:\/\/messageinabottle.pt\/","logo":{"@type":"ImageObject","inLanguage":"en-US","@id":"https:\/\/messageinabottle.pt\/#\/schema\/logo\/image\/","url":"https:\/\/messageinabottle.pt\/wp-content\/uploads\/2019\/06\/mib-logo.png","contentUrl":"https:\/\/messageinabottle.pt\/wp-content\/uploads\/2019\/06\/mib-logo.png","width":1721,"height":676,"caption":"Message in a Bottle | Ag\u00eancia de Comunica\u00e7\u00e3o e Marketing"},"image":{"@id":"https:\/\/messageinabottle.pt\/#\/schema\/logo\/image\/"},"sameAs":["https:\/\/www.facebook.com\/messageinbottle","https:\/\/x.com\/MibLx","https:\/\/www.instagram.com\/messageinabottle_agency\/","https:\/\/www.linkedin.com\/company\/miab---message-in-a-bottle","https:\/\/www.pinterest.pt\/mibconsulting\/"]}]}},"_links":{"self":[{"href":"https:\/\/messageinabottle.pt\/en\/wp-json\/wp\/v2\/pages\/18597"}],"collection":[{"href":"https:\/\/messageinabottle.pt\/en\/wp-json\/wp\/v2\/pages"}],"about":[{"href":"https:\/\/messageinabottle.pt\/en\/wp-json\/wp\/v2\/types\/page"}],"author":[{"embeddable":true,"href":"https:\/\/messageinabottle.pt\/en\/wp-json\/wp\/v2\/users\/10"}],"replies":[{"embeddable":true,"href":"https:\/\/messageinabottle.pt\/en\/wp-json\/wp\/v2\/comments?post=18597"}],"version-history":[{"count":6,"href":"https:\/\/messageinabottle.pt\/en\/wp-json\/wp\/v2\/pages\/18597\/revisions"}],"predecessor-version":[{"id":19907,"href":"https:\/\/messageinabottle.pt\/en\/wp-json\/wp\/v2\/pages\/18597\/revisions\/19907"}],"up":[{"embeddable":true,"href":"https:\/\/messageinabottle.pt\/en\/wp-json\/wp\/v2\/pages\/18584"}],"wp:featuredmedia":[{"embeddable":true,"href":"https:\/\/messageinabottle.pt\/en\/wp-json\/wp\/v2\/media\/18973"}],"wp:attachment":[{"href":"https:\/\/messageinabottle.pt\/en\/wp-json\/wp\/v2\/media?parent=18597"}],"curies":[{"name":"wp","href":"https:\/\/api.w.org\/{rel}","templated":true}]}}