{"id":18599,"date":"2019-04-15T18:28:52","date_gmt":"2019-04-15T21:28:52","guid":{"rendered":"https:\/\/messageinabottle.pt\/?page_id=18599"},"modified":"2021-05-14T19:09:41","modified_gmt":"2021-05-14T18:09:41","slug":"multimedia-services","status":"publish","type":"page","link":"https:\/\/messageinabottle.pt\/en\/servicos\/multimedia-services\/","title":{"rendered":"Multimedia Services"},"content":{"rendered":"<p>Sound, Photo, Video, Animation, Graphics, or Texts. All can be coordinated in one campaign. A video can provide the consumer with experiences and desires to achieve the \u201cway of life\u201d that the brand conveys in its message.<\/p>\n<p>Message in a Bottle relies on a clear and aesthetic language to transform your messages into high-impact content that increases organic brand exposure.<\/p>\n<p>Find the best solution for your brand, <a href=\"https:\/\/messageinabottle.pt\/en\/contactos\/\">talk to us<\/a>!<\/p>","protected":false},"excerpt":{"rendered":"<p>We build solid communication strategies and implement creative ideas for the key media and communication channels in order to strengthen the reputation of the brands.<\/p>\n","protected":false},"author":10,"featured_media":18972,"parent":18584,"menu_order":9,"comment_status":"closed","ping_status":"closed","template":"servicos-single.php","meta":{"_acf_changed":false,"footnotes":""},"acf":[],"yoast_head":"<!-- This site is optimized with the Yoast SEO plugin v22.5 - https:\/\/yoast.com\/wordpress\/plugins\/seo\/ -->\n<title>Multimedia Services | Message in a Bottle - Communications Agency<\/title>\n<meta name=\"description\" content=\"Multimedia Services - We build solid communication strategies and implement creative ideas via key media and communication channels.\" \/>\n<meta name=\"robots\" content=\"index, follow, max-snippet:-1, max-image-preview:large, max-video-preview:-1\" \/>\n<link rel=\"canonical\" href=\"https:\/\/messageinabottle.pt\/servicos\/multimedia-services\/\" \/>\n<meta property=\"og:locale\" content=\"en_US\" \/>\n<meta property=\"og:type\" content=\"article\" \/>\n<meta property=\"og:title\" content=\"[:pt]Solu\u00e7\u00f5es Multim\u00e9dia - Ag\u00eancia de Comunica\u00e7\u00e3o e Marketing - Message in a Bottle[:en]Multimedia Services | Message in a Bottle - Communications Agency[:]\" \/>\n<meta property=\"og:description\" content=\"{:pt}Multim\u00e9dia - Constru\u00edmos estrat\u00e9gias de comunica\u00e7\u00e3o s\u00f3lidas e implementamos ideias criativas nos principais canais de comunica\u00e7\u00e3o e tipos de media.{:en}Multimedia Services - We build solid communication strategies and implement creative ideas via key media and communication channels. {:}\" \/>\n<meta property=\"og:url\" content=\"https:\/\/messageinabottle.pt\/servicos\/multimedia-services\/\" \/>\n<meta property=\"og:site_name\" content=\"Message In a Bottle\" \/>\n<meta property=\"article:publisher\" content=\"https:\/\/www.facebook.com\/messageinbottle\" \/>\n<meta property=\"article:modified_time\" content=\"2021-05-14T18:09:41+00:00\" \/>\n<meta property=\"og:image\" content=\"https:\/\/messageinabottle.pt\/wp-content\/uploads\/2019\/04\/Multimedia.jpg\" \/>\n\t<meta property=\"og:image:width\" content=\"1206\" \/>\n\t<meta property=\"og:image:height\" content=\"804\" \/>\n\t<meta property=\"og:image:type\" content=\"image\/jpeg\" \/>\n<meta name=\"twitter:card\" content=\"summary_large_image\" \/>\n<meta name=\"twitter:site\" content=\"@MibLx\" \/>\n<meta name=\"twitter:label1\" content=\"Est. reading time\" \/>\n\t<meta name=\"twitter:data1\" content=\"1 minute\" \/>\n<script type=\"application\/ld+json\" class=\"yoast-schema-graph\">{\"@context\":\"https:\/\/schema.org\",\"@graph\":[{\"@type\":\"WebPage\",\"@id\":\"https:\/\/messageinabottle.pt\/servicos\/multimedia-services\/\",\"url\":\"https:\/\/messageinabottle.pt\/servicos\/multimedia-services\/\",\"name\":\"[:pt]Solu\u00e7\u00f5es Multim\u00e9dia - Ag\u00eancia de Comunica\u00e7\u00e3o e Marketing - Message in a Bottle[:en]Multimedia Services | Message in a Bottle - Communications Agency[:]\",\"isPartOf\":{\"@id\":\"https:\/\/messageinabottle.pt\/#website\"},\"primaryImageOfPage\":{\"@id\":\"https:\/\/messageinabottle.pt\/servicos\/multimedia-services\/#primaryimage\"},\"image\":{\"@id\":\"https:\/\/messageinabottle.pt\/servicos\/multimedia-services\/#primaryimage\"},\"thumbnailUrl\":\"https:\/\/messageinabottle.pt\/wp-content\/uploads\/2019\/04\/Multimedia.jpg\",\"datePublished\":\"2019-04-15T21:28:52+00:00\",\"dateModified\":\"2021-05-14T18:09:41+00:00\",\"description\":\"{:pt}Multim\u00e9dia - Constru\u00edmos estrat\u00e9gias de comunica\u00e7\u00e3o s\u00f3lidas e implementamos ideias criativas nos principais canais de comunica\u00e7\u00e3o e tipos de media.{:en}Multimedia Services - We build solid communication strategies and implement creative ideas via key media and communication channels. {:}\",\"breadcrumb\":{\"@id\":\"https:\/\/messageinabottle.pt\/servicos\/multimedia-services\/#breadcrumb\"},\"inLanguage\":\"en-US\",\"potentialAction\":[{\"@type\":\"ReadAction\",\"target\":[\"https:\/\/messageinabottle.pt\/servicos\/multimedia-services\/\"]}]},{\"@type\":\"ImageObject\",\"inLanguage\":\"en-US\",\"@id\":\"https:\/\/messageinabottle.pt\/servicos\/multimedia-services\/#primaryimage\",\"url\":\"https:\/\/messageinabottle.pt\/wp-content\/uploads\/2019\/04\/Multimedia.jpg\",\"contentUrl\":\"https:\/\/messageinabottle.pt\/wp-content\/uploads\/2019\/04\/Multimedia.jpg\",\"width\":1206,\"height\":804,\"caption\":\"Constru\u00edmos estrat\u00e9gias de comunica\u00e7\u00e3o s\u00f3lidas e implementamos ideias criativas nos principais canais de comunica\u00e7\u00e3o para refor\u00e7ar a notoriedade das marcas.\"},{\"@type\":\"BreadcrumbList\",\"@id\":\"https:\/\/messageinabottle.pt\/servicos\/multimedia-services\/#breadcrumb\",\"itemListElement\":[{\"@type\":\"ListItem\",\"position\":1,\"name\":\"Home\",\"item\":\"https:\/\/messageinabottle.pt\/\"},{\"@type\":\"ListItem\",\"position\":2,\"name\":\"Servi\u00e7os\",\"item\":\"https:\/\/messageinabottle.pt\/servicos\/\"},{\"@type\":\"ListItem\",\"position\":3,\"name\":\"Multim\u00e9dia\"}]},{\"@type\":\"WebSite\",\"@id\":\"https:\/\/messageinabottle.pt\/#website\",\"url\":\"https:\/\/messageinabottle.pt\/\",\"name\":\"Message In a Bottle\",\"description\":\"Ag\u00eancia de Comunica\u00e7\u00e3o e Marketing\",\"publisher\":{\"@id\":\"https:\/\/messageinabottle.pt\/#organization\"},\"potentialAction\":[{\"@type\":\"SearchAction\",\"target\":{\"@type\":\"EntryPoint\",\"urlTemplate\":\"https:\/\/messageinabottle.pt\/?s={search_term_string}\"},\"query-input\":\"required name=search_term_string\"}],\"inLanguage\":\"en-US\"},{\"@type\":\"Organization\",\"@id\":\"https:\/\/messageinabottle.pt\/#organization\",\"name\":\"Message in a Bottle | Ag\u00eancia de Comunica\u00e7\u00e3o e Marketing\",\"url\":\"https:\/\/messageinabottle.pt\/\",\"logo\":{\"@type\":\"ImageObject\",\"inLanguage\":\"en-US\",\"@id\":\"https:\/\/messageinabottle.pt\/#\/schema\/logo\/image\/\",\"url\":\"https:\/\/messageinabottle.pt\/wp-content\/uploads\/2019\/06\/mib-logo.png\",\"contentUrl\":\"https:\/\/messageinabottle.pt\/wp-content\/uploads\/2019\/06\/mib-logo.png\",\"width\":1721,\"height\":676,\"caption\":\"Message in a Bottle | Ag\u00eancia de Comunica\u00e7\u00e3o e Marketing\"},\"image\":{\"@id\":\"https:\/\/messageinabottle.pt\/#\/schema\/logo\/image\/\"},\"sameAs\":[\"https:\/\/www.facebook.com\/messageinbottle\",\"https:\/\/x.com\/MibLx\",\"https:\/\/www.instagram.com\/messageinabottle_agency\/\",\"https:\/\/www.linkedin.com\/company\/miab---message-in-a-bottle\",\"https:\/\/www.pinterest.pt\/mibconsulting\/\"]}]}<\/script>\n<!-- \/ Yoast SEO plugin. -->","yoast_head_json":{"title":"Multimedia Services | Message in a Bottle - Communications Agency","description":"Multimedia Services - We build solid communication strategies and implement creative ideas via key media and communication channels.","robots":{"index":"index","follow":"follow","max-snippet":"max-snippet:-1","max-image-preview":"max-image-preview:large","max-video-preview":"max-video-preview:-1"},"canonical":"https:\/\/messageinabottle.pt\/servicos\/multimedia-services\/","og_locale":"en_US","og_type":"article","og_title":"[:pt]Solu\u00e7\u00f5es Multim\u00e9dia - Ag\u00eancia de Comunica\u00e7\u00e3o e Marketing - Message in a Bottle[:en]Multimedia Services | Message in a Bottle - Communications Agency[:]","og_description":"{:pt}Multim\u00e9dia - Constru\u00edmos estrat\u00e9gias de comunica\u00e7\u00e3o s\u00f3lidas e implementamos ideias criativas nos principais canais de comunica\u00e7\u00e3o e tipos de media.{:en}Multimedia Services - We build solid communication strategies and implement creative ideas via key media and communication channels. {:}","og_url":"https:\/\/messageinabottle.pt\/servicos\/multimedia-services\/","og_site_name":"Message In a Bottle","article_publisher":"https:\/\/www.facebook.com\/messageinbottle","article_modified_time":"2021-05-14T18:09:41+00:00","og_image":[{"width":1206,"height":804,"url":"https:\/\/messageinabottle.pt\/wp-content\/uploads\/2019\/04\/Multimedia.jpg","type":"image\/jpeg"}],"twitter_card":"summary_large_image","twitter_site":"@MibLx","twitter_misc":{"Est. reading time":"1 minute"},"schema":{"@context":"https:\/\/schema.org","@graph":[{"@type":"WebPage","@id":"https:\/\/messageinabottle.pt\/servicos\/multimedia-services\/","url":"https:\/\/messageinabottle.pt\/servicos\/multimedia-services\/","name":"[:pt]Solu\u00e7\u00f5es Multim\u00e9dia - Ag\u00eancia de Comunica\u00e7\u00e3o e Marketing - Message in a Bottle[:en]Multimedia Services | Message in a Bottle - Communications Agency[:]","isPartOf":{"@id":"https:\/\/messageinabottle.pt\/#website"},"primaryImageOfPage":{"@id":"https:\/\/messageinabottle.pt\/servicos\/multimedia-services\/#primaryimage"},"image":{"@id":"https:\/\/messageinabottle.pt\/servicos\/multimedia-services\/#primaryimage"},"thumbnailUrl":"https:\/\/messageinabottle.pt\/wp-content\/uploads\/2019\/04\/Multimedia.jpg","datePublished":"2019-04-15T21:28:52+00:00","dateModified":"2021-05-14T18:09:41+00:00","description":"{:pt}Multim\u00e9dia - Constru\u00edmos estrat\u00e9gias de comunica\u00e7\u00e3o s\u00f3lidas e implementamos ideias criativas nos principais canais de comunica\u00e7\u00e3o e tipos de media.{:en}Multimedia Services - We build solid communication strategies and implement creative ideas via key media and communication channels. {:}","breadcrumb":{"@id":"https:\/\/messageinabottle.pt\/servicos\/multimedia-services\/#breadcrumb"},"inLanguage":"en-US","potentialAction":[{"@type":"ReadAction","target":["https:\/\/messageinabottle.pt\/servicos\/multimedia-services\/"]}]},{"@type":"ImageObject","inLanguage":"en-US","@id":"https:\/\/messageinabottle.pt\/servicos\/multimedia-services\/#primaryimage","url":"https:\/\/messageinabottle.pt\/wp-content\/uploads\/2019\/04\/Multimedia.jpg","contentUrl":"https:\/\/messageinabottle.pt\/wp-content\/uploads\/2019\/04\/Multimedia.jpg","width":1206,"height":804,"caption":"Constru\u00edmos estrat\u00e9gias de comunica\u00e7\u00e3o s\u00f3lidas e implementamos ideias criativas nos principais canais de comunica\u00e7\u00e3o para refor\u00e7ar a notoriedade das marcas."},{"@type":"BreadcrumbList","@id":"https:\/\/messageinabottle.pt\/servicos\/multimedia-services\/#breadcrumb","itemListElement":[{"@type":"ListItem","position":1,"name":"Home","item":"https:\/\/messageinabottle.pt\/"},{"@type":"ListItem","position":2,"name":"Servi\u00e7os","item":"https:\/\/messageinabottle.pt\/servicos\/"},{"@type":"ListItem","position":3,"name":"Multim\u00e9dia"}]},{"@type":"WebSite","@id":"https:\/\/messageinabottle.pt\/#website","url":"https:\/\/messageinabottle.pt\/","name":"Message In a Bottle","description":"Ag\u00eancia de Comunica\u00e7\u00e3o e Marketing","publisher":{"@id":"https:\/\/messageinabottle.pt\/#organization"},"potentialAction":[{"@type":"SearchAction","target":{"@type":"EntryPoint","urlTemplate":"https:\/\/messageinabottle.pt\/?s={search_term_string}"},"query-input":"required name=search_term_string"}],"inLanguage":"en-US"},{"@type":"Organization","@id":"https:\/\/messageinabottle.pt\/#organization","name":"Message in a Bottle | Ag\u00eancia de Comunica\u00e7\u00e3o e Marketing","url":"https:\/\/messageinabottle.pt\/","logo":{"@type":"ImageObject","inLanguage":"en-US","@id":"https:\/\/messageinabottle.pt\/#\/schema\/logo\/image\/","url":"https:\/\/messageinabottle.pt\/wp-content\/uploads\/2019\/06\/mib-logo.png","contentUrl":"https:\/\/messageinabottle.pt\/wp-content\/uploads\/2019\/06\/mib-logo.png","width":1721,"height":676,"caption":"Message in a Bottle | Ag\u00eancia de Comunica\u00e7\u00e3o e Marketing"},"image":{"@id":"https:\/\/messageinabottle.pt\/#\/schema\/logo\/image\/"},"sameAs":["https:\/\/www.facebook.com\/messageinbottle","https:\/\/x.com\/MibLx","https:\/\/www.instagram.com\/messageinabottle_agency\/","https:\/\/www.linkedin.com\/company\/miab---message-in-a-bottle","https:\/\/www.pinterest.pt\/mibconsulting\/"]}]}},"_links":{"self":[{"href":"https:\/\/messageinabottle.pt\/en\/wp-json\/wp\/v2\/pages\/18599"}],"collection":[{"href":"https:\/\/messageinabottle.pt\/en\/wp-json\/wp\/v2\/pages"}],"about":[{"href":"https:\/\/messageinabottle.pt\/en\/wp-json\/wp\/v2\/types\/page"}],"author":[{"embeddable":true,"href":"https:\/\/messageinabottle.pt\/en\/wp-json\/wp\/v2\/users\/10"}],"replies":[{"embeddable":true,"href":"https:\/\/messageinabottle.pt\/en\/wp-json\/wp\/v2\/comments?post=18599"}],"version-history":[{"count":7,"href":"https:\/\/messageinabottle.pt\/en\/wp-json\/wp\/v2\/pages\/18599\/revisions"}],"predecessor-version":[{"id":19919,"href":"https:\/\/messageinabottle.pt\/en\/wp-json\/wp\/v2\/pages\/18599\/revisions\/19919"}],"up":[{"embeddable":true,"href":"https:\/\/messageinabottle.pt\/en\/wp-json\/wp\/v2\/pages\/18584"}],"wp:featuredmedia":[{"embeddable":true,"href":"https:\/\/messageinabottle.pt\/en\/wp-json\/wp\/v2\/media\/18972"}],"wp:attachment":[{"href":"https:\/\/messageinabottle.pt\/en\/wp-json\/wp\/v2\/media?parent=18599"}],"curies":[{"name":"wp","href":"https:\/\/api.w.org\/{rel}","templated":true}]}}