{"id":18601,"date":"2019-04-15T18:31:17","date_gmt":"2019-04-15T21:31:17","guid":{"rendered":"https:\/\/messageinabottle.pt\/?page_id=18601"},"modified":"2021-05-14T19:09:14","modified_gmt":"2021-05-14T18:09:14","slug":"eventos","status":"publish","type":"page","link":"https:\/\/messageinabottle.pt\/en\/servicos\/eventos\/","title":{"rendered":"Events"},"content":{"rendered":"<p>The event is about to start! And Message in a Bottle is the partner you can count on. We develop all kinds of event production, from corporate events to actions directed to the final public.<\/p>\n<p>We accompany each step of the process, from the conceptualization of the event to its implementation.<\/p>\n<p>We also pay great attention to every detail, always focused on adding value to your brand and creating engagement with the final consumer and strategic partners.<\/p>\n<p>Want to start a unique event? Take the first step, <a href=\"https:\/\/messageinabottle.pt\/en\/contactos\/\">talk to us<\/a>!<\/p>","protected":false},"excerpt":{"rendered":"<p>Events can be unforgettable moments! We bet on a strategy of differentiation and innovation, offering a 360 degrees service and totally personalized in the organization of events.<\/p>\n","protected":false},"author":10,"featured_media":18928,"parent":18584,"menu_order":7,"comment_status":"closed","ping_status":"closed","template":"servicos-single.php","meta":{"_acf_changed":false,"footnotes":""},"acf":[],"yoast_head":"<!-- This site is optimized with the Yoast SEO plugin v22.5 - https:\/\/yoast.com\/wordpress\/plugins\/seo\/ -->\n<title>Servi\u00e7os de Eventos - Ag\u00eancia de Comunica\u00e7\u00e3o e Marketing - Message in a Bottle<\/title>\n<meta name=\"description\" content=\"Eventos - Apostamos numa estrat\u00e9gia de diferencia\u00e7\u00e3o e inova\u00e7\u00e3o, oferecendo um servi\u00e7o 360\u00ba e totalmente personalizado na organiza\u00e7\u00e3o de eventos.\" \/>\n<meta name=\"robots\" content=\"index, follow, max-snippet:-1, max-image-preview:large, max-video-preview:-1\" \/>\n<link rel=\"canonical\" href=\"https:\/\/messageinabottle.pt\/servicos\/eventos\/\" \/>\n<meta property=\"og:locale\" content=\"en_US\" \/>\n<meta property=\"og:type\" content=\"article\" \/>\n<meta property=\"og:title\" content=\"Servi\u00e7os de Eventos - Ag\u00eancia de Comunica\u00e7\u00e3o e Marketing - Message in a Bottle\" \/>\n<meta property=\"og:description\" content=\"Eventos - Apostamos numa estrat\u00e9gia de diferencia\u00e7\u00e3o e inova\u00e7\u00e3o, oferecendo um servi\u00e7o 360\u00ba e totalmente personalizado na organiza\u00e7\u00e3o de eventos.\" \/>\n<meta property=\"og:url\" content=\"https:\/\/messageinabottle.pt\/servicos\/eventos\/\" \/>\n<meta property=\"og:site_name\" content=\"Message In a Bottle\" \/>\n<meta property=\"article:publisher\" content=\"https:\/\/www.facebook.com\/messageinbottle\" \/>\n<meta property=\"article:modified_time\" content=\"2021-05-14T18:09:14+00:00\" \/>\n<meta property=\"og:image\" content=\"https:\/\/messageinabottle.pt\/wp-content\/uploads\/2019\/04\/Eventos.jpg\" \/>\n\t<meta property=\"og:image:width\" content=\"1206\" \/>\n\t<meta property=\"og:image:height\" content=\"805\" \/>\n\t<meta property=\"og:image:type\" content=\"image\/jpeg\" \/>\n<meta name=\"twitter:card\" content=\"summary_large_image\" \/>\n<meta name=\"twitter:site\" content=\"@MibLx\" \/>\n<meta name=\"twitter:label1\" content=\"Est. reading time\" \/>\n\t<meta name=\"twitter:data1\" content=\"1 minute\" \/>\n<script type=\"application\/ld+json\" class=\"yoast-schema-graph\">{\"@context\":\"https:\/\/schema.org\",\"@graph\":[{\"@type\":\"WebPage\",\"@id\":\"https:\/\/messageinabottle.pt\/servicos\/eventos\/\",\"url\":\"https:\/\/messageinabottle.pt\/servicos\/eventos\/\",\"name\":\"Servi\u00e7os de Eventos - Ag\u00eancia de Comunica\u00e7\u00e3o e Marketing - Message in a Bottle\",\"isPartOf\":{\"@id\":\"https:\/\/messageinabottle.pt\/#website\"},\"primaryImageOfPage\":{\"@id\":\"https:\/\/messageinabottle.pt\/servicos\/eventos\/#primaryimage\"},\"image\":{\"@id\":\"https:\/\/messageinabottle.pt\/servicos\/eventos\/#primaryimage\"},\"thumbnailUrl\":\"https:\/\/messageinabottle.pt\/wp-content\/uploads\/2019\/04\/Eventos.jpg\",\"datePublished\":\"2019-04-15T21:31:17+00:00\",\"dateModified\":\"2021-05-14T18:09:14+00:00\",\"description\":\"Eventos - Apostamos numa estrat\u00e9gia de diferencia\u00e7\u00e3o e inova\u00e7\u00e3o, oferecendo um servi\u00e7o 360\u00ba e totalmente personalizado na organiza\u00e7\u00e3o de eventos.\",\"breadcrumb\":{\"@id\":\"https:\/\/messageinabottle.pt\/servicos\/eventos\/#breadcrumb\"},\"inLanguage\":\"en-US\",\"potentialAction\":[{\"@type\":\"ReadAction\",\"target\":[\"https:\/\/messageinabottle.pt\/servicos\/eventos\/\"]}]},{\"@type\":\"ImageObject\",\"inLanguage\":\"en-US\",\"@id\":\"https:\/\/messageinabottle.pt\/servicos\/eventos\/#primaryimage\",\"url\":\"https:\/\/messageinabottle.pt\/wp-content\/uploads\/2019\/04\/Eventos.jpg\",\"contentUrl\":\"https:\/\/messageinabottle.pt\/wp-content\/uploads\/2019\/04\/Eventos.jpg\",\"width\":1206,\"height\":805,\"caption\":\"Transformamos eventos em momentos inesquec\u00edveis! Apostamos numa estrat\u00e9gia de diferencia\u00e7\u00e3o e inova\u00e7\u00e3o, oferecendo um servi\u00e7o 360\u02da e totalmente personalizado na organiza\u00e7\u00e3o de eventos.\"},{\"@type\":\"BreadcrumbList\",\"@id\":\"https:\/\/messageinabottle.pt\/servicos\/eventos\/#breadcrumb\",\"itemListElement\":[{\"@type\":\"ListItem\",\"position\":1,\"name\":\"Home\",\"item\":\"https:\/\/messageinabottle.pt\/\"},{\"@type\":\"ListItem\",\"position\":2,\"name\":\"Servi\u00e7os\",\"item\":\"https:\/\/messageinabottle.pt\/servicos\/\"},{\"@type\":\"ListItem\",\"position\":3,\"name\":\"Eventos\"}]},{\"@type\":\"WebSite\",\"@id\":\"https:\/\/messageinabottle.pt\/#website\",\"url\":\"https:\/\/messageinabottle.pt\/\",\"name\":\"Message In a Bottle\",\"description\":\"Ag\u00eancia de Comunica\u00e7\u00e3o e Marketing\",\"publisher\":{\"@id\":\"https:\/\/messageinabottle.pt\/#organization\"},\"potentialAction\":[{\"@type\":\"SearchAction\",\"target\":{\"@type\":\"EntryPoint\",\"urlTemplate\":\"https:\/\/messageinabottle.pt\/?s={search_term_string}\"},\"query-input\":\"required name=search_term_string\"}],\"inLanguage\":\"en-US\"},{\"@type\":\"Organization\",\"@id\":\"https:\/\/messageinabottle.pt\/#organization\",\"name\":\"Message in a Bottle | Ag\u00eancia de Comunica\u00e7\u00e3o e Marketing\",\"url\":\"https:\/\/messageinabottle.pt\/\",\"logo\":{\"@type\":\"ImageObject\",\"inLanguage\":\"en-US\",\"@id\":\"https:\/\/messageinabottle.pt\/#\/schema\/logo\/image\/\",\"url\":\"https:\/\/messageinabottle.pt\/wp-content\/uploads\/2019\/06\/mib-logo.png\",\"contentUrl\":\"https:\/\/messageinabottle.pt\/wp-content\/uploads\/2019\/06\/mib-logo.png\",\"width\":1721,\"height\":676,\"caption\":\"Message in a Bottle | Ag\u00eancia de Comunica\u00e7\u00e3o e Marketing\"},\"image\":{\"@id\":\"https:\/\/messageinabottle.pt\/#\/schema\/logo\/image\/\"},\"sameAs\":[\"https:\/\/www.facebook.com\/messageinbottle\",\"https:\/\/x.com\/MibLx\",\"https:\/\/www.instagram.com\/messageinabottle_agency\/\",\"https:\/\/www.linkedin.com\/company\/miab---message-in-a-bottle\",\"https:\/\/www.pinterest.pt\/mibconsulting\/\"]}]}<\/script>\n<!-- \/ Yoast SEO plugin. -->","yoast_head_json":{"title":"Servi\u00e7os de Eventos - Ag\u00eancia de Comunica\u00e7\u00e3o e Marketing - Message in a Bottle","description":"Eventos - Apostamos numa estrat\u00e9gia de diferencia\u00e7\u00e3o e inova\u00e7\u00e3o, oferecendo um servi\u00e7o 360\u00ba e totalmente personalizado na organiza\u00e7\u00e3o de eventos.","robots":{"index":"index","follow":"follow","max-snippet":"max-snippet:-1","max-image-preview":"max-image-preview:large","max-video-preview":"max-video-preview:-1"},"canonical":"https:\/\/messageinabottle.pt\/servicos\/eventos\/","og_locale":"en_US","og_type":"article","og_title":"Servi\u00e7os de Eventos - Ag\u00eancia de Comunica\u00e7\u00e3o e Marketing - Message in a Bottle","og_description":"Eventos - Apostamos numa estrat\u00e9gia de diferencia\u00e7\u00e3o e inova\u00e7\u00e3o, oferecendo um servi\u00e7o 360\u00ba e totalmente personalizado na organiza\u00e7\u00e3o de eventos.","og_url":"https:\/\/messageinabottle.pt\/servicos\/eventos\/","og_site_name":"Message In a Bottle","article_publisher":"https:\/\/www.facebook.com\/messageinbottle","article_modified_time":"2021-05-14T18:09:14+00:00","og_image":[{"width":1206,"height":805,"url":"https:\/\/messageinabottle.pt\/wp-content\/uploads\/2019\/04\/Eventos.jpg","type":"image\/jpeg"}],"twitter_card":"summary_large_image","twitter_site":"@MibLx","twitter_misc":{"Est. reading time":"1 minute"},"schema":{"@context":"https:\/\/schema.org","@graph":[{"@type":"WebPage","@id":"https:\/\/messageinabottle.pt\/servicos\/eventos\/","url":"https:\/\/messageinabottle.pt\/servicos\/eventos\/","name":"Servi\u00e7os de Eventos - Ag\u00eancia de Comunica\u00e7\u00e3o e Marketing - Message in a Bottle","isPartOf":{"@id":"https:\/\/messageinabottle.pt\/#website"},"primaryImageOfPage":{"@id":"https:\/\/messageinabottle.pt\/servicos\/eventos\/#primaryimage"},"image":{"@id":"https:\/\/messageinabottle.pt\/servicos\/eventos\/#primaryimage"},"thumbnailUrl":"https:\/\/messageinabottle.pt\/wp-content\/uploads\/2019\/04\/Eventos.jpg","datePublished":"2019-04-15T21:31:17+00:00","dateModified":"2021-05-14T18:09:14+00:00","description":"Eventos - Apostamos numa estrat\u00e9gia de diferencia\u00e7\u00e3o e inova\u00e7\u00e3o, oferecendo um servi\u00e7o 360\u00ba e totalmente personalizado na organiza\u00e7\u00e3o de eventos.","breadcrumb":{"@id":"https:\/\/messageinabottle.pt\/servicos\/eventos\/#breadcrumb"},"inLanguage":"en-US","potentialAction":[{"@type":"ReadAction","target":["https:\/\/messageinabottle.pt\/servicos\/eventos\/"]}]},{"@type":"ImageObject","inLanguage":"en-US","@id":"https:\/\/messageinabottle.pt\/servicos\/eventos\/#primaryimage","url":"https:\/\/messageinabottle.pt\/wp-content\/uploads\/2019\/04\/Eventos.jpg","contentUrl":"https:\/\/messageinabottle.pt\/wp-content\/uploads\/2019\/04\/Eventos.jpg","width":1206,"height":805,"caption":"Transformamos eventos em momentos inesquec\u00edveis! Apostamos numa estrat\u00e9gia de diferencia\u00e7\u00e3o e inova\u00e7\u00e3o, oferecendo um servi\u00e7o 360\u02da e totalmente personalizado na organiza\u00e7\u00e3o de eventos."},{"@type":"BreadcrumbList","@id":"https:\/\/messageinabottle.pt\/servicos\/eventos\/#breadcrumb","itemListElement":[{"@type":"ListItem","position":1,"name":"Home","item":"https:\/\/messageinabottle.pt\/"},{"@type":"ListItem","position":2,"name":"Servi\u00e7os","item":"https:\/\/messageinabottle.pt\/servicos\/"},{"@type":"ListItem","position":3,"name":"Eventos"}]},{"@type":"WebSite","@id":"https:\/\/messageinabottle.pt\/#website","url":"https:\/\/messageinabottle.pt\/","name":"Message In a Bottle","description":"Ag\u00eancia de Comunica\u00e7\u00e3o e Marketing","publisher":{"@id":"https:\/\/messageinabottle.pt\/#organization"},"potentialAction":[{"@type":"SearchAction","target":{"@type":"EntryPoint","urlTemplate":"https:\/\/messageinabottle.pt\/?s={search_term_string}"},"query-input":"required name=search_term_string"}],"inLanguage":"en-US"},{"@type":"Organization","@id":"https:\/\/messageinabottle.pt\/#organization","name":"Message in a Bottle | Ag\u00eancia de Comunica\u00e7\u00e3o e Marketing","url":"https:\/\/messageinabottle.pt\/","logo":{"@type":"ImageObject","inLanguage":"en-US","@id":"https:\/\/messageinabottle.pt\/#\/schema\/logo\/image\/","url":"https:\/\/messageinabottle.pt\/wp-content\/uploads\/2019\/06\/mib-logo.png","contentUrl":"https:\/\/messageinabottle.pt\/wp-content\/uploads\/2019\/06\/mib-logo.png","width":1721,"height":676,"caption":"Message in a Bottle | Ag\u00eancia de Comunica\u00e7\u00e3o e Marketing"},"image":{"@id":"https:\/\/messageinabottle.pt\/#\/schema\/logo\/image\/"},"sameAs":["https:\/\/www.facebook.com\/messageinbottle","https:\/\/x.com\/MibLx","https:\/\/www.instagram.com\/messageinabottle_agency\/","https:\/\/www.linkedin.com\/company\/miab---message-in-a-bottle","https:\/\/www.pinterest.pt\/mibconsulting\/"]}]}},"_links":{"self":[{"href":"https:\/\/messageinabottle.pt\/en\/wp-json\/wp\/v2\/pages\/18601"}],"collection":[{"href":"https:\/\/messageinabottle.pt\/en\/wp-json\/wp\/v2\/pages"}],"about":[{"href":"https:\/\/messageinabottle.pt\/en\/wp-json\/wp\/v2\/types\/page"}],"author":[{"embeddable":true,"href":"https:\/\/messageinabottle.pt\/en\/wp-json\/wp\/v2\/users\/10"}],"replies":[{"embeddable":true,"href":"https:\/\/messageinabottle.pt\/en\/wp-json\/wp\/v2\/comments?post=18601"}],"version-history":[{"count":10,"href":"https:\/\/messageinabottle.pt\/en\/wp-json\/wp\/v2\/pages\/18601\/revisions"}],"predecessor-version":[{"id":19918,"href":"https:\/\/messageinabottle.pt\/en\/wp-json\/wp\/v2\/pages\/18601\/revisions\/19918"}],"up":[{"embeddable":true,"href":"https:\/\/messageinabottle.pt\/en\/wp-json\/wp\/v2\/pages\/18584"}],"wp:featuredmedia":[{"embeddable":true,"href":"https:\/\/messageinabottle.pt\/en\/wp-json\/wp\/v2\/media\/18928"}],"wp:attachment":[{"href":"https:\/\/messageinabottle.pt\/en\/wp-json\/wp\/v2\/media?parent=18601"}],"curies":[{"name":"wp","href":"https:\/\/api.w.org\/{rel}","templated":true}]}}