{"id":18603,"date":"2019-04-15T18:34:21","date_gmt":"2019-04-15T21:34:21","guid":{"rendered":"https:\/\/messageinabottle.pt\/?page_id=18603"},"modified":"2021-05-14T19:07:55","modified_gmt":"2021-05-14T18:07:55","slug":"design-branding","status":"publish","type":"page","link":"https:\/\/messageinabottle.pt\/en\/servicos\/design-branding\/","title":{"rendered":"Design"},"content":{"rendered":"<p>Design thinking is geared towards creating solutions, be it visual or not. Therefore, design is a tool that generates differentiation and value.<\/p>\n<p>At Message in a Bottle, the design is the final and visible part of a process that involves the entire communication strategy developed by the marketing and social media teams. In practice, we develop the logo and corporate image of your company including presentations, brochures, signage and stationary.<\/p>\n<p>Want to upgrade the image of your business? <a href=\"https:\/\/messageinabottle.pt\/en\/contactos\/\">Contact us<\/a>!<\/p>","protected":false},"excerpt":{"rendered":"<p>We visually transform your business! Design is the visual and tangible part of the entire strategy developed. We create all corporate and visual communication of your brand in an integrated and authentic way.<\/p>\n","protected":false},"author":10,"featured_media":18926,"parent":18584,"menu_order":4,"comment_status":"closed","ping_status":"closed","template":"servicos-single.php","meta":{"_acf_changed":false,"footnotes":""},"acf":[],"yoast_head":"<!-- This site is optimized with the Yoast SEO plugin v22.5 - https:\/\/yoast.com\/wordpress\/plugins\/seo\/ -->\n<title>Design and Branding Services | Message in a Bottle<\/title>\n<meta name=\"description\" content=\"Design and Branding Services - We create all the corporate and visual communication of your brand in an integrated and authentic way.\" \/>\n<meta name=\"robots\" content=\"index, follow, max-snippet:-1, max-image-preview:large, max-video-preview:-1\" \/>\n<link rel=\"canonical\" href=\"https:\/\/messageinabottle.pt\/servicos\/design-branding\/\" \/>\n<meta property=\"og:locale\" content=\"en_US\" \/>\n<meta property=\"og:type\" content=\"article\" \/>\n<meta property=\"og:title\" content=\"[:pt]Design e Branding - Ag\u00eancia de Comunica\u00e7\u00e3o e Marketing - Message in a Bottle[:en]Design and Branding Services | Message in a Bottle[:]\" \/>\n<meta property=\"og:description\" content=\"{:pt}Branding e Design s\u00e3o uma pe\u00e7a fundamental de comunica\u00e7\u00e3o e esta \u00e9 a \u00e1rea dos nossos criativos. Bem, na Message in a Bottle somos todos criativos.{:en}Design and Branding Services - We create all the corporate and visual communication of your brand in an integrated and authentic way.{:}\" \/>\n<meta property=\"og:url\" content=\"https:\/\/messageinabottle.pt\/servicos\/design-branding\/\" \/>\n<meta property=\"og:site_name\" content=\"Message In a Bottle\" \/>\n<meta property=\"article:publisher\" content=\"https:\/\/www.facebook.com\/messageinbottle\" \/>\n<meta property=\"article:modified_time\" content=\"2021-05-14T18:07:55+00:00\" \/>\n<meta property=\"og:image\" content=\"https:\/\/messageinabottle.pt\/wp-content\/uploads\/2019\/04\/Design.jpg\" \/>\n\t<meta property=\"og:image:width\" content=\"1206\" \/>\n\t<meta property=\"og:image:height\" content=\"804\" \/>\n\t<meta property=\"og:image:type\" content=\"image\/jpeg\" \/>\n<meta name=\"twitter:card\" content=\"summary_large_image\" \/>\n<meta name=\"twitter:site\" content=\"@MibLx\" \/>\n<meta name=\"twitter:label1\" content=\"Est. reading time\" \/>\n\t<meta name=\"twitter:data1\" content=\"1 minute\" \/>\n<script type=\"application\/ld+json\" class=\"yoast-schema-graph\">{\"@context\":\"https:\/\/schema.org\",\"@graph\":[{\"@type\":\"WebPage\",\"@id\":\"https:\/\/messageinabottle.pt\/servicos\/design-branding\/\",\"url\":\"https:\/\/messageinabottle.pt\/servicos\/design-branding\/\",\"name\":\"[:pt]Design e Branding - Ag\u00eancia de Comunica\u00e7\u00e3o e Marketing - Message in a Bottle[:en]Design and Branding Services | Message in a Bottle[:]\",\"isPartOf\":{\"@id\":\"https:\/\/messageinabottle.pt\/#website\"},\"primaryImageOfPage\":{\"@id\":\"https:\/\/messageinabottle.pt\/servicos\/design-branding\/#primaryimage\"},\"image\":{\"@id\":\"https:\/\/messageinabottle.pt\/servicos\/design-branding\/#primaryimage\"},\"thumbnailUrl\":\"https:\/\/messageinabottle.pt\/wp-content\/uploads\/2019\/04\/Design.jpg\",\"datePublished\":\"2019-04-15T21:34:21+00:00\",\"dateModified\":\"2021-05-14T18:07:55+00:00\",\"description\":\"{:pt}Branding e Design s\u00e3o uma pe\u00e7a fundamental de comunica\u00e7\u00e3o e esta \u00e9 a \u00e1rea dos nossos criativos. Bem, na Message in a Bottle somos todos criativos.{:en}Design and Branding Services - We create all the corporate and visual communication of your brand in an integrated and authentic way.{:}\",\"breadcrumb\":{\"@id\":\"https:\/\/messageinabottle.pt\/servicos\/design-branding\/#breadcrumb\"},\"inLanguage\":\"en-US\",\"potentialAction\":[{\"@type\":\"ReadAction\",\"target\":[\"https:\/\/messageinabottle.pt\/servicos\/design-branding\/\"]}]},{\"@type\":\"ImageObject\",\"inLanguage\":\"en-US\",\"@id\":\"https:\/\/messageinabottle.pt\/servicos\/design-branding\/#primaryimage\",\"url\":\"https:\/\/messageinabottle.pt\/wp-content\/uploads\/2019\/04\/Design.jpg\",\"contentUrl\":\"https:\/\/messageinabottle.pt\/wp-content\/uploads\/2019\/04\/Design.jpg\",\"width\":1206,\"height\":804,\"caption\":\"Transformamos visualmente o seu neg\u00f3cio! O design \u00e9 a parte visual e tang\u00edvel de toda a estrat\u00e9gia desenvolvida. Criamos toda a comunica\u00e7\u00e3o corporativa e visual da sua marca de forma integrada e aut\u00eantica.\"},{\"@type\":\"BreadcrumbList\",\"@id\":\"https:\/\/messageinabottle.pt\/servicos\/design-branding\/#breadcrumb\",\"itemListElement\":[{\"@type\":\"ListItem\",\"position\":1,\"name\":\"Home\",\"item\":\"https:\/\/messageinabottle.pt\/\"},{\"@type\":\"ListItem\",\"position\":2,\"name\":\"Servi\u00e7os\",\"item\":\"https:\/\/messageinabottle.pt\/servicos\/\"},{\"@type\":\"ListItem\",\"position\":3,\"name\":\"Design\"}]},{\"@type\":\"WebSite\",\"@id\":\"https:\/\/messageinabottle.pt\/#website\",\"url\":\"https:\/\/messageinabottle.pt\/\",\"name\":\"Message In a Bottle\",\"description\":\"Ag\u00eancia de Comunica\u00e7\u00e3o e Marketing\",\"publisher\":{\"@id\":\"https:\/\/messageinabottle.pt\/#organization\"},\"potentialAction\":[{\"@type\":\"SearchAction\",\"target\":{\"@type\":\"EntryPoint\",\"urlTemplate\":\"https:\/\/messageinabottle.pt\/?s={search_term_string}\"},\"query-input\":\"required name=search_term_string\"}],\"inLanguage\":\"en-US\"},{\"@type\":\"Organization\",\"@id\":\"https:\/\/messageinabottle.pt\/#organization\",\"name\":\"Message in a Bottle | Ag\u00eancia de Comunica\u00e7\u00e3o e Marketing\",\"url\":\"https:\/\/messageinabottle.pt\/\",\"logo\":{\"@type\":\"ImageObject\",\"inLanguage\":\"en-US\",\"@id\":\"https:\/\/messageinabottle.pt\/#\/schema\/logo\/image\/\",\"url\":\"https:\/\/messageinabottle.pt\/wp-content\/uploads\/2019\/06\/mib-logo.png\",\"contentUrl\":\"https:\/\/messageinabottle.pt\/wp-content\/uploads\/2019\/06\/mib-logo.png\",\"width\":1721,\"height\":676,\"caption\":\"Message in a Bottle | Ag\u00eancia de Comunica\u00e7\u00e3o e Marketing\"},\"image\":{\"@id\":\"https:\/\/messageinabottle.pt\/#\/schema\/logo\/image\/\"},\"sameAs\":[\"https:\/\/www.facebook.com\/messageinbottle\",\"https:\/\/x.com\/MibLx\",\"https:\/\/www.instagram.com\/messageinabottle_agency\/\",\"https:\/\/www.linkedin.com\/company\/miab---message-in-a-bottle\",\"https:\/\/www.pinterest.pt\/mibconsulting\/\"]}]}<\/script>\n<!-- \/ Yoast SEO plugin. -->","yoast_head_json":{"title":"Design and Branding Services | Message in a Bottle","description":"Design and Branding Services - We create all the corporate and visual communication of your brand in an integrated and authentic way.","robots":{"index":"index","follow":"follow","max-snippet":"max-snippet:-1","max-image-preview":"max-image-preview:large","max-video-preview":"max-video-preview:-1"},"canonical":"https:\/\/messageinabottle.pt\/servicos\/design-branding\/","og_locale":"en_US","og_type":"article","og_title":"[:pt]Design e Branding - Ag\u00eancia de Comunica\u00e7\u00e3o e Marketing - Message in a Bottle[:en]Design and Branding Services | Message in a Bottle[:]","og_description":"{:pt}Branding e Design s\u00e3o uma pe\u00e7a fundamental de comunica\u00e7\u00e3o e esta \u00e9 a \u00e1rea dos nossos criativos. Bem, na Message in a Bottle somos todos criativos.{:en}Design and Branding Services - We create all the corporate and visual communication of your brand in an integrated and authentic way.{:}","og_url":"https:\/\/messageinabottle.pt\/servicos\/design-branding\/","og_site_name":"Message In a Bottle","article_publisher":"https:\/\/www.facebook.com\/messageinbottle","article_modified_time":"2021-05-14T18:07:55+00:00","og_image":[{"width":1206,"height":804,"url":"https:\/\/messageinabottle.pt\/wp-content\/uploads\/2019\/04\/Design.jpg","type":"image\/jpeg"}],"twitter_card":"summary_large_image","twitter_site":"@MibLx","twitter_misc":{"Est. reading time":"1 minute"},"schema":{"@context":"https:\/\/schema.org","@graph":[{"@type":"WebPage","@id":"https:\/\/messageinabottle.pt\/servicos\/design-branding\/","url":"https:\/\/messageinabottle.pt\/servicos\/design-branding\/","name":"[:pt]Design e Branding - Ag\u00eancia de Comunica\u00e7\u00e3o e Marketing - Message in a Bottle[:en]Design and Branding Services | Message in a Bottle[:]","isPartOf":{"@id":"https:\/\/messageinabottle.pt\/#website"},"primaryImageOfPage":{"@id":"https:\/\/messageinabottle.pt\/servicos\/design-branding\/#primaryimage"},"image":{"@id":"https:\/\/messageinabottle.pt\/servicos\/design-branding\/#primaryimage"},"thumbnailUrl":"https:\/\/messageinabottle.pt\/wp-content\/uploads\/2019\/04\/Design.jpg","datePublished":"2019-04-15T21:34:21+00:00","dateModified":"2021-05-14T18:07:55+00:00","description":"{:pt}Branding e Design s\u00e3o uma pe\u00e7a fundamental de comunica\u00e7\u00e3o e esta \u00e9 a \u00e1rea dos nossos criativos. Bem, na Message in a Bottle somos todos criativos.{:en}Design and Branding Services - We create all the corporate and visual communication of your brand in an integrated and authentic way.{:}","breadcrumb":{"@id":"https:\/\/messageinabottle.pt\/servicos\/design-branding\/#breadcrumb"},"inLanguage":"en-US","potentialAction":[{"@type":"ReadAction","target":["https:\/\/messageinabottle.pt\/servicos\/design-branding\/"]}]},{"@type":"ImageObject","inLanguage":"en-US","@id":"https:\/\/messageinabottle.pt\/servicos\/design-branding\/#primaryimage","url":"https:\/\/messageinabottle.pt\/wp-content\/uploads\/2019\/04\/Design.jpg","contentUrl":"https:\/\/messageinabottle.pt\/wp-content\/uploads\/2019\/04\/Design.jpg","width":1206,"height":804,"caption":"Transformamos visualmente o seu neg\u00f3cio! O design \u00e9 a parte visual e tang\u00edvel de toda a estrat\u00e9gia desenvolvida. Criamos toda a comunica\u00e7\u00e3o corporativa e visual da sua marca de forma integrada e aut\u00eantica."},{"@type":"BreadcrumbList","@id":"https:\/\/messageinabottle.pt\/servicos\/design-branding\/#breadcrumb","itemListElement":[{"@type":"ListItem","position":1,"name":"Home","item":"https:\/\/messageinabottle.pt\/"},{"@type":"ListItem","position":2,"name":"Servi\u00e7os","item":"https:\/\/messageinabottle.pt\/servicos\/"},{"@type":"ListItem","position":3,"name":"Design"}]},{"@type":"WebSite","@id":"https:\/\/messageinabottle.pt\/#website","url":"https:\/\/messageinabottle.pt\/","name":"Message In a Bottle","description":"Ag\u00eancia de Comunica\u00e7\u00e3o e Marketing","publisher":{"@id":"https:\/\/messageinabottle.pt\/#organization"},"potentialAction":[{"@type":"SearchAction","target":{"@type":"EntryPoint","urlTemplate":"https:\/\/messageinabottle.pt\/?s={search_term_string}"},"query-input":"required name=search_term_string"}],"inLanguage":"en-US"},{"@type":"Organization","@id":"https:\/\/messageinabottle.pt\/#organization","name":"Message in a Bottle | Ag\u00eancia de Comunica\u00e7\u00e3o e Marketing","url":"https:\/\/messageinabottle.pt\/","logo":{"@type":"ImageObject","inLanguage":"en-US","@id":"https:\/\/messageinabottle.pt\/#\/schema\/logo\/image\/","url":"https:\/\/messageinabottle.pt\/wp-content\/uploads\/2019\/06\/mib-logo.png","contentUrl":"https:\/\/messageinabottle.pt\/wp-content\/uploads\/2019\/06\/mib-logo.png","width":1721,"height":676,"caption":"Message in a Bottle | Ag\u00eancia de Comunica\u00e7\u00e3o e Marketing"},"image":{"@id":"https:\/\/messageinabottle.pt\/#\/schema\/logo\/image\/"},"sameAs":["https:\/\/www.facebook.com\/messageinbottle","https:\/\/x.com\/MibLx","https:\/\/www.instagram.com\/messageinabottle_agency\/","https:\/\/www.linkedin.com\/company\/miab---message-in-a-bottle","https:\/\/www.pinterest.pt\/mibconsulting\/"]}]}},"_links":{"self":[{"href":"https:\/\/messageinabottle.pt\/en\/wp-json\/wp\/v2\/pages\/18603"}],"collection":[{"href":"https:\/\/messageinabottle.pt\/en\/wp-json\/wp\/v2\/pages"}],"about":[{"href":"https:\/\/messageinabottle.pt\/en\/wp-json\/wp\/v2\/types\/page"}],"author":[{"embeddable":true,"href":"https:\/\/messageinabottle.pt\/en\/wp-json\/wp\/v2\/users\/10"}],"replies":[{"embeddable":true,"href":"https:\/\/messageinabottle.pt\/en\/wp-json\/wp\/v2\/comments?post=18603"}],"version-history":[{"count":7,"href":"https:\/\/messageinabottle.pt\/en\/wp-json\/wp\/v2\/pages\/18603\/revisions"}],"predecessor-version":[{"id":19910,"href":"https:\/\/messageinabottle.pt\/en\/wp-json\/wp\/v2\/pages\/18603\/revisions\/19910"}],"up":[{"embeddable":true,"href":"https:\/\/messageinabottle.pt\/en\/wp-json\/wp\/v2\/pages\/18584"}],"wp:featuredmedia":[{"embeddable":true,"href":"https:\/\/messageinabottle.pt\/en\/wp-json\/wp\/v2\/media\/18926"}],"wp:attachment":[{"href":"https:\/\/messageinabottle.pt\/en\/wp-json\/wp\/v2\/media?parent=18603"}],"curies":[{"name":"wp","href":"https:\/\/api.w.org\/{rel}","templated":true}]}}