{"id":18605,"date":"2019-04-15T18:36:49","date_gmt":"2019-04-15T21:36:49","guid":{"rendered":"https:\/\/messageinabottle.pt\/?page_id=18605"},"modified":"2021-05-14T19:08:11","modified_gmt":"2021-05-14T18:08:11","slug":"branding","status":"publish","type":"page","link":"https:\/\/messageinabottle.pt\/en\/servicos\/branding\/","title":{"rendered":"Branding"},"content":{"rendered":"<p>In our branding process, we think of actions aligned to the purpose, values and positioning of your brand. The great goal of this work is to awake sensations and create conscious and even unconscious connections, which will be fundamental in the client&#8217;s decision to buy your product or service.<\/p>\n<p>We work with a long-term vision, aiming to create value that goes beyond your business, because this is the fundamental point of your brand: a set of expectations, memories, stories and relationships that make your identity unique in the market.<\/p>\n<p>Want to start a memorable brand? <a href=\"https:\/\/messageinabottle.pt\/en\/contactos\/\">Talk to us<\/a>!<\/p>","protected":false},"excerpt":{"rendered":"<p>Message in a Bottle builds and develops strong brands, products, and services, efficiently satisfying market needs.<\/p>\n","protected":false},"author":10,"featured_media":18991,"parent":18584,"menu_order":5,"comment_status":"closed","ping_status":"closed","template":"servicos-single.php","meta":{"_acf_changed":false,"footnotes":""},"acf":[],"yoast_head":"<!-- This site is optimized with the Yoast SEO plugin v22.5 - https:\/\/yoast.com\/wordpress\/plugins\/seo\/ -->\n<title>Branding Services | Message in a Bottle - Communications Agency<\/title>\n<meta name=\"description\" content=\"Branding Services Message in a Bottle - We build and develop strong brands, products, and services, efficiently satisfying market needs.\" \/>\n<meta name=\"robots\" content=\"index, follow, max-snippet:-1, max-image-preview:large, max-video-preview:-1\" \/>\n<link rel=\"canonical\" href=\"https:\/\/messageinabottle.pt\/servicos\/branding\/\" \/>\n<meta property=\"og:locale\" content=\"en_US\" \/>\n<meta property=\"og:type\" content=\"article\" \/>\n<meta property=\"og:title\" content=\"[:pt]Branding e Design - Ag\u00eancia de Comunica\u00e7\u00e3o e Marketing - Message in a Bottle[:en]Branding Services | Message in a Bottle - Communications Agency[:]\" \/>\n<meta property=\"og:description\" content=\"{:pt}O branding e design s\u00e3o uma pe\u00e7a fundamental de comunica\u00e7\u00e3o e esta \u00e9 a \u00e1rea dos nossos criativos. Bem, na Message in a Bottle somos todos criativos.{:en}Branding Services Message in a Bottle - We build and develop strong brands, products, and services, efficiently satisfying market needs.{:}\" \/>\n<meta property=\"og:url\" content=\"https:\/\/messageinabottle.pt\/servicos\/branding\/\" \/>\n<meta property=\"og:site_name\" content=\"Message In a Bottle\" \/>\n<meta property=\"article:publisher\" content=\"https:\/\/www.facebook.com\/messageinbottle\" \/>\n<meta property=\"article:modified_time\" content=\"2021-05-14T18:08:11+00:00\" \/>\n<meta property=\"og:image\" content=\"https:\/\/messageinabottle.pt\/wp-content\/uploads\/2019\/05\/branding-foto.jpg\" \/>\n\t<meta property=\"og:image:width\" content=\"1206\" \/>\n\t<meta property=\"og:image:height\" content=\"804\" \/>\n\t<meta property=\"og:image:type\" content=\"image\/jpeg\" \/>\n<meta name=\"twitter:card\" content=\"summary_large_image\" \/>\n<meta name=\"twitter:site\" content=\"@MibLx\" \/>\n<meta name=\"twitter:label1\" content=\"Est. reading time\" \/>\n\t<meta name=\"twitter:data1\" content=\"1 minute\" \/>\n<script type=\"application\/ld+json\" class=\"yoast-schema-graph\">{\"@context\":\"https:\/\/schema.org\",\"@graph\":[{\"@type\":\"WebPage\",\"@id\":\"https:\/\/messageinabottle.pt\/servicos\/branding\/\",\"url\":\"https:\/\/messageinabottle.pt\/servicos\/branding\/\",\"name\":\"[:pt]Branding e Design - Ag\u00eancia de Comunica\u00e7\u00e3o e Marketing - Message in a Bottle[:en]Branding Services | Message in a Bottle - Communications Agency[:]\",\"isPartOf\":{\"@id\":\"https:\/\/messageinabottle.pt\/#website\"},\"primaryImageOfPage\":{\"@id\":\"https:\/\/messageinabottle.pt\/servicos\/branding\/#primaryimage\"},\"image\":{\"@id\":\"https:\/\/messageinabottle.pt\/servicos\/branding\/#primaryimage\"},\"thumbnailUrl\":\"https:\/\/messageinabottle.pt\/wp-content\/uploads\/2019\/05\/branding-foto.jpg\",\"datePublished\":\"2019-04-15T21:36:49+00:00\",\"dateModified\":\"2021-05-14T18:08:11+00:00\",\"description\":\"{:pt}O branding e design s\u00e3o uma pe\u00e7a fundamental de comunica\u00e7\u00e3o e esta \u00e9 a \u00e1rea dos nossos criativos. Bem, na Message in a Bottle somos todos criativos.{:en}Branding Services Message in a Bottle - We build and develop strong brands, products, and services, efficiently satisfying market needs.{:}\",\"breadcrumb\":{\"@id\":\"https:\/\/messageinabottle.pt\/servicos\/branding\/#breadcrumb\"},\"inLanguage\":\"en-US\",\"potentialAction\":[{\"@type\":\"ReadAction\",\"target\":[\"https:\/\/messageinabottle.pt\/servicos\/branding\/\"]}]},{\"@type\":\"ImageObject\",\"inLanguage\":\"en-US\",\"@id\":\"https:\/\/messageinabottle.pt\/servicos\/branding\/#primaryimage\",\"url\":\"https:\/\/messageinabottle.pt\/wp-content\/uploads\/2019\/05\/branding-foto.jpg\",\"contentUrl\":\"https:\/\/messageinabottle.pt\/wp-content\/uploads\/2019\/05\/branding-foto.jpg\",\"width\":1206,\"height\":804,\"caption\":\"Branding \u00e9 o trabalho de constru\u00e7\u00e3o e gest\u00e3o de marcas junto do mercado. A Message in a Bottle constr\u00f3i e desenvolve marcas fortes, produtos ou servi\u00e7os, satisfazendo de forma eficiente as necessidades do mercado.\"},{\"@type\":\"BreadcrumbList\",\"@id\":\"https:\/\/messageinabottle.pt\/servicos\/branding\/#breadcrumb\",\"itemListElement\":[{\"@type\":\"ListItem\",\"position\":1,\"name\":\"Home\",\"item\":\"https:\/\/messageinabottle.pt\/\"},{\"@type\":\"ListItem\",\"position\":2,\"name\":\"Servi\u00e7os\",\"item\":\"https:\/\/messageinabottle.pt\/servicos\/\"},{\"@type\":\"ListItem\",\"position\":3,\"name\":\"Branding\"}]},{\"@type\":\"WebSite\",\"@id\":\"https:\/\/messageinabottle.pt\/#website\",\"url\":\"https:\/\/messageinabottle.pt\/\",\"name\":\"Message In a Bottle\",\"description\":\"Ag\u00eancia de Comunica\u00e7\u00e3o e Marketing\",\"publisher\":{\"@id\":\"https:\/\/messageinabottle.pt\/#organization\"},\"potentialAction\":[{\"@type\":\"SearchAction\",\"target\":{\"@type\":\"EntryPoint\",\"urlTemplate\":\"https:\/\/messageinabottle.pt\/?s={search_term_string}\"},\"query-input\":\"required name=search_term_string\"}],\"inLanguage\":\"en-US\"},{\"@type\":\"Organization\",\"@id\":\"https:\/\/messageinabottle.pt\/#organization\",\"name\":\"Message in a Bottle | Ag\u00eancia de Comunica\u00e7\u00e3o e Marketing\",\"url\":\"https:\/\/messageinabottle.pt\/\",\"logo\":{\"@type\":\"ImageObject\",\"inLanguage\":\"en-US\",\"@id\":\"https:\/\/messageinabottle.pt\/#\/schema\/logo\/image\/\",\"url\":\"https:\/\/messageinabottle.pt\/wp-content\/uploads\/2019\/06\/mib-logo.png\",\"contentUrl\":\"https:\/\/messageinabottle.pt\/wp-content\/uploads\/2019\/06\/mib-logo.png\",\"width\":1721,\"height\":676,\"caption\":\"Message in a Bottle | Ag\u00eancia de Comunica\u00e7\u00e3o e Marketing\"},\"image\":{\"@id\":\"https:\/\/messageinabottle.pt\/#\/schema\/logo\/image\/\"},\"sameAs\":[\"https:\/\/www.facebook.com\/messageinbottle\",\"https:\/\/x.com\/MibLx\",\"https:\/\/www.instagram.com\/messageinabottle_agency\/\",\"https:\/\/www.linkedin.com\/company\/miab---message-in-a-bottle\",\"https:\/\/www.pinterest.pt\/mibconsulting\/\"]}]}<\/script>\n<!-- \/ Yoast SEO plugin. -->","yoast_head_json":{"title":"Branding Services | Message in a Bottle - Communications Agency","description":"Branding Services Message in a Bottle - We build and develop strong brands, products, and services, efficiently satisfying market needs.","robots":{"index":"index","follow":"follow","max-snippet":"max-snippet:-1","max-image-preview":"max-image-preview:large","max-video-preview":"max-video-preview:-1"},"canonical":"https:\/\/messageinabottle.pt\/servicos\/branding\/","og_locale":"en_US","og_type":"article","og_title":"[:pt]Branding e Design - Ag\u00eancia de Comunica\u00e7\u00e3o e Marketing - Message in a Bottle[:en]Branding Services | Message in a Bottle - Communications Agency[:]","og_description":"{:pt}O branding e design s\u00e3o uma pe\u00e7a fundamental de comunica\u00e7\u00e3o e esta \u00e9 a \u00e1rea dos nossos criativos. Bem, na Message in a Bottle somos todos criativos.{:en}Branding Services Message in a Bottle - We build and develop strong brands, products, and services, efficiently satisfying market needs.{:}","og_url":"https:\/\/messageinabottle.pt\/servicos\/branding\/","og_site_name":"Message In a Bottle","article_publisher":"https:\/\/www.facebook.com\/messageinbottle","article_modified_time":"2021-05-14T18:08:11+00:00","og_image":[{"width":1206,"height":804,"url":"https:\/\/messageinabottle.pt\/wp-content\/uploads\/2019\/05\/branding-foto.jpg","type":"image\/jpeg"}],"twitter_card":"summary_large_image","twitter_site":"@MibLx","twitter_misc":{"Est. reading time":"1 minute"},"schema":{"@context":"https:\/\/schema.org","@graph":[{"@type":"WebPage","@id":"https:\/\/messageinabottle.pt\/servicos\/branding\/","url":"https:\/\/messageinabottle.pt\/servicos\/branding\/","name":"[:pt]Branding e Design - Ag\u00eancia de Comunica\u00e7\u00e3o e Marketing - Message in a Bottle[:en]Branding Services | Message in a Bottle - Communications Agency[:]","isPartOf":{"@id":"https:\/\/messageinabottle.pt\/#website"},"primaryImageOfPage":{"@id":"https:\/\/messageinabottle.pt\/servicos\/branding\/#primaryimage"},"image":{"@id":"https:\/\/messageinabottle.pt\/servicos\/branding\/#primaryimage"},"thumbnailUrl":"https:\/\/messageinabottle.pt\/wp-content\/uploads\/2019\/05\/branding-foto.jpg","datePublished":"2019-04-15T21:36:49+00:00","dateModified":"2021-05-14T18:08:11+00:00","description":"{:pt}O branding e design s\u00e3o uma pe\u00e7a fundamental de comunica\u00e7\u00e3o e esta \u00e9 a \u00e1rea dos nossos criativos. Bem, na Message in a Bottle somos todos criativos.{:en}Branding Services Message in a Bottle - We build and develop strong brands, products, and services, efficiently satisfying market needs.{:}","breadcrumb":{"@id":"https:\/\/messageinabottle.pt\/servicos\/branding\/#breadcrumb"},"inLanguage":"en-US","potentialAction":[{"@type":"ReadAction","target":["https:\/\/messageinabottle.pt\/servicos\/branding\/"]}]},{"@type":"ImageObject","inLanguage":"en-US","@id":"https:\/\/messageinabottle.pt\/servicos\/branding\/#primaryimage","url":"https:\/\/messageinabottle.pt\/wp-content\/uploads\/2019\/05\/branding-foto.jpg","contentUrl":"https:\/\/messageinabottle.pt\/wp-content\/uploads\/2019\/05\/branding-foto.jpg","width":1206,"height":804,"caption":"Branding \u00e9 o trabalho de constru\u00e7\u00e3o e gest\u00e3o de marcas junto do mercado. A Message in a Bottle constr\u00f3i e desenvolve marcas fortes, produtos ou servi\u00e7os, satisfazendo de forma eficiente as necessidades do mercado."},{"@type":"BreadcrumbList","@id":"https:\/\/messageinabottle.pt\/servicos\/branding\/#breadcrumb","itemListElement":[{"@type":"ListItem","position":1,"name":"Home","item":"https:\/\/messageinabottle.pt\/"},{"@type":"ListItem","position":2,"name":"Servi\u00e7os","item":"https:\/\/messageinabottle.pt\/servicos\/"},{"@type":"ListItem","position":3,"name":"Branding"}]},{"@type":"WebSite","@id":"https:\/\/messageinabottle.pt\/#website","url":"https:\/\/messageinabottle.pt\/","name":"Message In a Bottle","description":"Ag\u00eancia de Comunica\u00e7\u00e3o e Marketing","publisher":{"@id":"https:\/\/messageinabottle.pt\/#organization"},"potentialAction":[{"@type":"SearchAction","target":{"@type":"EntryPoint","urlTemplate":"https:\/\/messageinabottle.pt\/?s={search_term_string}"},"query-input":"required name=search_term_string"}],"inLanguage":"en-US"},{"@type":"Organization","@id":"https:\/\/messageinabottle.pt\/#organization","name":"Message in a Bottle | Ag\u00eancia de Comunica\u00e7\u00e3o e Marketing","url":"https:\/\/messageinabottle.pt\/","logo":{"@type":"ImageObject","inLanguage":"en-US","@id":"https:\/\/messageinabottle.pt\/#\/schema\/logo\/image\/","url":"https:\/\/messageinabottle.pt\/wp-content\/uploads\/2019\/06\/mib-logo.png","contentUrl":"https:\/\/messageinabottle.pt\/wp-content\/uploads\/2019\/06\/mib-logo.png","width":1721,"height":676,"caption":"Message in a Bottle | Ag\u00eancia de Comunica\u00e7\u00e3o e Marketing"},"image":{"@id":"https:\/\/messageinabottle.pt\/#\/schema\/logo\/image\/"},"sameAs":["https:\/\/www.facebook.com\/messageinbottle","https:\/\/x.com\/MibLx","https:\/\/www.instagram.com\/messageinabottle_agency\/","https:\/\/www.linkedin.com\/company\/miab---message-in-a-bottle","https:\/\/www.pinterest.pt\/mibconsulting\/"]}]}},"_links":{"self":[{"href":"https:\/\/messageinabottle.pt\/en\/wp-json\/wp\/v2\/pages\/18605"}],"collection":[{"href":"https:\/\/messageinabottle.pt\/en\/wp-json\/wp\/v2\/pages"}],"about":[{"href":"https:\/\/messageinabottle.pt\/en\/wp-json\/wp\/v2\/types\/page"}],"author":[{"embeddable":true,"href":"https:\/\/messageinabottle.pt\/en\/wp-json\/wp\/v2\/users\/10"}],"replies":[{"embeddable":true,"href":"https:\/\/messageinabottle.pt\/en\/wp-json\/wp\/v2\/comments?post=18605"}],"version-history":[{"count":7,"href":"https:\/\/messageinabottle.pt\/en\/wp-json\/wp\/v2\/pages\/18605\/revisions"}],"predecessor-version":[{"id":19911,"href":"https:\/\/messageinabottle.pt\/en\/wp-json\/wp\/v2\/pages\/18605\/revisions\/19911"}],"up":[{"embeddable":true,"href":"https:\/\/messageinabottle.pt\/en\/wp-json\/wp\/v2\/pages\/18584"}],"wp:featuredmedia":[{"embeddable":true,"href":"https:\/\/messageinabottle.pt\/en\/wp-json\/wp\/v2\/media\/18991"}],"wp:attachment":[{"href":"https:\/\/messageinabottle.pt\/en\/wp-json\/wp\/v2\/media?parent=18605"}],"curies":[{"name":"wp","href":"https:\/\/api.w.org\/{rel}","templated":true}]}}