{"id":18607,"date":"2019-04-15T18:39:54","date_gmt":"2019-04-15T21:39:54","guid":{"rendered":"https:\/\/messageinabottle.pt\/?page_id=18607"},"modified":"2021-05-14T19:08:41","modified_gmt":"2021-05-14T18:08:41","slug":"marketing","status":"publish","type":"page","link":"https:\/\/messageinabottle.pt\/en\/servicos\/marketing\/","title":{"rendered":"Marketing"},"content":{"rendered":"<p>We develop differentiated marketing strategies adapted to each business, enhancing the greatest impact and involvement possible between brands and their customers.<\/p>\n<p>We create efficient proposals, strategically designed for each type of business. Together with our clients, we set goals and deadlines, benchmark the competition, study the market, analyze the critical success factors and define strategies to achieve the expected results.<\/p>\n<p>At Message in a Bottle we plan and manage ad campaigns in the main social networks, using the latest tools available in the market. We develop websites, newsletters and produce content, in order to create direct communication channels between your company and your customers. We also apply for EU funds and bank financing, to help you boost your business!<\/p>\n<p>Make your company grow, <a href=\"https:\/\/messageinabottle.pt\/en\/contactos\/\">contact us<\/a>!<\/p>","protected":false},"excerpt":{"rendered":"<p>We are numbers, metrics and results! We develop differentiating strategies adapted to each business, enhancing the greatest impact and involvement possible between brands and their customers. We also apply for EU funds and bank financing, to help your business grow!<\/p>\n","protected":false},"author":10,"featured_media":18992,"parent":18584,"menu_order":6,"comment_status":"closed","ping_status":"closed","template":"servicos-single.php","meta":{"_acf_changed":false,"footnotes":""},"acf":[],"yoast_head":"<!-- This site is optimized with the Yoast SEO plugin v22.5 - https:\/\/yoast.com\/wordpress\/plugins\/seo\/ -->\n<title>Marketing Services | Message in a Bottle - Communication Agency<\/title>\n<meta name=\"description\" content=\"Marketing Services - We are numbers, metrics and results. Developing sound strategies adapted to each business, generating the greatest possible interaction\" \/>\n<meta name=\"robots\" content=\"index, follow, max-snippet:-1, max-image-preview:large, max-video-preview:-1\" \/>\n<link rel=\"canonical\" href=\"https:\/\/messageinabottle.pt\/servicos\/marketing\/\" \/>\n<meta property=\"og:locale\" content=\"en_US\" \/>\n<meta property=\"og:type\" content=\"article\" \/>\n<meta property=\"og:title\" content=\"[:pt]Ag\u00eancia de Marketing - Ag\u00eancia de Comunica\u00e7\u00e3o e Marketing - Message in a Bottle[:en]Marketing Services | Message in a Bottle - Communication Agency[:]\" \/>\n<meta property=\"og:description\" content=\"{:pt}Ag\u00eancia de Comunica\u00e7\u00e3o e Marketing - Analisamos fatores cr\u00edticos de sucesso e definimos estrat\u00e9gias com vista a atingir resultados esperados. Contamos consigo para passar a palavra{:en}Marketing Services - We are numbers, metrics and results. Developing sound strategies adapted to each business, generating the greatest possible interaction{:}\" \/>\n<meta property=\"og:url\" content=\"https:\/\/messageinabottle.pt\/servicos\/marketing\/\" \/>\n<meta property=\"og:site_name\" content=\"Message In a Bottle\" \/>\n<meta property=\"article:publisher\" content=\"https:\/\/www.facebook.com\/messageinbottle\" \/>\n<meta property=\"article:modified_time\" content=\"2021-05-14T18:08:41+00:00\" \/>\n<meta property=\"og:image\" content=\"https:\/\/messageinabottle.pt\/wp-content\/uploads\/2019\/05\/marketing-foto.jpg\" \/>\n\t<meta property=\"og:image:width\" content=\"1206\" \/>\n\t<meta property=\"og:image:height\" content=\"804\" \/>\n\t<meta property=\"og:image:type\" content=\"image\/jpeg\" \/>\n<meta name=\"twitter:card\" content=\"summary_large_image\" \/>\n<meta name=\"twitter:site\" content=\"@MibLx\" \/>\n<meta name=\"twitter:label1\" content=\"Est. reading time\" \/>\n\t<meta name=\"twitter:data1\" content=\"1 minute\" \/>\n<script type=\"application\/ld+json\" class=\"yoast-schema-graph\">{\"@context\":\"https:\/\/schema.org\",\"@graph\":[{\"@type\":\"WebPage\",\"@id\":\"https:\/\/messageinabottle.pt\/servicos\/marketing\/\",\"url\":\"https:\/\/messageinabottle.pt\/servicos\/marketing\/\",\"name\":\"[:pt]Ag\u00eancia de Marketing - Ag\u00eancia de Comunica\u00e7\u00e3o e Marketing - Message in a Bottle[:en]Marketing Services | Message in a Bottle - Communication Agency[:]\",\"isPartOf\":{\"@id\":\"https:\/\/messageinabottle.pt\/#website\"},\"primaryImageOfPage\":{\"@id\":\"https:\/\/messageinabottle.pt\/servicos\/marketing\/#primaryimage\"},\"image\":{\"@id\":\"https:\/\/messageinabottle.pt\/servicos\/marketing\/#primaryimage\"},\"thumbnailUrl\":\"https:\/\/messageinabottle.pt\/wp-content\/uploads\/2019\/05\/marketing-foto.jpg\",\"datePublished\":\"2019-04-15T21:39:54+00:00\",\"dateModified\":\"2021-05-14T18:08:41+00:00\",\"description\":\"{:pt}Ag\u00eancia de Comunica\u00e7\u00e3o e Marketing - Analisamos fatores cr\u00edticos de sucesso e definimos estrat\u00e9gias com vista a atingir resultados esperados. Contamos consigo para passar a palavra{:en}Marketing Services - We are numbers, metrics and results. Developing sound strategies adapted to each business, generating the greatest possible interaction{:}\",\"breadcrumb\":{\"@id\":\"https:\/\/messageinabottle.pt\/servicos\/marketing\/#breadcrumb\"},\"inLanguage\":\"en-US\",\"potentialAction\":[{\"@type\":\"ReadAction\",\"target\":[\"https:\/\/messageinabottle.pt\/servicos\/marketing\/\"]}]},{\"@type\":\"ImageObject\",\"inLanguage\":\"en-US\",\"@id\":\"https:\/\/messageinabottle.pt\/servicos\/marketing\/#primaryimage\",\"url\":\"https:\/\/messageinabottle.pt\/wp-content\/uploads\/2019\/05\/marketing-foto.jpg\",\"contentUrl\":\"https:\/\/messageinabottle.pt\/wp-content\/uploads\/2019\/05\/marketing-foto.jpg\",\"width\":1206,\"height\":804,\"caption\":\"Somos n\u00fameros, m\u00e9tricas e resultados! Desenvolvemos estrat\u00e9gias diferenciadoras e adaptadas a cada neg\u00f3cio, potenciando entre as marcas e os seus clientes o maior impacto e envolvimento poss\u00edvel.\"},{\"@type\":\"BreadcrumbList\",\"@id\":\"https:\/\/messageinabottle.pt\/servicos\/marketing\/#breadcrumb\",\"itemListElement\":[{\"@type\":\"ListItem\",\"position\":1,\"name\":\"Home\",\"item\":\"https:\/\/messageinabottle.pt\/\"},{\"@type\":\"ListItem\",\"position\":2,\"name\":\"Servi\u00e7os\",\"item\":\"https:\/\/messageinabottle.pt\/servicos\/\"},{\"@type\":\"ListItem\",\"position\":3,\"name\":\"Marketing\"}]},{\"@type\":\"WebSite\",\"@id\":\"https:\/\/messageinabottle.pt\/#website\",\"url\":\"https:\/\/messageinabottle.pt\/\",\"name\":\"Message In a Bottle\",\"description\":\"Ag\u00eancia de Comunica\u00e7\u00e3o e Marketing\",\"publisher\":{\"@id\":\"https:\/\/messageinabottle.pt\/#organization\"},\"potentialAction\":[{\"@type\":\"SearchAction\",\"target\":{\"@type\":\"EntryPoint\",\"urlTemplate\":\"https:\/\/messageinabottle.pt\/?s={search_term_string}\"},\"query-input\":\"required name=search_term_string\"}],\"inLanguage\":\"en-US\"},{\"@type\":\"Organization\",\"@id\":\"https:\/\/messageinabottle.pt\/#organization\",\"name\":\"Message in a Bottle | Ag\u00eancia de Comunica\u00e7\u00e3o e Marketing\",\"url\":\"https:\/\/messageinabottle.pt\/\",\"logo\":{\"@type\":\"ImageObject\",\"inLanguage\":\"en-US\",\"@id\":\"https:\/\/messageinabottle.pt\/#\/schema\/logo\/image\/\",\"url\":\"https:\/\/messageinabottle.pt\/wp-content\/uploads\/2019\/06\/mib-logo.png\",\"contentUrl\":\"https:\/\/messageinabottle.pt\/wp-content\/uploads\/2019\/06\/mib-logo.png\",\"width\":1721,\"height\":676,\"caption\":\"Message in a Bottle | Ag\u00eancia de Comunica\u00e7\u00e3o e Marketing\"},\"image\":{\"@id\":\"https:\/\/messageinabottle.pt\/#\/schema\/logo\/image\/\"},\"sameAs\":[\"https:\/\/www.facebook.com\/messageinbottle\",\"https:\/\/x.com\/MibLx\",\"https:\/\/www.instagram.com\/messageinabottle_agency\/\",\"https:\/\/www.linkedin.com\/company\/miab---message-in-a-bottle\",\"https:\/\/www.pinterest.pt\/mibconsulting\/\"]}]}<\/script>\n<!-- \/ Yoast SEO plugin. -->","yoast_head_json":{"title":"Marketing Services | Message in a Bottle - Communication Agency","description":"Marketing Services - We are numbers, metrics and results. Developing sound strategies adapted to each business, generating the greatest possible interaction","robots":{"index":"index","follow":"follow","max-snippet":"max-snippet:-1","max-image-preview":"max-image-preview:large","max-video-preview":"max-video-preview:-1"},"canonical":"https:\/\/messageinabottle.pt\/servicos\/marketing\/","og_locale":"en_US","og_type":"article","og_title":"[:pt]Ag\u00eancia de Marketing - Ag\u00eancia de Comunica\u00e7\u00e3o e Marketing - Message in a Bottle[:en]Marketing Services | Message in a Bottle - Communication Agency[:]","og_description":"{:pt}Ag\u00eancia de Comunica\u00e7\u00e3o e Marketing - Analisamos fatores cr\u00edticos de sucesso e definimos estrat\u00e9gias com vista a atingir resultados esperados. Contamos consigo para passar a palavra{:en}Marketing Services - We are numbers, metrics and results. Developing sound strategies adapted to each business, generating the greatest possible interaction{:}","og_url":"https:\/\/messageinabottle.pt\/servicos\/marketing\/","og_site_name":"Message In a Bottle","article_publisher":"https:\/\/www.facebook.com\/messageinbottle","article_modified_time":"2021-05-14T18:08:41+00:00","og_image":[{"width":1206,"height":804,"url":"https:\/\/messageinabottle.pt\/wp-content\/uploads\/2019\/05\/marketing-foto.jpg","type":"image\/jpeg"}],"twitter_card":"summary_large_image","twitter_site":"@MibLx","twitter_misc":{"Est. reading time":"1 minute"},"schema":{"@context":"https:\/\/schema.org","@graph":[{"@type":"WebPage","@id":"https:\/\/messageinabottle.pt\/servicos\/marketing\/","url":"https:\/\/messageinabottle.pt\/servicos\/marketing\/","name":"[:pt]Ag\u00eancia de Marketing - Ag\u00eancia de Comunica\u00e7\u00e3o e Marketing - Message in a Bottle[:en]Marketing Services | Message in a Bottle - Communication Agency[:]","isPartOf":{"@id":"https:\/\/messageinabottle.pt\/#website"},"primaryImageOfPage":{"@id":"https:\/\/messageinabottle.pt\/servicos\/marketing\/#primaryimage"},"image":{"@id":"https:\/\/messageinabottle.pt\/servicos\/marketing\/#primaryimage"},"thumbnailUrl":"https:\/\/messageinabottle.pt\/wp-content\/uploads\/2019\/05\/marketing-foto.jpg","datePublished":"2019-04-15T21:39:54+00:00","dateModified":"2021-05-14T18:08:41+00:00","description":"{:pt}Ag\u00eancia de Comunica\u00e7\u00e3o e Marketing - Analisamos fatores cr\u00edticos de sucesso e definimos estrat\u00e9gias com vista a atingir resultados esperados. Contamos consigo para passar a palavra{:en}Marketing Services - We are numbers, metrics and results. Developing sound strategies adapted to each business, generating the greatest possible interaction{:}","breadcrumb":{"@id":"https:\/\/messageinabottle.pt\/servicos\/marketing\/#breadcrumb"},"inLanguage":"en-US","potentialAction":[{"@type":"ReadAction","target":["https:\/\/messageinabottle.pt\/servicos\/marketing\/"]}]},{"@type":"ImageObject","inLanguage":"en-US","@id":"https:\/\/messageinabottle.pt\/servicos\/marketing\/#primaryimage","url":"https:\/\/messageinabottle.pt\/wp-content\/uploads\/2019\/05\/marketing-foto.jpg","contentUrl":"https:\/\/messageinabottle.pt\/wp-content\/uploads\/2019\/05\/marketing-foto.jpg","width":1206,"height":804,"caption":"Somos n\u00fameros, m\u00e9tricas e resultados! Desenvolvemos estrat\u00e9gias diferenciadoras e adaptadas a cada neg\u00f3cio, potenciando entre as marcas e os seus clientes o maior impacto e envolvimento poss\u00edvel."},{"@type":"BreadcrumbList","@id":"https:\/\/messageinabottle.pt\/servicos\/marketing\/#breadcrumb","itemListElement":[{"@type":"ListItem","position":1,"name":"Home","item":"https:\/\/messageinabottle.pt\/"},{"@type":"ListItem","position":2,"name":"Servi\u00e7os","item":"https:\/\/messageinabottle.pt\/servicos\/"},{"@type":"ListItem","position":3,"name":"Marketing"}]},{"@type":"WebSite","@id":"https:\/\/messageinabottle.pt\/#website","url":"https:\/\/messageinabottle.pt\/","name":"Message In a Bottle","description":"Ag\u00eancia de Comunica\u00e7\u00e3o e Marketing","publisher":{"@id":"https:\/\/messageinabottle.pt\/#organization"},"potentialAction":[{"@type":"SearchAction","target":{"@type":"EntryPoint","urlTemplate":"https:\/\/messageinabottle.pt\/?s={search_term_string}"},"query-input":"required name=search_term_string"}],"inLanguage":"en-US"},{"@type":"Organization","@id":"https:\/\/messageinabottle.pt\/#organization","name":"Message in a Bottle | Ag\u00eancia de Comunica\u00e7\u00e3o e Marketing","url":"https:\/\/messageinabottle.pt\/","logo":{"@type":"ImageObject","inLanguage":"en-US","@id":"https:\/\/messageinabottle.pt\/#\/schema\/logo\/image\/","url":"https:\/\/messageinabottle.pt\/wp-content\/uploads\/2019\/06\/mib-logo.png","contentUrl":"https:\/\/messageinabottle.pt\/wp-content\/uploads\/2019\/06\/mib-logo.png","width":1721,"height":676,"caption":"Message in a Bottle | Ag\u00eancia de Comunica\u00e7\u00e3o e Marketing"},"image":{"@id":"https:\/\/messageinabottle.pt\/#\/schema\/logo\/image\/"},"sameAs":["https:\/\/www.facebook.com\/messageinbottle","https:\/\/x.com\/MibLx","https:\/\/www.instagram.com\/messageinabottle_agency\/","https:\/\/www.linkedin.com\/company\/miab---message-in-a-bottle","https:\/\/www.pinterest.pt\/mibconsulting\/"]}]}},"_links":{"self":[{"href":"https:\/\/messageinabottle.pt\/en\/wp-json\/wp\/v2\/pages\/18607"}],"collection":[{"href":"https:\/\/messageinabottle.pt\/en\/wp-json\/wp\/v2\/pages"}],"about":[{"href":"https:\/\/messageinabottle.pt\/en\/wp-json\/wp\/v2\/types\/page"}],"author":[{"embeddable":true,"href":"https:\/\/messageinabottle.pt\/en\/wp-json\/wp\/v2\/users\/10"}],"replies":[{"embeddable":true,"href":"https:\/\/messageinabottle.pt\/en\/wp-json\/wp\/v2\/comments?post=18607"}],"version-history":[{"count":10,"href":"https:\/\/messageinabottle.pt\/en\/wp-json\/wp\/v2\/pages\/18607\/revisions"}],"predecessor-version":[{"id":19914,"href":"https:\/\/messageinabottle.pt\/en\/wp-json\/wp\/v2\/pages\/18607\/revisions\/19914"}],"up":[{"embeddable":true,"href":"https:\/\/messageinabottle.pt\/en\/wp-json\/wp\/v2\/pages\/18584"}],"wp:featuredmedia":[{"embeddable":true,"href":"https:\/\/messageinabottle.pt\/en\/wp-json\/wp\/v2\/media\/18992"}],"wp:attachment":[{"href":"https:\/\/messageinabottle.pt\/en\/wp-json\/wp\/v2\/media?parent=18607"}],"curies":[{"name":"wp","href":"https:\/\/api.w.org\/{rel}","templated":true}]}}