{"id":18609,"date":"2019-04-15T18:41:52","date_gmt":"2019-04-15T21:41:52","guid":{"rendered":"https:\/\/messageinabottle.pt\/?page_id=18609"},"modified":"2021-05-14T19:09:29","modified_gmt":"2021-05-14T18:09:29","slug":"ativacao-de-marca","status":"publish","type":"page","link":"https:\/\/messageinabottle.pt\/en\/servicos\/ativacao-de-marca\/","title":{"rendered":"Brand Activation"},"content":{"rendered":"<p>Communicating effectively happens, in most cases, through cross-actions. Brand Activation is related to several techniques, especially Strategic Marketing, Guerrilla Marketing and Direct Marketing. As such, the surprise effect on the target audience, the message being conveyed, and its relevance are factors of success of our actions.<\/p>\n<p>This tool can be aided with by actions such as promotional events, sale campaigns and advertising. From a street artists painting car in real time, to the distribution of smiles on paper inviting people to a fair, at Message in a Bottle imagination knows no boundaries.<\/p>\n<p>Give your brand a boost, <a href=\"https:\/\/messageinabottle.pt\/en\/contactos\/\">contact us<\/a>!<\/p>","protected":false},"excerpt":{"rendered":"<p>Brand Activation is related to several techniques, especially Strategic Marketing, Guerrilla Marketing and Direct Marketing.<\/p>\n","protected":false},"author":10,"featured_media":18931,"parent":18584,"menu_order":8,"comment_status":"closed","ping_status":"closed","template":"servicos-single.php","meta":{"_acf_changed":false,"footnotes":""},"acf":[],"yoast_head":"<!-- This site is optimized with the Yoast SEO plugin v22.5 - https:\/\/yoast.com\/wordpress\/plugins\/seo\/ -->\n<title>Brand Activation Services | Message in a Bottle - Communications Agency<\/title>\n<meta name=\"description\" content=\"Our Brand Activation approach is related via several techniques, especially Strategic Marketing, Guerrilla Marketing and Direct Marketing.\" \/>\n<meta name=\"robots\" content=\"index, follow, max-snippet:-1, max-image-preview:large, max-video-preview:-1\" \/>\n<link rel=\"canonical\" href=\"https:\/\/messageinabottle.pt\/servicos\/ativacao-de-marca\/\" \/>\n<meta property=\"og:locale\" content=\"en_US\" \/>\n<meta property=\"og:type\" content=\"article\" \/>\n<meta property=\"og:title\" content=\"[:pt]Ativa\u00e7\u00e3o de Marca - Ag\u00eancia de Comunica\u00e7\u00e3o e Marketing - Message in a Bottle[:en]Brand Activation Services | Message in a Bottle - Communications Agency[:]\" \/>\n<meta property=\"og:description\" content=\"{:pt}Ativa\u00e7\u00e3o de Marca - Proporcionar experi\u00eancias, criar uma rela\u00e7\u00e3o emocional directa com a marca. Na Message in a Bottle a imagina\u00e7\u00e3o n\u00e3o tem limites.{:en}Our Brand Activation approach is related via several techniques, especially Strategic Marketing, Guerrilla Marketing and Direct Marketing.{:}\" \/>\n<meta property=\"og:url\" content=\"https:\/\/messageinabottle.pt\/servicos\/ativacao-de-marca\/\" \/>\n<meta property=\"og:site_name\" content=\"Message In a Bottle\" \/>\n<meta property=\"article:publisher\" content=\"https:\/\/www.facebook.com\/messageinbottle\" \/>\n<meta property=\"article:modified_time\" content=\"2021-05-14T18:09:29+00:00\" \/>\n<meta property=\"og:image\" content=\"https:\/\/messageinabottle.pt\/wp-content\/uploads\/2019\/04\/Marketing.jpg\" \/>\n\t<meta property=\"og:image:width\" content=\"1206\" \/>\n\t<meta property=\"og:image:height\" content=\"801\" \/>\n\t<meta property=\"og:image:type\" content=\"image\/jpeg\" \/>\n<meta name=\"twitter:card\" content=\"summary_large_image\" \/>\n<meta name=\"twitter:site\" content=\"@MibLx\" \/>\n<meta name=\"twitter:label1\" content=\"Est. reading time\" \/>\n\t<meta name=\"twitter:data1\" content=\"1 minute\" \/>\n<script type=\"application\/ld+json\" class=\"yoast-schema-graph\">{\"@context\":\"https:\/\/schema.org\",\"@graph\":[{\"@type\":\"WebPage\",\"@id\":\"https:\/\/messageinabottle.pt\/servicos\/ativacao-de-marca\/\",\"url\":\"https:\/\/messageinabottle.pt\/servicos\/ativacao-de-marca\/\",\"name\":\"[:pt]Ativa\u00e7\u00e3o de Marca - Ag\u00eancia de Comunica\u00e7\u00e3o e Marketing - Message in a Bottle[:en]Brand Activation Services | Message in a Bottle - Communications Agency[:]\",\"isPartOf\":{\"@id\":\"https:\/\/messageinabottle.pt\/#website\"},\"primaryImageOfPage\":{\"@id\":\"https:\/\/messageinabottle.pt\/servicos\/ativacao-de-marca\/#primaryimage\"},\"image\":{\"@id\":\"https:\/\/messageinabottle.pt\/servicos\/ativacao-de-marca\/#primaryimage\"},\"thumbnailUrl\":\"https:\/\/messageinabottle.pt\/wp-content\/uploads\/2019\/04\/Marketing.jpg\",\"datePublished\":\"2019-04-15T21:41:52+00:00\",\"dateModified\":\"2021-05-14T18:09:29+00:00\",\"description\":\"{:pt}Ativa\u00e7\u00e3o de Marca - Proporcionar experi\u00eancias, criar uma rela\u00e7\u00e3o emocional directa com a marca. Na Message in a Bottle a imagina\u00e7\u00e3o n\u00e3o tem limites.{:en}Our Brand Activation approach is related via several techniques, especially Strategic Marketing, Guerrilla Marketing and Direct Marketing.{:}\",\"breadcrumb\":{\"@id\":\"https:\/\/messageinabottle.pt\/servicos\/ativacao-de-marca\/#breadcrumb\"},\"inLanguage\":\"en-US\",\"potentialAction\":[{\"@type\":\"ReadAction\",\"target\":[\"https:\/\/messageinabottle.pt\/servicos\/ativacao-de-marca\/\"]}]},{\"@type\":\"ImageObject\",\"inLanguage\":\"en-US\",\"@id\":\"https:\/\/messageinabottle.pt\/servicos\/ativacao-de-marca\/#primaryimage\",\"url\":\"https:\/\/messageinabottle.pt\/wp-content\/uploads\/2019\/04\/Marketing.jpg\",\"contentUrl\":\"https:\/\/messageinabottle.pt\/wp-content\/uploads\/2019\/04\/Marketing.jpg\",\"width\":1206,\"height\":801,\"caption\":\"A Ativa\u00e7\u00e3o de Marca est\u00e1 relacionada com diversas t\u00e9cnicas, principalmente Marketing Estrat\u00e9gico, Marketing de Guerrilha e Marketing Direto.\"},{\"@type\":\"BreadcrumbList\",\"@id\":\"https:\/\/messageinabottle.pt\/servicos\/ativacao-de-marca\/#breadcrumb\",\"itemListElement\":[{\"@type\":\"ListItem\",\"position\":1,\"name\":\"Home\",\"item\":\"https:\/\/messageinabottle.pt\/\"},{\"@type\":\"ListItem\",\"position\":2,\"name\":\"Servi\u00e7os\",\"item\":\"https:\/\/messageinabottle.pt\/servicos\/\"},{\"@type\":\"ListItem\",\"position\":3,\"name\":\"Ativa\u00e7\u00e3o de Marca\"}]},{\"@type\":\"WebSite\",\"@id\":\"https:\/\/messageinabottle.pt\/#website\",\"url\":\"https:\/\/messageinabottle.pt\/\",\"name\":\"Message In a Bottle\",\"description\":\"Ag\u00eancia de Comunica\u00e7\u00e3o e Marketing\",\"publisher\":{\"@id\":\"https:\/\/messageinabottle.pt\/#organization\"},\"potentialAction\":[{\"@type\":\"SearchAction\",\"target\":{\"@type\":\"EntryPoint\",\"urlTemplate\":\"https:\/\/messageinabottle.pt\/?s={search_term_string}\"},\"query-input\":\"required name=search_term_string\"}],\"inLanguage\":\"en-US\"},{\"@type\":\"Organization\",\"@id\":\"https:\/\/messageinabottle.pt\/#organization\",\"name\":\"Message in a Bottle | Ag\u00eancia de Comunica\u00e7\u00e3o e Marketing\",\"url\":\"https:\/\/messageinabottle.pt\/\",\"logo\":{\"@type\":\"ImageObject\",\"inLanguage\":\"en-US\",\"@id\":\"https:\/\/messageinabottle.pt\/#\/schema\/logo\/image\/\",\"url\":\"https:\/\/messageinabottle.pt\/wp-content\/uploads\/2019\/06\/mib-logo.png\",\"contentUrl\":\"https:\/\/messageinabottle.pt\/wp-content\/uploads\/2019\/06\/mib-logo.png\",\"width\":1721,\"height\":676,\"caption\":\"Message in a Bottle | Ag\u00eancia de Comunica\u00e7\u00e3o e Marketing\"},\"image\":{\"@id\":\"https:\/\/messageinabottle.pt\/#\/schema\/logo\/image\/\"},\"sameAs\":[\"https:\/\/www.facebook.com\/messageinbottle\",\"https:\/\/x.com\/MibLx\",\"https:\/\/www.instagram.com\/messageinabottle_agency\/\",\"https:\/\/www.linkedin.com\/company\/miab---message-in-a-bottle\",\"https:\/\/www.pinterest.pt\/mibconsulting\/\"]}]}<\/script>\n<!-- \/ Yoast SEO plugin. -->","yoast_head_json":{"title":"Brand Activation Services | Message in a Bottle - Communications Agency","description":"Our Brand Activation approach is related via several techniques, especially Strategic Marketing, Guerrilla Marketing and Direct Marketing.","robots":{"index":"index","follow":"follow","max-snippet":"max-snippet:-1","max-image-preview":"max-image-preview:large","max-video-preview":"max-video-preview:-1"},"canonical":"https:\/\/messageinabottle.pt\/servicos\/ativacao-de-marca\/","og_locale":"en_US","og_type":"article","og_title":"[:pt]Ativa\u00e7\u00e3o de Marca - Ag\u00eancia de Comunica\u00e7\u00e3o e Marketing - Message in a Bottle[:en]Brand Activation Services | Message in a Bottle - Communications Agency[:]","og_description":"{:pt}Ativa\u00e7\u00e3o de Marca - Proporcionar experi\u00eancias, criar uma rela\u00e7\u00e3o emocional directa com a marca. Na Message in a Bottle a imagina\u00e7\u00e3o n\u00e3o tem limites.{:en}Our Brand Activation approach is related via several techniques, especially Strategic Marketing, Guerrilla Marketing and Direct Marketing.{:}","og_url":"https:\/\/messageinabottle.pt\/servicos\/ativacao-de-marca\/","og_site_name":"Message In a Bottle","article_publisher":"https:\/\/www.facebook.com\/messageinbottle","article_modified_time":"2021-05-14T18:09:29+00:00","og_image":[{"width":1206,"height":801,"url":"https:\/\/messageinabottle.pt\/wp-content\/uploads\/2019\/04\/Marketing.jpg","type":"image\/jpeg"}],"twitter_card":"summary_large_image","twitter_site":"@MibLx","twitter_misc":{"Est. reading time":"1 minute"},"schema":{"@context":"https:\/\/schema.org","@graph":[{"@type":"WebPage","@id":"https:\/\/messageinabottle.pt\/servicos\/ativacao-de-marca\/","url":"https:\/\/messageinabottle.pt\/servicos\/ativacao-de-marca\/","name":"[:pt]Ativa\u00e7\u00e3o de Marca - Ag\u00eancia de Comunica\u00e7\u00e3o e Marketing - Message in a Bottle[:en]Brand Activation Services | Message in a Bottle - Communications Agency[:]","isPartOf":{"@id":"https:\/\/messageinabottle.pt\/#website"},"primaryImageOfPage":{"@id":"https:\/\/messageinabottle.pt\/servicos\/ativacao-de-marca\/#primaryimage"},"image":{"@id":"https:\/\/messageinabottle.pt\/servicos\/ativacao-de-marca\/#primaryimage"},"thumbnailUrl":"https:\/\/messageinabottle.pt\/wp-content\/uploads\/2019\/04\/Marketing.jpg","datePublished":"2019-04-15T21:41:52+00:00","dateModified":"2021-05-14T18:09:29+00:00","description":"{:pt}Ativa\u00e7\u00e3o de Marca - Proporcionar experi\u00eancias, criar uma rela\u00e7\u00e3o emocional directa com a marca. Na Message in a Bottle a imagina\u00e7\u00e3o n\u00e3o tem limites.{:en}Our Brand Activation approach is related via several techniques, especially Strategic Marketing, Guerrilla Marketing and Direct Marketing.{:}","breadcrumb":{"@id":"https:\/\/messageinabottle.pt\/servicos\/ativacao-de-marca\/#breadcrumb"},"inLanguage":"en-US","potentialAction":[{"@type":"ReadAction","target":["https:\/\/messageinabottle.pt\/servicos\/ativacao-de-marca\/"]}]},{"@type":"ImageObject","inLanguage":"en-US","@id":"https:\/\/messageinabottle.pt\/servicos\/ativacao-de-marca\/#primaryimage","url":"https:\/\/messageinabottle.pt\/wp-content\/uploads\/2019\/04\/Marketing.jpg","contentUrl":"https:\/\/messageinabottle.pt\/wp-content\/uploads\/2019\/04\/Marketing.jpg","width":1206,"height":801,"caption":"A Ativa\u00e7\u00e3o de Marca est\u00e1 relacionada com diversas t\u00e9cnicas, principalmente Marketing Estrat\u00e9gico, Marketing de Guerrilha e Marketing Direto."},{"@type":"BreadcrumbList","@id":"https:\/\/messageinabottle.pt\/servicos\/ativacao-de-marca\/#breadcrumb","itemListElement":[{"@type":"ListItem","position":1,"name":"Home","item":"https:\/\/messageinabottle.pt\/"},{"@type":"ListItem","position":2,"name":"Servi\u00e7os","item":"https:\/\/messageinabottle.pt\/servicos\/"},{"@type":"ListItem","position":3,"name":"Ativa\u00e7\u00e3o de Marca"}]},{"@type":"WebSite","@id":"https:\/\/messageinabottle.pt\/#website","url":"https:\/\/messageinabottle.pt\/","name":"Message In a Bottle","description":"Ag\u00eancia de Comunica\u00e7\u00e3o e Marketing","publisher":{"@id":"https:\/\/messageinabottle.pt\/#organization"},"potentialAction":[{"@type":"SearchAction","target":{"@type":"EntryPoint","urlTemplate":"https:\/\/messageinabottle.pt\/?s={search_term_string}"},"query-input":"required name=search_term_string"}],"inLanguage":"en-US"},{"@type":"Organization","@id":"https:\/\/messageinabottle.pt\/#organization","name":"Message in a Bottle | Ag\u00eancia de Comunica\u00e7\u00e3o e Marketing","url":"https:\/\/messageinabottle.pt\/","logo":{"@type":"ImageObject","inLanguage":"en-US","@id":"https:\/\/messageinabottle.pt\/#\/schema\/logo\/image\/","url":"https:\/\/messageinabottle.pt\/wp-content\/uploads\/2019\/06\/mib-logo.png","contentUrl":"https:\/\/messageinabottle.pt\/wp-content\/uploads\/2019\/06\/mib-logo.png","width":1721,"height":676,"caption":"Message in a Bottle | Ag\u00eancia de Comunica\u00e7\u00e3o e Marketing"},"image":{"@id":"https:\/\/messageinabottle.pt\/#\/schema\/logo\/image\/"},"sameAs":["https:\/\/www.facebook.com\/messageinbottle","https:\/\/x.com\/MibLx","https:\/\/www.instagram.com\/messageinabottle_agency\/","https:\/\/www.linkedin.com\/company\/miab---message-in-a-bottle","https:\/\/www.pinterest.pt\/mibconsulting\/"]}]}},"_links":{"self":[{"href":"https:\/\/messageinabottle.pt\/en\/wp-json\/wp\/v2\/pages\/18609"}],"collection":[{"href":"https:\/\/messageinabottle.pt\/en\/wp-json\/wp\/v2\/pages"}],"about":[{"href":"https:\/\/messageinabottle.pt\/en\/wp-json\/wp\/v2\/types\/page"}],"author":[{"embeddable":true,"href":"https:\/\/messageinabottle.pt\/en\/wp-json\/wp\/v2\/users\/10"}],"replies":[{"embeddable":true,"href":"https:\/\/messageinabottle.pt\/en\/wp-json\/wp\/v2\/comments?post=18609"}],"version-history":[{"count":7,"href":"https:\/\/messageinabottle.pt\/en\/wp-json\/wp\/v2\/pages\/18609\/revisions"}],"predecessor-version":[{"id":19917,"href":"https:\/\/messageinabottle.pt\/en\/wp-json\/wp\/v2\/pages\/18609\/revisions\/19917"}],"up":[{"embeddable":true,"href":"https:\/\/messageinabottle.pt\/en\/wp-json\/wp\/v2\/pages\/18584"}],"wp:featuredmedia":[{"embeddable":true,"href":"https:\/\/messageinabottle.pt\/en\/wp-json\/wp\/v2\/media\/18931"}],"wp:attachment":[{"href":"https:\/\/messageinabottle.pt\/en\/wp-json\/wp\/v2\/media?parent=18609"}],"curies":[{"name":"wp","href":"https:\/\/api.w.org\/{rel}","templated":true}]}}