{"id":19016,"date":"2019-06-21T19:01:32","date_gmt":"2019-06-21T22:01:32","guid":{"rendered":"https:\/\/messageinabottle.pt\/?page_id=19016"},"modified":"2021-05-14T19:07:15","modified_gmt":"2021-05-14T18:07:15","slug":"criacao-de-conteudos","status":"publish","type":"page","link":"https:\/\/messageinabottle.pt\/en\/servicos\/criacao-de-conteudos\/","title":{"rendered":"Content Creation"},"content":{"rendered":"<p>Content Creation Services &#8211; At Message in a Bottle we know how to tell a good story and we craft this story taking into account the best SEO practices and strategies while at the same time being able to guarantee an engaging, easy, and most importantly, credible reading.<\/p>\n<p>In our content creation process we follow a strategy that takes into account three pillars: the message that the client wants to convey, the way the reader \/ client should perceive it, and the algorithms of the main search engines.<\/p>\n<p>Based on these definitions, we are able to deliver original content that have success and impact in the different digital outlets. At the same time, we are able to promote the reputation and visibility of brands or companies while improving organic positioning in search engines such as Google.<\/p>\n<p>Are you interested in having better content for your brand? <a href=\"https:\/\/messageinabottle.pt\/en\/contactos\/\">Talk to us<\/a>!<\/p>","protected":false},"excerpt":{"rendered":"<p>We know how important a good story is! Content has a fundamental role, not only in the growth of brands but also in humanizing them. Stories that create emotions help bring your customers closer and make them more loyal, thus turning (just another) brand into a love brand.<\/p>\n","protected":false},"author":10,"featured_media":19038,"parent":18584,"menu_order":3,"comment_status":"closed","ping_status":"closed","template":"servicos-single.php","meta":{"_acf_changed":false,"footnotes":""},"acf":[],"yoast_head":"<!-- This site is optimized with the Yoast SEO plugin v22.5 - https:\/\/yoast.com\/wordpress\/plugins\/seo\/ -->\n<title>Cria\u00e7\u00e3o de Conte\u00fados - Ag\u00eancia de Comunica\u00e7\u00e3o e Marketing - Message in a Bottle<\/title>\n<meta name=\"description\" content=\"Cria\u00e7\u00e3o de Conte\u00fados - Sabemos como contar uma boa hist\u00f3ria e asseguramos a\u00a0sua cria\u00e7\u00e3o de conte\u00fados tendo em conta as melhores estrat\u00e9gias de SEO.\" \/>\n<meta name=\"robots\" content=\"index, follow, max-snippet:-1, max-image-preview:large, max-video-preview:-1\" \/>\n<link rel=\"canonical\" href=\"https:\/\/messageinabottle.pt\/servicos\/criacao-de-conteudos\/\" \/>\n<meta property=\"og:locale\" content=\"en_US\" \/>\n<meta property=\"og:type\" content=\"article\" \/>\n<meta property=\"og:title\" content=\"Cria\u00e7\u00e3o de Conte\u00fados - Ag\u00eancia de Comunica\u00e7\u00e3o e Marketing - Message in a Bottle\" \/>\n<meta property=\"og:description\" content=\"Cria\u00e7\u00e3o de Conte\u00fados - Sabemos como contar uma boa hist\u00f3ria e asseguramos a\u00a0sua cria\u00e7\u00e3o de conte\u00fados tendo em conta as melhores estrat\u00e9gias de SEO.\" \/>\n<meta property=\"og:url\" content=\"https:\/\/messageinabottle.pt\/servicos\/criacao-de-conteudos\/\" \/>\n<meta property=\"og:site_name\" content=\"Message In a Bottle\" \/>\n<meta property=\"article:publisher\" content=\"https:\/\/www.facebook.com\/messageinbottle\" \/>\n<meta property=\"article:modified_time\" content=\"2021-05-14T18:07:15+00:00\" \/>\n<meta property=\"og:image\" content=\"https:\/\/messageinabottle.pt\/wp-content\/uploads\/2019\/06\/copywriting.jpg\" \/>\n\t<meta property=\"og:image:width\" content=\"1920\" \/>\n\t<meta property=\"og:image:height\" content=\"1280\" \/>\n\t<meta property=\"og:image:type\" content=\"image\/jpeg\" \/>\n<meta name=\"twitter:card\" content=\"summary_large_image\" \/>\n<meta name=\"twitter:site\" content=\"@MibLx\" \/>\n<meta name=\"twitter:label1\" content=\"Est. reading time\" \/>\n\t<meta name=\"twitter:data1\" content=\"2 minutes\" \/>\n<script type=\"application\/ld+json\" class=\"yoast-schema-graph\">{\"@context\":\"https:\/\/schema.org\",\"@graph\":[{\"@type\":\"WebPage\",\"@id\":\"https:\/\/messageinabottle.pt\/servicos\/criacao-de-conteudos\/\",\"url\":\"https:\/\/messageinabottle.pt\/servicos\/criacao-de-conteudos\/\",\"name\":\"Cria\u00e7\u00e3o de Conte\u00fados - Ag\u00eancia de Comunica\u00e7\u00e3o e Marketing - Message in a Bottle\",\"isPartOf\":{\"@id\":\"https:\/\/messageinabottle.pt\/#website\"},\"primaryImageOfPage\":{\"@id\":\"https:\/\/messageinabottle.pt\/servicos\/criacao-de-conteudos\/#primaryimage\"},\"image\":{\"@id\":\"https:\/\/messageinabottle.pt\/servicos\/criacao-de-conteudos\/#primaryimage\"},\"thumbnailUrl\":\"https:\/\/messageinabottle.pt\/wp-content\/uploads\/2019\/06\/copywriting.jpg\",\"datePublished\":\"2019-06-21T22:01:32+00:00\",\"dateModified\":\"2021-05-14T18:07:15+00:00\",\"description\":\"Cria\u00e7\u00e3o de Conte\u00fados - Sabemos como contar uma boa hist\u00f3ria e asseguramos a\u00a0sua cria\u00e7\u00e3o de conte\u00fados tendo em conta as melhores estrat\u00e9gias de SEO.\",\"breadcrumb\":{\"@id\":\"https:\/\/messageinabottle.pt\/servicos\/criacao-de-conteudos\/#breadcrumb\"},\"inLanguage\":\"en-US\",\"potentialAction\":[{\"@type\":\"ReadAction\",\"target\":[\"https:\/\/messageinabottle.pt\/servicos\/criacao-de-conteudos\/\"]}]},{\"@type\":\"ImageObject\",\"inLanguage\":\"en-US\",\"@id\":\"https:\/\/messageinabottle.pt\/servicos\/criacao-de-conteudos\/#primaryimage\",\"url\":\"https:\/\/messageinabottle.pt\/wp-content\/uploads\/2019\/06\/copywriting.jpg\",\"contentUrl\":\"https:\/\/messageinabottle.pt\/wp-content\/uploads\/2019\/06\/copywriting.jpg\",\"width\":1920,\"height\":1280,\"caption\":\"Sabemos como se deve contar uma hist\u00f3ria! Os conte\u00fados t\u00eam um papel fundamental no crescimento sustent\u00e1vel das marcas e empresas, potenciando a aproxima\u00e7\u00e3o e a fideliza\u00e7\u00e3o destas com os seus clientes.\"},{\"@type\":\"BreadcrumbList\",\"@id\":\"https:\/\/messageinabottle.pt\/servicos\/criacao-de-conteudos\/#breadcrumb\",\"itemListElement\":[{\"@type\":\"ListItem\",\"position\":1,\"name\":\"Home\",\"item\":\"https:\/\/messageinabottle.pt\/\"},{\"@type\":\"ListItem\",\"position\":2,\"name\":\"Servi\u00e7os\",\"item\":\"https:\/\/messageinabottle.pt\/servicos\/\"},{\"@type\":\"ListItem\",\"position\":3,\"name\":\"Cria\u00e7\u00e3o de Conte\u00fados\"}]},{\"@type\":\"WebSite\",\"@id\":\"https:\/\/messageinabottle.pt\/#website\",\"url\":\"https:\/\/messageinabottle.pt\/\",\"name\":\"Message In a Bottle\",\"description\":\"Ag\u00eancia de Comunica\u00e7\u00e3o e Marketing\",\"publisher\":{\"@id\":\"https:\/\/messageinabottle.pt\/#organization\"},\"potentialAction\":[{\"@type\":\"SearchAction\",\"target\":{\"@type\":\"EntryPoint\",\"urlTemplate\":\"https:\/\/messageinabottle.pt\/?s={search_term_string}\"},\"query-input\":\"required name=search_term_string\"}],\"inLanguage\":\"en-US\"},{\"@type\":\"Organization\",\"@id\":\"https:\/\/messageinabottle.pt\/#organization\",\"name\":\"Message in a Bottle | Ag\u00eancia de Comunica\u00e7\u00e3o e Marketing\",\"url\":\"https:\/\/messageinabottle.pt\/\",\"logo\":{\"@type\":\"ImageObject\",\"inLanguage\":\"en-US\",\"@id\":\"https:\/\/messageinabottle.pt\/#\/schema\/logo\/image\/\",\"url\":\"https:\/\/messageinabottle.pt\/wp-content\/uploads\/2019\/06\/mib-logo.png\",\"contentUrl\":\"https:\/\/messageinabottle.pt\/wp-content\/uploads\/2019\/06\/mib-logo.png\",\"width\":1721,\"height\":676,\"caption\":\"Message in a Bottle | Ag\u00eancia de Comunica\u00e7\u00e3o e Marketing\"},\"image\":{\"@id\":\"https:\/\/messageinabottle.pt\/#\/schema\/logo\/image\/\"},\"sameAs\":[\"https:\/\/www.facebook.com\/messageinbottle\",\"https:\/\/x.com\/MibLx\",\"https:\/\/www.instagram.com\/messageinabottle_agency\/\",\"https:\/\/www.linkedin.com\/company\/miab---message-in-a-bottle\",\"https:\/\/www.pinterest.pt\/mibconsulting\/\"]}]}<\/script>\n<!-- \/ Yoast SEO plugin. -->","yoast_head_json":{"title":"Cria\u00e7\u00e3o de Conte\u00fados - Ag\u00eancia de Comunica\u00e7\u00e3o e Marketing - Message in a Bottle","description":"Cria\u00e7\u00e3o de Conte\u00fados - Sabemos como contar uma boa hist\u00f3ria e asseguramos a\u00a0sua cria\u00e7\u00e3o de conte\u00fados tendo em conta as melhores estrat\u00e9gias de SEO.","robots":{"index":"index","follow":"follow","max-snippet":"max-snippet:-1","max-image-preview":"max-image-preview:large","max-video-preview":"max-video-preview:-1"},"canonical":"https:\/\/messageinabottle.pt\/servicos\/criacao-de-conteudos\/","og_locale":"en_US","og_type":"article","og_title":"Cria\u00e7\u00e3o de Conte\u00fados - Ag\u00eancia de Comunica\u00e7\u00e3o e Marketing - Message in a Bottle","og_description":"Cria\u00e7\u00e3o de Conte\u00fados - Sabemos como contar uma boa hist\u00f3ria e asseguramos a\u00a0sua cria\u00e7\u00e3o de conte\u00fados tendo em conta as melhores estrat\u00e9gias de SEO.","og_url":"https:\/\/messageinabottle.pt\/servicos\/criacao-de-conteudos\/","og_site_name":"Message In a Bottle","article_publisher":"https:\/\/www.facebook.com\/messageinbottle","article_modified_time":"2021-05-14T18:07:15+00:00","og_image":[{"width":1920,"height":1280,"url":"https:\/\/messageinabottle.pt\/wp-content\/uploads\/2019\/06\/copywriting.jpg","type":"image\/jpeg"}],"twitter_card":"summary_large_image","twitter_site":"@MibLx","twitter_misc":{"Est. reading time":"2 minutes"},"schema":{"@context":"https:\/\/schema.org","@graph":[{"@type":"WebPage","@id":"https:\/\/messageinabottle.pt\/servicos\/criacao-de-conteudos\/","url":"https:\/\/messageinabottle.pt\/servicos\/criacao-de-conteudos\/","name":"Cria\u00e7\u00e3o de Conte\u00fados - Ag\u00eancia de Comunica\u00e7\u00e3o e Marketing - Message in a Bottle","isPartOf":{"@id":"https:\/\/messageinabottle.pt\/#website"},"primaryImageOfPage":{"@id":"https:\/\/messageinabottle.pt\/servicos\/criacao-de-conteudos\/#primaryimage"},"image":{"@id":"https:\/\/messageinabottle.pt\/servicos\/criacao-de-conteudos\/#primaryimage"},"thumbnailUrl":"https:\/\/messageinabottle.pt\/wp-content\/uploads\/2019\/06\/copywriting.jpg","datePublished":"2019-06-21T22:01:32+00:00","dateModified":"2021-05-14T18:07:15+00:00","description":"Cria\u00e7\u00e3o de Conte\u00fados - Sabemos como contar uma boa hist\u00f3ria e asseguramos a\u00a0sua cria\u00e7\u00e3o de conte\u00fados tendo em conta as melhores estrat\u00e9gias de SEO.","breadcrumb":{"@id":"https:\/\/messageinabottle.pt\/servicos\/criacao-de-conteudos\/#breadcrumb"},"inLanguage":"en-US","potentialAction":[{"@type":"ReadAction","target":["https:\/\/messageinabottle.pt\/servicos\/criacao-de-conteudos\/"]}]},{"@type":"ImageObject","inLanguage":"en-US","@id":"https:\/\/messageinabottle.pt\/servicos\/criacao-de-conteudos\/#primaryimage","url":"https:\/\/messageinabottle.pt\/wp-content\/uploads\/2019\/06\/copywriting.jpg","contentUrl":"https:\/\/messageinabottle.pt\/wp-content\/uploads\/2019\/06\/copywriting.jpg","width":1920,"height":1280,"caption":"Sabemos como se deve contar uma hist\u00f3ria! Os conte\u00fados t\u00eam um papel fundamental no crescimento sustent\u00e1vel das marcas e empresas, potenciando a aproxima\u00e7\u00e3o e a fideliza\u00e7\u00e3o destas com os seus clientes."},{"@type":"BreadcrumbList","@id":"https:\/\/messageinabottle.pt\/servicos\/criacao-de-conteudos\/#breadcrumb","itemListElement":[{"@type":"ListItem","position":1,"name":"Home","item":"https:\/\/messageinabottle.pt\/"},{"@type":"ListItem","position":2,"name":"Servi\u00e7os","item":"https:\/\/messageinabottle.pt\/servicos\/"},{"@type":"ListItem","position":3,"name":"Cria\u00e7\u00e3o de Conte\u00fados"}]},{"@type":"WebSite","@id":"https:\/\/messageinabottle.pt\/#website","url":"https:\/\/messageinabottle.pt\/","name":"Message In a Bottle","description":"Ag\u00eancia de Comunica\u00e7\u00e3o e Marketing","publisher":{"@id":"https:\/\/messageinabottle.pt\/#organization"},"potentialAction":[{"@type":"SearchAction","target":{"@type":"EntryPoint","urlTemplate":"https:\/\/messageinabottle.pt\/?s={search_term_string}"},"query-input":"required name=search_term_string"}],"inLanguage":"en-US"},{"@type":"Organization","@id":"https:\/\/messageinabottle.pt\/#organization","name":"Message in a Bottle | Ag\u00eancia de Comunica\u00e7\u00e3o e Marketing","url":"https:\/\/messageinabottle.pt\/","logo":{"@type":"ImageObject","inLanguage":"en-US","@id":"https:\/\/messageinabottle.pt\/#\/schema\/logo\/image\/","url":"https:\/\/messageinabottle.pt\/wp-content\/uploads\/2019\/06\/mib-logo.png","contentUrl":"https:\/\/messageinabottle.pt\/wp-content\/uploads\/2019\/06\/mib-logo.png","width":1721,"height":676,"caption":"Message in a Bottle | Ag\u00eancia de Comunica\u00e7\u00e3o e Marketing"},"image":{"@id":"https:\/\/messageinabottle.pt\/#\/schema\/logo\/image\/"},"sameAs":["https:\/\/www.facebook.com\/messageinbottle","https:\/\/x.com\/MibLx","https:\/\/www.instagram.com\/messageinabottle_agency\/","https:\/\/www.linkedin.com\/company\/miab---message-in-a-bottle","https:\/\/www.pinterest.pt\/mibconsulting\/"]}]}},"_links":{"self":[{"href":"https:\/\/messageinabottle.pt\/en\/wp-json\/wp\/v2\/pages\/19016"}],"collection":[{"href":"https:\/\/messageinabottle.pt\/en\/wp-json\/wp\/v2\/pages"}],"about":[{"href":"https:\/\/messageinabottle.pt\/en\/wp-json\/wp\/v2\/types\/page"}],"author":[{"embeddable":true,"href":"https:\/\/messageinabottle.pt\/en\/wp-json\/wp\/v2\/users\/10"}],"replies":[{"embeddable":true,"href":"https:\/\/messageinabottle.pt\/en\/wp-json\/wp\/v2\/comments?post=19016"}],"version-history":[{"count":8,"href":"https:\/\/messageinabottle.pt\/en\/wp-json\/wp\/v2\/pages\/19016\/revisions"}],"predecessor-version":[{"id":19908,"href":"https:\/\/messageinabottle.pt\/en\/wp-json\/wp\/v2\/pages\/19016\/revisions\/19908"}],"up":[{"embeddable":true,"href":"https:\/\/messageinabottle.pt\/en\/wp-json\/wp\/v2\/pages\/18584"}],"wp:featuredmedia":[{"embeddable":true,"href":"https:\/\/messageinabottle.pt\/en\/wp-json\/wp\/v2\/media\/19038"}],"wp:attachment":[{"href":"https:\/\/messageinabottle.pt\/en\/wp-json\/wp\/v2\/media?parent=19016"}],"curies":[{"name":"wp","href":"https:\/\/api.w.org\/{rel}","templated":true}]}}