{"id":19848,"date":"2021-02-22T15:44:11","date_gmt":"2021-02-22T15:44:11","guid":{"rendered":"https:\/\/messageinabottle.pt\/?page_id=19848"},"modified":"2021-05-14T19:06:27","modified_gmt":"2021-05-14T18:06:27","slug":"marketing-digital","status":"publish","type":"page","link":"https:\/\/messageinabottle.pt\/en\/servicos\/marketing-digital\/","title":{"rendered":"Marketing Digital"},"content":{"rendered":"<p>Increasing engagement between brands and their customers is the basis of all our Digital Marketing, always by sharing stories or relevant information that leads to decision-making. Learn more about our services:<\/p>\n<p>&nbsp;<\/p>\n<p><strong>Social Media Management (Instagram, Facebook, Linkedin and Tiktok)<\/strong><br \/>\nReach more people and communicate in the right way to the right audience through your social channels.<\/p>\n<p>&nbsp;<\/p>\n<p><strong>Digital Planning and Strategy<\/strong><br \/>\nWe create a modular planning and strategy based on the sales funnel, so that communication is organic, more personal and focused on solving your problems.<\/p>\n<p>&nbsp;<\/p>\n<p><strong>Digital Consulting<\/strong><br \/>\nDo you have a Marketing team, but still, need help with Digital? Contact us, we&#8217;ll help you achieve your goals.<\/p>\n<p>&nbsp;<\/p>\n<p><strong>Inbound Marketing (Marketing Automation)<\/strong><\/p>\n<p>All your digital channels integrated and focused on conversions and your needs. Communicate efficiently to your target and reach your goals with the Inbound Marketing strategy. Integration of forms on your website, creation of pop-ups to get leads, and also a customized strategy for your company to get conversions and more sales through specific content.<\/p>\n<p>&nbsp;<\/p>\n<p><strong>Management and Monitoring of Online Campaigns<\/strong><br \/>\nFacebook Ads, Instagram Ads, Linkedin Ads and Google Ads. Reach more people, make your brand relevant and known, sell more. Message in a Bottle helps you grow with caution, observation and strategy.<\/p>\n<p>&nbsp;<\/p>\n<p><strong>Data Analysis and Reporting from Contracted Digital Channels<\/strong><br \/>\nWe are concerned about presenting the results of your campaigns in a clear and detailed way, so you know what works for your brand and what can be improved.<\/p>\n<p>&nbsp;<\/p>\n<p><strong>SEO<\/strong><br \/>\nWe produce content that respects a good SEO conduct, from the organic and natural use of keywords to the complementation of links that favor Google&#8217;s crawling of your page.<\/p>\n<p>&nbsp;<\/p>\n<p>In short, we make your brand grow organically in a digital world in constant growth! <a href=\"https:\/\/messageinabottle.pt\/en\/contactos\/\">Contact us<\/a> and learn more!<\/p>","protected":false},"excerpt":{"rendered":"<p class=\"qtranxs-available-languages-message qtranxs-available-languages-message-en\">Sorry, this entry is only available in <a href=\"https:\/\/messageinabottle.pt\/pt\/wp-json\/wp\/v2\/pages\/19848\" class=\"qtranxs-available-language-link qtranxs-available-language-link-pt\" title=\"PT\">PT<\/a>. For the sake of viewer convenience, the content is shown below in the alternative language. You may click the link to switch the active language.<\/p>\n<p>Acreditamos na for\u00e7a do Digital. Aproveite os seus canais digitais para converter e ganhar mais visibilidade para a sua marca. N\u00f3s ajudamos a alcan\u00e7ar o seu objetivo atrav\u00e9s de uma estrat\u00e9gia organizada, focada nos seus objetivos e prioridades.<\/p>\n","protected":false},"author":10,"featured_media":19862,"parent":18584,"menu_order":2,"comment_status":"closed","ping_status":"closed","template":"servicos-single.php","meta":{"_acf_changed":false,"footnotes":""},"acf":[],"yoast_head":"<!-- This site is optimized with the Yoast SEO plugin v22.5 - https:\/\/yoast.com\/wordpress\/plugins\/seo\/ -->\n<title>Marketing Digital - Ag\u00eancia de Comunica\u00e7\u00e3o e Marketing - Message in a Bottle<\/title>\n<meta name=\"description\" content=\"Aumentar o envolvimento entre as marcas e os seus clientes \u00e9 a base de todo o nosso Marketing Digital, atrav\u00e9s da partilha de hist\u00f3rias relevantes.\" \/>\n<meta name=\"robots\" content=\"index, follow, max-snippet:-1, max-image-preview:large, max-video-preview:-1\" \/>\n<link rel=\"canonical\" href=\"https:\/\/messageinabottle.pt\/servicos\/marketing-digital\/\" \/>\n<meta property=\"og:locale\" content=\"en_US\" \/>\n<meta property=\"og:type\" content=\"article\" \/>\n<meta property=\"og:title\" content=\"[:pt]Marketing Digital - Ag\u00eancia de Comunica\u00e7\u00e3o e Marketing - Message in a Bottle[:]\" \/>\n<meta property=\"og:description\" content=\"{:pt}Aumentar o envolvimento entre as marcas e os seus clientes \u00e9 a base de todo o nosso Marketing Digital, atrav\u00e9s da partilha de hist\u00f3rias relevantes.{:}\" \/>\n<meta property=\"og:url\" content=\"https:\/\/messageinabottle.pt\/servicos\/marketing-digital\/\" \/>\n<meta property=\"og:site_name\" content=\"Message In a Bottle\" \/>\n<meta property=\"article:publisher\" content=\"https:\/\/www.facebook.com\/messageinbottle\" \/>\n<meta property=\"article:modified_time\" content=\"2021-05-14T18:06:27+00:00\" \/>\n<meta property=\"og:image\" content=\"https:\/\/messageinabottle.pt\/wp-content\/uploads\/2021\/02\/pexels-samson-katt-5256140.jpg\" \/>\n\t<meta property=\"og:image:width\" content=\"1920\" \/>\n\t<meta property=\"og:image:height\" content=\"1280\" \/>\n\t<meta property=\"og:image:type\" content=\"image\/jpeg\" \/>\n<meta name=\"twitter:card\" content=\"summary_large_image\" \/>\n<meta name=\"twitter:site\" content=\"@MibLx\" \/>\n<meta name=\"twitter:label1\" content=\"Est. reading time\" \/>\n\t<meta name=\"twitter:data1\" content=\"3 minutes\" \/>\n<script type=\"application\/ld+json\" class=\"yoast-schema-graph\">{\"@context\":\"https:\/\/schema.org\",\"@graph\":[{\"@type\":\"WebPage\",\"@id\":\"https:\/\/messageinabottle.pt\/servicos\/marketing-digital\/\",\"url\":\"https:\/\/messageinabottle.pt\/servicos\/marketing-digital\/\",\"name\":\"[:pt]Marketing Digital - Ag\u00eancia de Comunica\u00e7\u00e3o e Marketing - Message in a Bottle[:]\",\"isPartOf\":{\"@id\":\"https:\/\/messageinabottle.pt\/#website\"},\"primaryImageOfPage\":{\"@id\":\"https:\/\/messageinabottle.pt\/servicos\/marketing-digital\/#primaryimage\"},\"image\":{\"@id\":\"https:\/\/messageinabottle.pt\/servicos\/marketing-digital\/#primaryimage\"},\"thumbnailUrl\":\"https:\/\/messageinabottle.pt\/wp-content\/uploads\/2021\/02\/pexels-samson-katt-5256140.jpg\",\"datePublished\":\"2021-02-22T15:44:11+00:00\",\"dateModified\":\"2021-05-14T18:06:27+00:00\",\"description\":\"{:pt}Aumentar o envolvimento entre as marcas e os seus clientes \u00e9 a base de todo o nosso Marketing Digital, atrav\u00e9s da partilha de hist\u00f3rias relevantes.{:}\",\"breadcrumb\":{\"@id\":\"https:\/\/messageinabottle.pt\/servicos\/marketing-digital\/#breadcrumb\"},\"inLanguage\":\"en-US\",\"potentialAction\":[{\"@type\":\"ReadAction\",\"target\":[\"https:\/\/messageinabottle.pt\/servicos\/marketing-digital\/\"]}]},{\"@type\":\"ImageObject\",\"inLanguage\":\"en-US\",\"@id\":\"https:\/\/messageinabottle.pt\/servicos\/marketing-digital\/#primaryimage\",\"url\":\"https:\/\/messageinabottle.pt\/wp-content\/uploads\/2021\/02\/pexels-samson-katt-5256140.jpg\",\"contentUrl\":\"https:\/\/messageinabottle.pt\/wp-content\/uploads\/2021\/02\/pexels-samson-katt-5256140.jpg\",\"width\":1920,\"height\":1280,\"caption\":\"Aumentar o envolvimento entre as marcas e os seus clientes \u00e9 a base de todo o nosso marketing digital, sempre atrav\u00e9s da partilha de hist\u00f3rias ou de informa\u00e7\u00f5es relevantes que levem \u00e0s tomadas de decis\u00e3o.\"},{\"@type\":\"BreadcrumbList\",\"@id\":\"https:\/\/messageinabottle.pt\/servicos\/marketing-digital\/#breadcrumb\",\"itemListElement\":[{\"@type\":\"ListItem\",\"position\":1,\"name\":\"Home\",\"item\":\"https:\/\/messageinabottle.pt\/\"},{\"@type\":\"ListItem\",\"position\":2,\"name\":\"Servi\u00e7os\",\"item\":\"https:\/\/messageinabottle.pt\/servicos\/\"},{\"@type\":\"ListItem\",\"position\":3,\"name\":\"Marketing Digital\"}]},{\"@type\":\"WebSite\",\"@id\":\"https:\/\/messageinabottle.pt\/#website\",\"url\":\"https:\/\/messageinabottle.pt\/\",\"name\":\"Message In a Bottle\",\"description\":\"Ag\u00eancia de Comunica\u00e7\u00e3o e Marketing\",\"publisher\":{\"@id\":\"https:\/\/messageinabottle.pt\/#organization\"},\"potentialAction\":[{\"@type\":\"SearchAction\",\"target\":{\"@type\":\"EntryPoint\",\"urlTemplate\":\"https:\/\/messageinabottle.pt\/?s={search_term_string}\"},\"query-input\":\"required name=search_term_string\"}],\"inLanguage\":\"en-US\"},{\"@type\":\"Organization\",\"@id\":\"https:\/\/messageinabottle.pt\/#organization\",\"name\":\"Message in a Bottle | Ag\u00eancia de Comunica\u00e7\u00e3o e Marketing\",\"url\":\"https:\/\/messageinabottle.pt\/\",\"logo\":{\"@type\":\"ImageObject\",\"inLanguage\":\"en-US\",\"@id\":\"https:\/\/messageinabottle.pt\/#\/schema\/logo\/image\/\",\"url\":\"https:\/\/messageinabottle.pt\/wp-content\/uploads\/2019\/06\/mib-logo.png\",\"contentUrl\":\"https:\/\/messageinabottle.pt\/wp-content\/uploads\/2019\/06\/mib-logo.png\",\"width\":1721,\"height\":676,\"caption\":\"Message in a Bottle | Ag\u00eancia de Comunica\u00e7\u00e3o e Marketing\"},\"image\":{\"@id\":\"https:\/\/messageinabottle.pt\/#\/schema\/logo\/image\/\"},\"sameAs\":[\"https:\/\/www.facebook.com\/messageinbottle\",\"https:\/\/x.com\/MibLx\",\"https:\/\/www.instagram.com\/messageinabottle_agency\/\",\"https:\/\/www.linkedin.com\/company\/miab---message-in-a-bottle\",\"https:\/\/www.pinterest.pt\/mibconsulting\/\"]}]}<\/script>\n<!-- \/ Yoast SEO plugin. -->","yoast_head_json":{"title":"Marketing Digital - Ag\u00eancia de Comunica\u00e7\u00e3o e Marketing - Message in a Bottle","description":"Aumentar o envolvimento entre as marcas e os seus clientes \u00e9 a base de todo o nosso Marketing Digital, atrav\u00e9s da partilha de hist\u00f3rias relevantes.","robots":{"index":"index","follow":"follow","max-snippet":"max-snippet:-1","max-image-preview":"max-image-preview:large","max-video-preview":"max-video-preview:-1"},"canonical":"https:\/\/messageinabottle.pt\/servicos\/marketing-digital\/","og_locale":"en_US","og_type":"article","og_title":"[:pt]Marketing Digital - Ag\u00eancia de Comunica\u00e7\u00e3o e Marketing - Message in a Bottle[:]","og_description":"{:pt}Aumentar o envolvimento entre as marcas e os seus clientes \u00e9 a base de todo o nosso Marketing Digital, atrav\u00e9s da partilha de hist\u00f3rias relevantes.{:}","og_url":"https:\/\/messageinabottle.pt\/servicos\/marketing-digital\/","og_site_name":"Message In a Bottle","article_publisher":"https:\/\/www.facebook.com\/messageinbottle","article_modified_time":"2021-05-14T18:06:27+00:00","og_image":[{"width":1920,"height":1280,"url":"https:\/\/messageinabottle.pt\/wp-content\/uploads\/2021\/02\/pexels-samson-katt-5256140.jpg","type":"image\/jpeg"}],"twitter_card":"summary_large_image","twitter_site":"@MibLx","twitter_misc":{"Est. reading time":"3 minutes"},"schema":{"@context":"https:\/\/schema.org","@graph":[{"@type":"WebPage","@id":"https:\/\/messageinabottle.pt\/servicos\/marketing-digital\/","url":"https:\/\/messageinabottle.pt\/servicos\/marketing-digital\/","name":"[:pt]Marketing Digital - Ag\u00eancia de Comunica\u00e7\u00e3o e Marketing - Message in a Bottle[:]","isPartOf":{"@id":"https:\/\/messageinabottle.pt\/#website"},"primaryImageOfPage":{"@id":"https:\/\/messageinabottle.pt\/servicos\/marketing-digital\/#primaryimage"},"image":{"@id":"https:\/\/messageinabottle.pt\/servicos\/marketing-digital\/#primaryimage"},"thumbnailUrl":"https:\/\/messageinabottle.pt\/wp-content\/uploads\/2021\/02\/pexels-samson-katt-5256140.jpg","datePublished":"2021-02-22T15:44:11+00:00","dateModified":"2021-05-14T18:06:27+00:00","description":"{:pt}Aumentar o envolvimento entre as marcas e os seus clientes \u00e9 a base de todo o nosso Marketing Digital, atrav\u00e9s da partilha de hist\u00f3rias relevantes.{:}","breadcrumb":{"@id":"https:\/\/messageinabottle.pt\/servicos\/marketing-digital\/#breadcrumb"},"inLanguage":"en-US","potentialAction":[{"@type":"ReadAction","target":["https:\/\/messageinabottle.pt\/servicos\/marketing-digital\/"]}]},{"@type":"ImageObject","inLanguage":"en-US","@id":"https:\/\/messageinabottle.pt\/servicos\/marketing-digital\/#primaryimage","url":"https:\/\/messageinabottle.pt\/wp-content\/uploads\/2021\/02\/pexels-samson-katt-5256140.jpg","contentUrl":"https:\/\/messageinabottle.pt\/wp-content\/uploads\/2021\/02\/pexels-samson-katt-5256140.jpg","width":1920,"height":1280,"caption":"Aumentar o envolvimento entre as marcas e os seus clientes \u00e9 a base de todo o nosso marketing digital, sempre atrav\u00e9s da partilha de hist\u00f3rias ou de informa\u00e7\u00f5es relevantes que levem \u00e0s tomadas de decis\u00e3o."},{"@type":"BreadcrumbList","@id":"https:\/\/messageinabottle.pt\/servicos\/marketing-digital\/#breadcrumb","itemListElement":[{"@type":"ListItem","position":1,"name":"Home","item":"https:\/\/messageinabottle.pt\/"},{"@type":"ListItem","position":2,"name":"Servi\u00e7os","item":"https:\/\/messageinabottle.pt\/servicos\/"},{"@type":"ListItem","position":3,"name":"Marketing Digital"}]},{"@type":"WebSite","@id":"https:\/\/messageinabottle.pt\/#website","url":"https:\/\/messageinabottle.pt\/","name":"Message In a Bottle","description":"Ag\u00eancia de Comunica\u00e7\u00e3o e Marketing","publisher":{"@id":"https:\/\/messageinabottle.pt\/#organization"},"potentialAction":[{"@type":"SearchAction","target":{"@type":"EntryPoint","urlTemplate":"https:\/\/messageinabottle.pt\/?s={search_term_string}"},"query-input":"required name=search_term_string"}],"inLanguage":"en-US"},{"@type":"Organization","@id":"https:\/\/messageinabottle.pt\/#organization","name":"Message in a Bottle | Ag\u00eancia de Comunica\u00e7\u00e3o e Marketing","url":"https:\/\/messageinabottle.pt\/","logo":{"@type":"ImageObject","inLanguage":"en-US","@id":"https:\/\/messageinabottle.pt\/#\/schema\/logo\/image\/","url":"https:\/\/messageinabottle.pt\/wp-content\/uploads\/2019\/06\/mib-logo.png","contentUrl":"https:\/\/messageinabottle.pt\/wp-content\/uploads\/2019\/06\/mib-logo.png","width":1721,"height":676,"caption":"Message in a Bottle | Ag\u00eancia de Comunica\u00e7\u00e3o e Marketing"},"image":{"@id":"https:\/\/messageinabottle.pt\/#\/schema\/logo\/image\/"},"sameAs":["https:\/\/www.facebook.com\/messageinbottle","https:\/\/x.com\/MibLx","https:\/\/www.instagram.com\/messageinabottle_agency\/","https:\/\/www.linkedin.com\/company\/miab---message-in-a-bottle","https:\/\/www.pinterest.pt\/mibconsulting\/"]}]}},"_links":{"self":[{"href":"https:\/\/messageinabottle.pt\/en\/wp-json\/wp\/v2\/pages\/19848"}],"collection":[{"href":"https:\/\/messageinabottle.pt\/en\/wp-json\/wp\/v2\/pages"}],"about":[{"href":"https:\/\/messageinabottle.pt\/en\/wp-json\/wp\/v2\/types\/page"}],"author":[{"embeddable":true,"href":"https:\/\/messageinabottle.pt\/en\/wp-json\/wp\/v2\/users\/10"}],"replies":[{"embeddable":true,"href":"https:\/\/messageinabottle.pt\/en\/wp-json\/wp\/v2\/comments?post=19848"}],"version-history":[{"count":21,"href":"https:\/\/messageinabottle.pt\/en\/wp-json\/wp\/v2\/pages\/19848\/revisions"}],"predecessor-version":[{"id":19904,"href":"https:\/\/messageinabottle.pt\/en\/wp-json\/wp\/v2\/pages\/19848\/revisions\/19904"}],"up":[{"embeddable":true,"href":"https:\/\/messageinabottle.pt\/en\/wp-json\/wp\/v2\/pages\/18584"}],"wp:featuredmedia":[{"embeddable":true,"href":"https:\/\/messageinabottle.pt\/en\/wp-json\/wp\/v2\/media\/19862"}],"wp:attachment":[{"href":"https:\/\/messageinabottle.pt\/en\/wp-json\/wp\/v2\/media?parent=19848"}],"curies":[{"name":"wp","href":"https:\/\/api.w.org\/{rel}","templated":true}]}}